{"id":1098,"date":"2019-06-22T07:45:09","date_gmt":"2019-06-22T07:45:09","guid":{"rendered":"https:\/\/sitolor.hr\/?page_id=1098"},"modified":"2024-09-17T07:02:06","modified_gmt":"2024-09-17T07:02:06","slug":"o-nama","status":"publish","type":"page","link":"https:\/\/sitolor.hr\/hr\/o-nama\/","title":{"rendered":"O nama"},"content":{"rendered":"[vc_row thb_full_width=&#8221;true&#8221; thb_row_padding=&#8221;true&#8221; thb_column_padding=&#8221;true&#8221; content_placement=&#8221;middle&#8221;][vc_column thb_color=&#8221;thb-light-column&#8221; width=&#8221;1\/2&#8243; css=&#8221;.vc_custom_1562569080822{padding-top: 10% !important;padding-right: 20% !important;padding-bottom: 10% !important;padding-left: 20% !important;background-color: #2e3292 !important;}&#8221;][vc_empty_space height=&#8221;62px&#8221;]\t<div id=\"thb-slidetype-69e93cc509e14\" class=\"thb-slidetype \" data-style=\"style1\">\n\t\t\n<h1><span class=\"thb-slidetype-entry\"><span class=\"lines\">Sitolor d.o.o.<\/span><\/span><\/h1>\n\t\t\t<\/div>\n\n\t[vc_column_text animation=&#8221;animation fade-in&#8221;]<span style=\"color: #ffffff;\">Pouzdan partner za izgradnju, sanacije i rekonstrukcije in\u017eenjerskih konstrukcija i izvo\u0111enje specijalisti\u010dkih radova u gra\u0111evinarstvu.<\/span>[\/vc_column_text][vc_empty_space height=&#8221;12px&#8221;]\t<div id=\"thb-image-69e93cc509e7a\" class=\"caption-style1  alignleft   thb_image_link wp-caption \">\n\t\t\t<div class=\"thb-image-inner size_100\">\n\t\t\t\t\t\t\t\t<\/div>\n\t\t\t\t\t<\/div>\n\t[\/vc_column][vc_column width=&#8221;1\/2&#8243; css=&#8221;.vc_custom_1563442753729{padding-top: 30% !important;padding-right: 30% !important;padding-bottom: 30% !important;padding-left: 30% !important;background-image: url(https:\/\/sitolor.hr\/wp-content\/uploads\/2019\/07\/sitolor-radnici-gradnja-1366.jpg?id=2646) !important;background-position: center !important;background-repeat: no-repeat !important;background-size: cover !important;}&#8221; el_class=&#8221;text-center&#8221;][vc_empty_space][\/vc_column][\/vc_row][vc_row thb_full_width=&#8221;true&#8221; thb_row_padding=&#8221;true&#8221; thb_column_padding=&#8221;true&#8221; content_placement=&#8221;middle&#8221;][vc_column width=&#8221;1\/2&#8243; css=&#8221;.vc_custom_1579544388571{padding-top: 12% !important;padding-right: 12% !important;padding-bottom: 12% !important;padding-left: 12% !important;background-image: url(https:\/\/sitolor.hr\/wp-content\/uploads\/2019\/07\/krcki-most-sitolor-projekti-960@2x-002.jpg?id=2588) !important;background-position: center !important;background-repeat: no-repeat !important;background-size: cover !important;}&#8221; el_class=&#8221;text-center&#8221;][vc_empty_space height=&#8221;16px&#8221;]\t<div id=\"thb-video-lightbox-69e93cc50a7a9\" class=\"thb-video-lightbox lightbox-style1  thb-video-lightbox-icon-style-style3  large \">\n\t\t<a href=\"https:\/\/www.youtube.com\/watch?v=z2L6DxRxQWQ\" class=\"thb-video-link mfp-video\"><\/a>\n\t\t\t\t<svg version=\"1.1\" class=\"thb-play-02\" xmlns=\"http:\/\/www.w3.org\/2000\/svg\" xmlns:xlink=\"http:\/\/www.w3.org\/1999\/xlink\" x=\"0px\" y=\"0px\" width=\"80px\" height=\"80px\" viewBox=\"0 0 80 80\" enable-background=\"new 0 0 80 80\" xml:space=\"preserve\">\n\t<path d=\"M34.833,51.753c-0.357,0-0.715-0.091-1.037-0.274c-0.659-0.374-1.066-1.073-1.066-1.831V28.192\n\t\tc0-0.758,0.407-1.458,1.066-1.832c0.659-0.373,1.469-0.362,2.119,0.027l17.883,10.729c0.633,0.379,1.021,1.064,1.021,1.803\n\t\ts-0.389,1.423-1.021,1.803L35.915,51.451C35.582,51.653,35.207,51.753,34.833,51.753z M36.937,31.907v14.027l11.69-7.014\n\t\tL36.937,31.907z\"><\/path>\n\t<circle class=\"circle1\" cx=\"40\" cy=\"40\" r=\"38\"><\/circle>\n\t<circle class=\"circle1 circle2\" cx=\"40\" cy=\"40\" r=\"38\"><\/circle>\n<\/svg>\t\t\t\t<style>\n\t\t\t\t\t\t\t#thb-video-lightbox-69e93cc50a7a9 svg {\n\t\t\t\t\tfill: #ffffff;\n\t\t\t\t}\n\t\t\t\t#thb-video-lightbox-69e93cc50a7a9 svg.thb-play-02 .circle1 {\n\t\t\t\t\tstroke: #ffffff;\n\t\t\t\t}\n\t\t\t\t#thb-video-lightbox-69e93cc50a7a9.thb-video-lightbox-icon-style-style4 .thb-video-text {\n\t\t\t\t\tcolor: #ffffff;\n\t\t\t\t}\n\t\t\t\t\t\t\t\t\t<\/style>\n\t<\/div>\n\t[vc_empty_space height=&#8221;16px&#8221;]\t<div id=\"thb-slidetype-69e93cc50a865\" class=\"thb-slidetype \" data-style=\"style1\">\n\t\t\n<h3><span class=\"thb-slidetype-entry\"><span class=\"lines\">Video Sitolor - 30. godina<\/span><\/span><\/h3>\n\t\t\t\t<style>\n\t\t\t#thb-slidetype-69e93cc50a865 .thb-slidetype-entry {\n\t\t\t\tcolor: #ffffff;\n\t\t\t}\n\t\t<\/style>\n\t\t\t<\/div>\n\n\t[\/vc_column][vc_column width=&#8221;1\/2&#8243; css=&#8221;.vc_custom_1578748537943{padding-top: 10% !important;padding-right: 12% !important;padding-bottom: 10% !important;padding-left: 12% !important;background-color: #ffffff !important;}&#8221;][vc_empty_space height=&#8221;42px&#8221;]\t<div id=\"thb-slidetype-69e93cc50a8a0\" class=\"thb-slidetype \" data-style=\"style1\">\n\t\t\n<h2><span class=\"thb-slidetype-entry\"><span class=\"lines\">Ponosni na ono \u0161to radimo<br \/>\nve\u0107 35 godina<\/span><\/span><\/h2>\n\t\t\t<\/div>\n\n\t[vc_empty_space height=&#8221;12px&#8221;][vc_column_text animation=&#8221;animation bottom-to-top&#8221;]<span style=\"color: #121212;\"> Dru\u0161tvo Sitolor d.o.o. Slavonski Brod, Hrvatska (EU), je projektno organizirana, tr\u017ei\u0161no orijentirana i dinami\u010dna gra\u0111evinska tvrtka koja je osnovana 1989. godine. Tijekom 35 godina poslovanja diljem Hrvatske i regije, Sitolor d.o.o. Slavonski Brod je izrastao u kompaniju koja po svojim poslovnim rezultatima pripada vode\u0107im tvrtkama za izgradnju, sanacije i rekonstrukcije in\u017eenjerskih konstrukcija, te izvo\u0111enja specijalisti\u010dkih radova u gra\u0111evinarstvu. <\/span><\/p>\n<p><span style=\"color: #121212;\">Kompanija je u 100% privatnom vlasni\u0161tvu. Opremljena je vlastitom upravnom zgradom, proizvodnom halom, opremom, strojevima i voznim parkom. Od svog osnutka do danas Sitolor d.o.o. je sudjelovao u rekonstrukcijama i sanacijama mnogobrojnih objekata, uklju\u010duju\u0107i objekte cestovne i \u017eeljezni\u010dke infrastrukture, energetske infrastrukture te gra\u0111evina industrijskog i prehrambenog sektora. Osim izvo\u0111enja radova za doma\u0107e i strane investitore Sitolor d.o.o uspje\u0161no sudjeluje na tr\u017ei\u0161tu nekretnina i kroz realizaciju vlastitih investicijskih projekata.<br \/>\nOslanjaju\u0107i se na obiteljsko naslje\u0111e koje traje vi\u0161e od 35 godina, nastavit \u0107emo s odgovornim poslovanjem i razvijati operativnu sinergiju razli\u010ditih stru\u010dnosti pri realizaciji svakog projekta. <\/span>[\/vc_column_text][vc_row_inner thb_max_width=&#8221;&#8221; content_placement=&#8221;middle&#8221; el_class=&#8221;align-center&#8221;][vc_column_inner width=&#8221;1\/3&#8243;]\t<div id=\"thb-image-69e93cc50a8dd\" class=\"caption-style1  aligncenter full  thb_image_link wp-caption \">\n\t\t\t<div class=\"thb-image-inner size_100\">\n\t\t\t<img width=\"200\" height=\"200\" src=\"data:image\/gif;base64,R0lGODlhAQABAAAAACH5BAEKAAEALAAAAAABAAEAAAICTAEAOw==\" class=\"thb_image    attachment-full thb-lazyload lazyload\" alt=\"SITOLOR BONITET IZVRSNOSTI\" title=\"banner BONITET\" data-src=\"https:\/\/sitolor.hr\/wp-content\/uploads\/2021\/09\/banner-BONITET-e1631519622164.png\" data-sizes=\"auto\" \/>\t\t\t\t\t<\/div>\n\t\t\t\t\t<\/div>\n\t[\/vc_column_inner][vc_column_inner width=&#8221;1\/3&#8243;][vc_gallery gallery_type=&#8221;thb-portfolio&#8221; lightbox=&#8221;mfp-gallery&#8221; images=&#8221;6144&#8243; img_size=&#8221;full&#8221;][\/vc_column_inner][vc_column_inner width=&#8221;1\/3&#8243;]\t<div id=\"thb-image-69e93cc50b5a4\" class=\"caption-style1  aligncenter   thb_image_link wp-caption \">\n\t\t\t<div class=\"thb-image-inner size_100\">\n\t\t\t<img width=\"200\" height=\"200\" src=\"data:image\/gif;base64,R0lGODlhAQABAAAAACH5BAEKAAEALAAAAAABAAEAAAICTAEAOw==\" class=\"thb_image    attachment-full thb-lazyload lazyload\" alt=\"\" title=\"bv\" data-src=\"https:\/\/sitolor.hr\/wp-content\/uploads\/2019\/09\/bv.gif\" data-sizes=\"auto\" \/>\t\t\t\t\t<\/div>\n\t\t\t\t\t<\/div>\n\t[\/vc_column_inner][\/vc_row_inner][\/vc_column][\/vc_row][vc_row thb_full_width=&#8221;true&#8221; thb_row_padding=&#8221;true&#8221; thb_column_padding=&#8221;true&#8221;][vc_column thb_color=&#8221;thb-light-column&#8221; width=&#8221;1\/2&#8243;][vc_row_inner thb_max_width=&#8221;&#8221; thb_column_padding=&#8221;true&#8221; css=&#8221;.vc_custom_1560437086515{background-color: #2eb8f6 !important;}&#8221;][vc_column_inner width=&#8221;1\/2&#8243; css=&#8221;.vc_custom_1560484906089{padding-top: 20% !important;padding-right: 20% !important;padding-bottom: 20% !important;padding-left: 20% !important;background-image: url(https:\/\/sitolor.hr\/wp-content\/uploads\/2019\/06\/Sitolor-2.jpg?id=524) !important;background-position: center !important;background-repeat: no-repeat !important;background-size: cover !important;}&#8221;][\/vc_column_inner][vc_column_inner width=&#8221;1\/2&#8243; css=&#8221;.vc_custom_1534086258124{padding: 12% !important;}&#8221;][vc_column_text css=&#8221;.vc_custom_1562566552446{padding-right: 10% !important;}&#8221;]\n<h3>Kako radimo \u2014 Politika kvalitete<\/h3>\n[\/vc_column_text][vc_empty_space height=&#8221;7vh&#8221;]\t<a id=\"thb-button-69e93cc50c1cf\" class=\"btn style2 medium  white no-radius animation fade-in   arrow-enabled\" href=\"https:\/\/sitolor.hr\/hr\/politika-kvalitete\/\" target=\"_self\" role=\"button\">\n\t\t<span>Vi\u0161e<\/span>\n\t<svg xmlns=\"http:\/\/www.w3.org\/2000\/svg\" xmlns:xlink=\"http:\/\/www.w3.org\/1999\/xlink\" x=\"0px\" y=\"0px\"\r\n\t width=\"30px\" height=\"18px\" viewBox=\"0 0 30 18\" enable-background=\"new 0 0 30 18\" xml:space=\"preserve\">\r\n<path class=\"handle\" d=\"M20.305,16.212c-0.407,0.409-0.407,1.071,0,1.479s1.068,0.408,1.476,0l7.914-7.952c0.408-0.409,0.408-1.071,0-1.481\r\n\tl-7.914-7.952c-0.407-0.409-1.068-0.409-1.476,0s-0.407,1.071,0,1.48l7.185,7.221L20.305,16.212z\"\/>\r\n<path class=\"bar\" fill-rule=\"evenodd\" clip-rule=\"evenodd\" d=\"M1,8h28.001c0.551,0,1,0.448,1,1c0,0.553-0.449,1-1,1H1c-0.553,0-1-0.447-1-1\r\n\tC0,8.448,0.447,8,1,8z\"\/>\r\n<\/svg>\r\n\t\t<\/a>\n\t\t[\/vc_column_inner][\/vc_row_inner][vc_row_inner thb_max_width=&#8221;&#8221; thb_column_padding=&#8221;true&#8221; css=&#8221;.vc_custom_1557835036108{background-color: #bcbcbc !important;}&#8221;][vc_column_inner width=&#8221;1\/2&#8243; css=&#8221;.vc_custom_1534086265148{padding: 12% !important;}&#8221;][vc_column_text css=&#8221;.vc_custom_1562538776183{padding-right: 10% !important;}&#8221;]\n<h3>Na\u0161 tim<\/h3>\n[\/vc_column_text][vc_empty_space height=&#8221;7vh&#8221;]\t<a id=\"thb-button-69e93cc50c265\" class=\"btn style2 medium  white no-radius animation fade-in   arrow-enabled\" href=\"https:\/\/sitolor.hr\/hr\/nas-tim\/\" target=\"_self\" role=\"button\">\n\t\t<span>Vi\u0161e<\/span>\n\t<svg xmlns=\"http:\/\/www.w3.org\/2000\/svg\" xmlns:xlink=\"http:\/\/www.w3.org\/1999\/xlink\" x=\"0px\" y=\"0px\"\r\n\t width=\"30px\" height=\"18px\" viewBox=\"0 0 30 18\" enable-background=\"new 0 0 30 18\" xml:space=\"preserve\">\r\n<path class=\"handle\" d=\"M20.305,16.212c-0.407,0.409-0.407,1.071,0,1.479s1.068,0.408,1.476,0l7.914-7.952c0.408-0.409,0.408-1.071,0-1.481\r\n\tl-7.914-7.952c-0.407-0.409-1.068-0.409-1.476,0s-0.407,1.071,0,1.48l7.185,7.221L20.305,16.212z\"\/>\r\n<path class=\"bar\" fill-rule=\"evenodd\" clip-rule=\"evenodd\" d=\"M1,8h28.001c0.551,0,1,0.448,1,1c0,0.553-0.449,1-1,1H1c-0.553,0-1-0.447-1-1\r\n\tC0,8.448,0.447,8,1,8z\"\/>\r\n<\/svg>\r\n\t\t<\/a>\n\t\t[\/vc_column_inner][vc_column_inner width=&#8221;1\/2&#8243; css=&#8221;.vc_custom_1563442790335{padding-top: 20% !important;padding-right: 20% !important;padding-bottom: 20% !important;padding-left: 20% !important;background-image: url(https:\/\/sitolor.hr\/wp-content\/uploads\/2019\/07\/sitolor-radnici-usavrsavanje-1366.jpg?id=2652) !important;background-position: center !important;background-repeat: no-repeat !important;background-size: cover !important;}&#8221;][\/vc_column_inner][\/vc_row_inner][\/vc_column][vc_column parallax=&#8221;content-moving&#8221; width=&#8221;1\/2&#8243; css=&#8221;.vc_custom_1560484539564{padding-top: 20% !important;padding-right: 20% !important;padding-bottom: 20% !important;padding-left: 20% !important;background-image: url(https:\/\/sitolor.hr\/wp-content\/uploads\/2019\/06\/Sitolor-1.jpg?id=518) !important;background-position: center !important;background-repeat: no-repeat !important;background-size: cover !important;}&#8221;][\/vc_column][\/vc_row][vc_row el_class=&#8221;align-center&#8221; css=&#8221;.vc_custom_1557422990594{padding-top: 100px !important;}&#8221;][vc_column offset=&#8221;vc_col-lg-offset-1 vc_col-lg-8 vc_col-md-offset-1 vc_col-md-8&#8243; el_class=&#8221;text-center&#8221;]\t<div id=\"thb-slidetype-69e93cc50c2aa\" class=\"thb-slidetype text-center\" data-style=\"style1\">\n\t\t\n<h2><span class=\"thb-slidetype-entry\"><span class=\"lines\">Na\u0161e bro\u0161ure<\/span><\/span><\/h2>\n\t\t\t<\/div>\n\n\t[vc_empty_space height=&#8221;10px&#8221;][\/vc_column][\/vc_row][vc_row css=&#8221;.vc_custom_1579543624333{padding-top: 6vh !important;padding-bottom: 12vh !important;}&#8221;][vc_column][vc_row_inner css=&#8221;.vc_custom_1562599903520{padding-right: 6% !important;padding-left: 6% !important;}&#8221;][vc_column_inner width=&#8221;1\/2&#8243;]\t<div id=\"thb-image-69e93cc50c2f2\" class=\"caption-style2 animation fade-in aligncenter  text-center thb_image_link wp-caption \">\n\t\t\t<a class=\"\" href=\"http:\/\/sitolor.hr\/new\/wp-content\/uploads\/2019\/08\/Kodeks-ponasanja.pdf\" target=\"_blank\" title=\"Preuzmite &quot;Kodeks pona\u0161anja dru\u0161tva Sitolor d.o.o.&quot; (PDF)\" data-thb-group=\"\">\n\t\t\t<div class=\"thb-image-inner size_100\">\n\t\t\t<img width=\"330\" height=\"480\" src=\"data:image\/gif;base64,R0lGODlhAQABAAAAACH5BAEKAAEALAAAAAABAAEAAAICTAEAOw==\" class=\"thb_image    attachment-full thb-lazyload lazyload\" alt=\"\" title=\"sitolor_kodeks_2019_img\" sizes=\"(max-width: 330px) 100vw, 330px\" data-src=\"https:\/\/sitolor.hr\/wp-content\/uploads\/2019\/08\/sitolor_kodeks_2019_img.jpg\" data-sizes=\"auto\" data-srcset=\"https:\/\/sitolor.hr\/wp-content\/uploads\/2019\/08\/sitolor_kodeks_2019_img.jpg 330w, https:\/\/sitolor.hr\/wp-content\/uploads\/2019\/08\/sitolor_kodeks_2019_img-206x300.jpg 206w, https:\/\/sitolor.hr\/wp-content\/uploads\/2019\/08\/sitolor_kodeks_2019_img-190x276.jpg 190w, https:\/\/sitolor.hr\/wp-content\/uploads\/2019\/08\/sitolor_kodeks_2019_img-20x29.jpg 20w\" \/>\t\t\t\t\t<\/div>\n\t\t\t<\/a>\n\t\t\t\t\t<div class=\"thb-image-content\">\n\t\tPreuzmite &#8220;Kodeks pona\u0161anja dru\u0161tva Sitolor d.o.o.&#8221;<br \/>\n<small>(PDF &#8211; 6.6MB)<\/small>\t\t<\/div>\n\t\t\t\t<style>\n\t\t\t\t#thb-image-69e93cc50c2f2,\n\t\t\t\t#thb-image-69e93cc50c2f2 img {\n\t\t\t\t\tborder-radius: 8;\n\t\t\t\t}\n\t\t<\/style>\n\t\t<\/div>\n\t[\/vc_column_inner][vc_column_inner width=&#8221;1\/2&#8243;]\t<div id=\"thb-image-69e93cc50cee7\" class=\"caption-style2 animation fade-in aligncenter  text-center thb_image_link wp-caption \">\n\t\t\t<a class=\"\" href=\"https:\/\/sitolor.hr\/wp-content\/uploads\/2020\/01\/SitolorBrosura03092019-WEBhrv_compressed.pdf\" target=\"_blank\" title=\"Preuzmite\" data-thb-group=\"\">\n\t\t\t<div class=\"thb-image-inner size_100\">\n\t\t\t<img width=\"330\" height=\"480\" src=\"data:image\/gif;base64,R0lGODlhAQABAAAAACH5BAEKAAEALAAAAAABAAEAAAICTAEAOw==\" class=\"thb_image    attachment-full thb-lazyload lazyload\" alt=\"\" title=\"sitolor_brosura_2019_img\" sizes=\"(max-width: 330px) 100vw, 330px\" data-src=\"https:\/\/sitolor.hr\/wp-content\/uploads\/2019\/08\/sitolor_brosura_2019_img.jpg\" data-sizes=\"auto\" data-srcset=\"https:\/\/sitolor.hr\/wp-content\/uploads\/2019\/08\/sitolor_brosura_2019_img.jpg 330w, https:\/\/sitolor.hr\/wp-content\/uploads\/2019\/08\/sitolor_brosura_2019_img-206x300.jpg 206w, https:\/\/sitolor.hr\/wp-content\/uploads\/2019\/08\/sitolor_brosura_2019_img-190x276.jpg 190w, https:\/\/sitolor.hr\/wp-content\/uploads\/2019\/08\/sitolor_brosura_2019_img-20x29.jpg 20w\" \/>\t\t\t\t\t<\/div>\n\t\t\t<\/a>\n\t\t\t\t\t<div class=\"thb-image-content\">\n\t\tPreuzmite bro\u0161uru &#8220;Sitolor d.o.o.\u00a0 1989-2019&#8221;<br \/>\n<small>(PDF &#8211; 8MB)<\/small>\t\t<\/div>\n\t\t\t\t<style>\n\t\t\t\t#thb-image-69e93cc50cee7,\n\t\t\t\t#thb-image-69e93cc50cee7 img {\n\t\t\t\t\tborder-radius: 8;\n\t\t\t\t}\n\t\t<\/style>\n\t\t<\/div>\n\t[\/vc_column_inner][\/vc_row_inner][\/vc_column][\/vc_row][vc_row thb_full_width=&#8221;true&#8221; thb_row_padding=&#8221;true&#8221; thb_column_padding=&#8221;true&#8221; content_placement=&#8221;middle&#8221;][vc_column width=&#8221;1\/2&#8243; css=&#8221;.vc_custom_1562768972431{padding-top: 30% !important;padding-right: 30% !important;padding-bottom: 30% !important;padding-left: 30% !important;background-image: url(https:\/\/sitolor.hr\/wp-content\/uploads\/2019\/06\/sitolor_gradnja_otvorenje-zagreb_001.jpg?id=1145) !important;background-position: center !important;background-repeat: no-repeat !important;background-size: cover !important;}&#8221; el_class=&#8221;text-center&#8221;][vc_empty_space][\/vc_column][vc_column thb_color=&#8221;thb-light-column&#8221; width=&#8221;1\/2&#8243; css=&#8221;.vc_custom_1562568312978{padding-top: 10% !important;padding-right: 20% !important;padding-bottom: 10% !important;padding-left: 20% !important;background-color: #2e3292 !important;}&#8221; el_class=&#8221;text-center&#8221;][vc_column_text animation=&#8221;animation bottom-to-top&#8221;]\n<h2>Pridru\u017eite se na\u0161em timu<\/h2>\n[\/vc_column_text][vc_column_text animation=&#8221;animation bottom-to-top&#8221;]\n<p class=\"p1\"><span class=\"s1\">Poti\u010demo na\u0161e zaposlenike na rast i razvoj kako osobno tako i profesionalno po\u0161tuju\u0107i pritom najvi\u0161e standarde poslovnog integriteta. <\/span><\/p>\n[\/vc_column_text][vc_empty_space height=&#8221;42px&#8221;]\t<a id=\"thb-button-69e93cc50dbf6\" class=\"btn style2 large  white no-radius animation bottom-to-top   arrow-enabled\" href=\"https:\/\/sitolor.hr\/hr\/karijera\/\" target=\"_self\" role=\"button\">\n\t\t<span>Karijera<\/span>\n\t<svg xmlns=\"http:\/\/www.w3.org\/2000\/svg\" xmlns:xlink=\"http:\/\/www.w3.org\/1999\/xlink\" x=\"0px\" y=\"0px\"\r\n\t width=\"30px\" height=\"18px\" viewBox=\"0 0 30 18\" enable-background=\"new 0 0 30 18\" xml:space=\"preserve\">\r\n<path class=\"handle\" d=\"M20.305,16.212c-0.407,0.409-0.407,1.071,0,1.479s1.068,0.408,1.476,0l7.914-7.952c0.408-0.409,0.408-1.071,0-1.481\r\n\tl-7.914-7.952c-0.407-0.409-1.068-0.409-1.476,0s-0.407,1.071,0,1.48l7.185,7.221L20.305,16.212z\"\/>\r\n<path class=\"bar\" fill-rule=\"evenodd\" clip-rule=\"evenodd\" d=\"M1,8h28.001c0.551,0,1,0.448,1,1c0,0.553-0.449,1-1,1H1c-0.553,0-1-0.447-1-1\r\n\tC0,8.448,0.447,8,1,8z\"\/>\r\n<\/svg>\r\n\t\t<\/a>\n\t\t[\/vc_column][\/vc_row]\n","protected":false},"excerpt":{"rendered":"<p>[vc_row thb_full_width=&#8221;true&#8221; thb_row_padding=&#8221;true&#8221; thb_column_padding=&#8221;true&#8221; content_placement=&#8221;middle&#8221;][vc_column thb_color=&#8221;thb-light-column&#8221; width=&#8221;1\/2&#8243; css=&#8221;.vc_custom_1562569080822{padding-top: 10% !important;padding-right: 20% !important;padding-bottom: 10% !important;padding-left: 20% !important;background-color: #2e3292 !important;}&#8221;][vc_empty_space height=&#8221;62px&#8221;][vc_column_text animation=&#8221;animation fade-in&#8221;]Pouzdan partner za izgradnju, sanacije i rekonstrukcije in\u017eenjerskih konstrukcija i izvo\u0111enje specijalisti\u010dkih radova u gra\u0111evinarstvu.[\/vc_column_text][vc_empty_space height=&#8221;12px&#8221;][\/vc_column][vc_column width=&#8221;1\/2&#8243; css=&#8221;.vc_custom_1563442753729{padding-top: 30% !important;padding-right: 30% !important;padding-bottom: 30% !important;padding-left: 30% !important;background-image: url(https:\/\/sitolor.hr\/wp-content\/uploads\/2019\/07\/sitolor-radnici-gradnja-1366.jpg?id=2646) !important;background-position: center !important;background-repeat: no-repeat !important;background-size: cover !important;}&#8221; el_class=&#8221;text-center&#8221;][vc_empty_space][\/vc_column][\/vc_row][vc_row&hellip;<\/p>\n","protected":false},"author":1,"featured_media":2642,"parent":0,"menu_order":0,"comment_status":"closed","ping_status":"closed","template":"","meta":[],"categories":[],"tags":[],"_links":{"self":[{"href":"https:\/\/sitolor.hr\/hr\/wp-json\/wp\/v2\/pages\/1098"}],"collection":[{"href":"https:\/\/sitolor.hr\/hr\/wp-json\/wp\/v2\/pages"}],"about":[{"href":"https:\/\/sitolor.hr\/hr\/wp-json\/wp\/v2\/types\/page"}],"author":[{"embeddable":true,"href":"https:\/\/sitolor.hr\/hr\/wp-json\/wp\/v2\/users\/1"}],"replies":[{"embeddable":true,"href":"https:\/\/sitolor.hr\/hr\/wp-json\/wp\/v2\/comments?post=1098"}],"version-history":[{"count":5,"href":"https:\/\/sitolor.hr\/hr\/wp-json\/wp\/v2\/pages\/1098\/revisions"}],"predecessor-version":[{"id":13646,"href":"https:\/\/sitolor.hr\/hr\/wp-json\/wp\/v2\/pages\/1098\/revisions\/13646"}],"wp:featuredmedia":[{"embeddable":true,"href":"https:\/\/sitolor.hr\/hr\/wp-json\/wp\/v2\/media\/2642"}],"wp:attachment":[{"href":"https:\/\/sitolor.hr\/hr\/wp-json\/wp\/v2\/media?parent=1098"}],"wp:term":[{"taxonomy":"category","embeddable":true,"href":"https:\/\/sitolor.hr\/hr\/wp-json\/wp\/v2\/categories?post=1098"},{"taxonomy":"post_tag","embeddable":true,"href":"https:\/\/sitolor.hr\/hr\/wp-json\/wp\/v2\/tags?post=1098"}],"curies":[{"name":"wp","href":"https:\/\/api.w.org\/{rel}","templated":true}]}}