{"id":1102,"date":"2019-06-22T07:52:40","date_gmt":"2019-06-22T07:52:40","guid":{"rendered":"https:\/\/sitolor.hr\/?page_id=1102"},"modified":"2023-06-28T10:56:47","modified_gmt":"2023-06-28T10:56:47","slug":"djelatnosti","status":"publish","type":"page","link":"https:\/\/sitolor.hr\/hr\/djelatnosti\/","title":{"rendered":"Djelatnosti"},"content":{"rendered":"[vc_row thb_full_width=&#8221;true&#8221; thb_row_padding=&#8221;true&#8221; thb_column_padding=&#8221;true&#8221; parallax=&#8221;content-moving-fade&#8221; parallax_image=&#8221;3829&#8243; thb_scroll_bottom=&#8221;true&#8221; thb_scroll_bottom_style=&#8221;style3&#8243; thb_scroll_bottom_color=&#8221;light&#8221; css=&#8221;.vc_custom_1568863905997{padding-top: 24vh !important;padding-bottom: 24vh !important;background-color: #2e3292 !important;background-position: center;background-repeat: no-repeat;background-size:cover !important;}&#8221;][vc_column][vc_row_inner el_class=&#8221;align-center&#8221;][vc_column_inner thb_color=&#8221;thb-light-column&#8221; el_class=&#8221;text-center&#8221; offset=&#8221;vc_col-lg-7 vc_col-md-10&#8243;]\t<div id=\"thb-slidetype-69e93b09bd649\" class=\"thb-slidetype \" data-style=\"style1\">\n\t\t\n<h1><span class=\"thb-slidetype-entry\"><span class=\"lines\">Djelatnosti<\/span><\/span><\/h1>\n\t\t\t<\/div>\n\n\t[vc_column_text animation=&#8221;animation bottom-to-top&#8221;]\n<h4><strong>Proaktivnim pristupom u stanju smo provesti najslo\u017eenije gra\u0111evinske projekte pri \u010demu posebnu pa\u017enju posve\u0107ujemo okoli\u0161u, kvaliteti, za\u0161titi na radu i zahtjevima investitora.<br \/>\n<\/strong><\/h4>\n[\/vc_column_text][\/vc_column_inner][\/vc_row_inner][\/vc_column][\/vc_row][vc_row thb_full_width=&#8221;true&#8221; thb_row_padding=&#8221;true&#8221; thb_column_padding=&#8221;true&#8221; css=&#8221;.vc_custom_1562599795389{padding-top: 12vh !important;padding-bottom: 14vh !important;background-color: #f2f2f2 !important;}&#8221;][vc_column][vc_row_inner css=&#8221;.vc_custom_1562599903520{padding-right: 6% !important;padding-left: 6% !important;}&#8221;][vc_column_inner width=&#8221;1\/2&#8243;][vc_column_text animation=&#8221;animation fade-in&#8221;]Dru\u0161tvo Sitolor d.o.o. Slavonski Brod, prepoznat je i prihva\u0107en partner u poslovima pripreme povr\u0161ina i sanacija betonskih i armiranobetonskih in\u017eenjerskih konstrukcija, antikorozivne za\u0161tite \u010deli\u010dnih konstrukcija, izvo\u0111enja specijalisti\u010dkih radova u gra\u0111evinarstvu, izvedbe hidroizolacija podnih sustava, sanacije i za\u0161tita fasadnih sustava, te izvo\u0111enja gra\u0111evinskih radova sa trenutno dostupnim najsuvremenijim tehnologijama. Proaktivnim pristupom u stanju smo provesti najslo\u017eenije gra\u0111evinske projekte pri \u010demu posebnu pa\u017enju posve\u0107ujemo okoli\u0161u, kvaliteti, za\u0161titi na radu i zahtjevima investitora.[\/vc_column_text][\/vc_column_inner][vc_column_inner width=&#8221;1\/2&#8243;][vc_column_text animation=&#8221;animation fade-in&#8221;]Posebno se ponosimo vrhunskom tehni\u010dkom opremljeno\u0161\u0107u i pra\u0107enjem tr\u017ei\u0161ta novih tehnologija. Iz na\u0161e bogate zbirke najmodernijih specijaliziranih strojeva i alata mo\u017eemo izdvojiti visokotla\u010dna postrojenja, robote za hidrodinami\u010dku obradu betonskih povr\u0161ina, opremu za strojna nano\u0161enja sanacijskih materijala, \u2026[\/vc_column_text][\/vc_column_inner][\/vc_row_inner][\/vc_column][\/vc_row][vc_row thb_full_width=&#8221;true&#8221; thb_row_padding=&#8221;true&#8221; thb_column_padding=&#8221;true&#8221; css=&#8221;.vc_custom_1562599866695{background-color: #f2f2f2 !important;}&#8221; el_class=&#8221;text-center&#8221;][vc_column thb_color=&#8221;thb-light-column&#8221;][vc_row_inner el_class=&#8221;text-center&#8221;][vc_column_inner offset=&#8221;vc_col-lg-8 vc_col-md-7&#8243;][vc_empty_space height=&#8221;30px&#8221;][\/vc_column_inner][\/vc_row_inner][\/vc_column][\/vc_row][vc_row css=&#8221;.vc_custom_1526393374033{margin-top: -12vh !important;}&#8221;][vc_column width=&#8221;1\/3&#8243;]\t<div id=\"thb-fancy-box-69e93b09bd721\" class=\"thb-fancy-box  fancy-light fancy-style6  thb-bottom-left    has-link\">\n\t\t\t\t<a href=\"https:\/\/sitolor.hr\/hr\/izgradnja-gradevinskih-objekata-visokogradnje\/\" class=\"thb-fancy-link \" target=\"_self\">\n\t\t\t\t\t\t\t<div class=\"button small style2 white no-radius\"><span>Vi\u0161e<\/span><\/div>\n\t\t\t\t\t<\/a>\n\t\t\t\t<div class=\"thb-fancy-image-container \">\n\t\t\t<div class=\"thb-fancy-image\">\n\t\t\t\t<img width=\"1140\" height=\"800\" src=\"https:\/\/sitolor.hr\/wp-content\/uploads\/2019\/07\/sitolor-gradnja-projekti-tomic-1200-001-20x36.jpg\" class=\"attachment-revolution-tall-x3 size-revolution-tall-x3 thb-lazyload lazyload\" alt=\"\" sizes=\"(max-width: 1140px) 100vw, 1140px\" data-src=\"https:\/\/sitolor.hr\/wp-content\/uploads\/2019\/07\/sitolor-gradnja-projekti-tomic-1200-001-1140x800.jpg\" data-sizes=\"auto\" data-srcset=\"https:\/\/sitolor.hr\/wp-content\/uploads\/2019\/07\/sitolor-gradnja-projekti-tomic-1200-001-1140x800.jpg 1140w, https:\/\/sitolor.hr\/wp-content\/uploads\/2019\/07\/sitolor-gradnja-projekti-tomic-1200-001-20x13.jpg 20w\" \/>\t\t\t<\/div>\n\t\t<\/div>\n\t\t\t\t<div class=\"thb-fancy-content \">\n\t\t\t\t\t\t<div class=\"thb-fancy-text-content\">\n\t\t\t\t\n<h4>Izgradnja gra\u0111evinskih objekata visokogradnje<\/h4>\n\t\t\t<\/div>\n\t\t<\/div>\n\t\t<style>\n\t\t\t#thb-fancy-box-69e93b09bd721,\n\t\t\t#thb-fancy-box-69e93b09bd721.fancy-style5 .thb-fancy-image-container,\n\t\t\t#thb-fancy-box-69e93b09bd721 .atvImg-container,\n\t\t\t#thb-fancy-box-69e93b09bd721 .atvImg-layers {\n\t\t\t\tmin-height: 430px;\n\t\t\t}\n\t\t\t\t\t\t\t#thb-fancy-box-69e93b09bd721,\n\t\t\t\t#thb-fancy-box-69e93b09bd721 .thb-fancy-image-container,\n\t\t\t\t#thb-fancy-box-69e93b09bd721 .thb-fancy-image,\n\t\t\t\t#thb-fancy-box-69e93b09bd721 .thb-fancy-image img,\n\t\t\t\t#thb-fancy-box-69e93b09bd721 .thb-fancy-content,\n\t\t\t\t#thb-fancy-box-69e93b09bd721 .thb-fancy-hover {\n\t\t\t\t\tborder-radius: 4px;\n\t\t\t\t}\n\t\t\t\t\t\t\t\t\t\t\t<\/style>\n\t<\/div>\n\n\t[vc_empty_space height=&#8221;40px&#8221;][\/vc_column][vc_column width=&#8221;1\/3&#8243;]\t<div id=\"thb-fancy-box-69e93b09beab9\" class=\"thb-fancy-box  fancy-light fancy-style6  thb-bottom-left    has-link\">\n\t\t\t\t<a href=\"https:\/\/sitolor.hr\/hr\/sanacije-rekonstrukcije-betonskih-konstrukcija-2\/\" class=\"thb-fancy-link \" target=\"_self\">\n\t\t\t\t\t\t\t<div class=\"button small style2 white no-radius\"><span>Vi\u0161e<\/span><\/div>\n\t\t\t\t\t<\/a>\n\t\t\t\t<div class=\"thb-fancy-image-container \">\n\t\t\t<div class=\"thb-fancy-image\">\n\t\t\t\t<img width=\"1140\" height=\"800\" src=\"https:\/\/sitolor.hr\/wp-content\/uploads\/2019\/07\/sitolor-projekti-krk-1200-007-20x36.jpg\" class=\"attachment-revolution-tall-x3 size-revolution-tall-x3 thb-lazyload lazyload\" alt=\"\" sizes=\"(max-width: 1140px) 100vw, 1140px\" data-src=\"https:\/\/sitolor.hr\/wp-content\/uploads\/2019\/07\/sitolor-projekti-krk-1200-007-1140x800.jpg\" data-sizes=\"auto\" data-srcset=\"https:\/\/sitolor.hr\/wp-content\/uploads\/2019\/07\/sitolor-projekti-krk-1200-007-1140x800.jpg 1140w, https:\/\/sitolor.hr\/wp-content\/uploads\/2019\/07\/sitolor-projekti-krk-1200-007-20x13.jpg 20w\" \/>\t\t\t<\/div>\n\t\t<\/div>\n\t\t\t\t<div class=\"thb-fancy-content \">\n\t\t\t\t\t\t<div class=\"thb-fancy-text-content\">\n\t\t\t\t\n<h4>Sanacije\/rekonstrukcije betonskih konstrukcija<\/h4>\n\t\t\t<\/div>\n\t\t<\/div>\n\t\t<style>\n\t\t\t#thb-fancy-box-69e93b09beab9,\n\t\t\t#thb-fancy-box-69e93b09beab9.fancy-style5 .thb-fancy-image-container,\n\t\t\t#thb-fancy-box-69e93b09beab9 .atvImg-container,\n\t\t\t#thb-fancy-box-69e93b09beab9 .atvImg-layers {\n\t\t\t\tmin-height: 430px;\n\t\t\t}\n\t\t\t\t\t\t\t#thb-fancy-box-69e93b09beab9,\n\t\t\t\t#thb-fancy-box-69e93b09beab9 .thb-fancy-image-container,\n\t\t\t\t#thb-fancy-box-69e93b09beab9 .thb-fancy-image,\n\t\t\t\t#thb-fancy-box-69e93b09beab9 .thb-fancy-image img,\n\t\t\t\t#thb-fancy-box-69e93b09beab9 .thb-fancy-content,\n\t\t\t\t#thb-fancy-box-69e93b09beab9 .thb-fancy-hover {\n\t\t\t\t\tborder-radius: 4px;\n\t\t\t\t}\n\t\t\t\t\t\t\t\t\t\t\t<\/style>\n\t<\/div>\n\n\t[vc_empty_space height=&#8221;40px&#8221;][\/vc_column][vc_column width=&#8221;1\/3&#8243;]\t<div id=\"thb-fancy-box-69e93b09bfc39\" class=\"thb-fancy-box  fancy-light fancy-style6  thb-bottom-left    has-link\">\n\t\t\t\t<a href=\"https:\/\/sitolor.hr\/hr\/sanacije-antikorozivna-zastita-akz-i-metalizacija-celicnih-konstrukcija-2\/\" class=\"thb-fancy-link \" target=\"_self\">\n\t\t\t\t\t\t\t<div class=\"button small style2 white no-radius\"><span>Vi\u0161e<\/span><\/div>\n\t\t\t\t\t<\/a>\n\t\t\t\t<div class=\"thb-fancy-image-container \">\n\t\t\t<div class=\"thb-fancy-image\">\n\t\t\t\t<img width=\"1140\" height=\"800\" src=\"https:\/\/sitolor.hr\/wp-content\/uploads\/2019\/07\/sitolor-projekti-krk-1200-006-20x36.jpg\" class=\"attachment-revolution-tall-x3 size-revolution-tall-x3 thb-lazyload lazyload\" alt=\"\" sizes=\"(max-width: 1140px) 100vw, 1140px\" data-src=\"https:\/\/sitolor.hr\/wp-content\/uploads\/2019\/07\/sitolor-projekti-krk-1200-006-1140x800.jpg\" data-sizes=\"auto\" data-srcset=\"https:\/\/sitolor.hr\/wp-content\/uploads\/2019\/07\/sitolor-projekti-krk-1200-006-1140x800.jpg 1140w, https:\/\/sitolor.hr\/wp-content\/uploads\/2019\/07\/sitolor-projekti-krk-1200-006-20x13.jpg 20w\" \/>\t\t\t<\/div>\n\t\t<\/div>\n\t\t\t\t<div class=\"thb-fancy-content \">\n\t\t\t\t\t\t<div class=\"thb-fancy-text-content\">\n\t\t\t\t\n<h4>Sanacije i antikorozivna za\u0161tita (AKZ)<\/h4>\n\t\t\t<\/div>\n\t\t<\/div>\n\t\t<style>\n\t\t\t#thb-fancy-box-69e93b09bfc39,\n\t\t\t#thb-fancy-box-69e93b09bfc39.fancy-style5 .thb-fancy-image-container,\n\t\t\t#thb-fancy-box-69e93b09bfc39 .atvImg-container,\n\t\t\t#thb-fancy-box-69e93b09bfc39 .atvImg-layers {\n\t\t\t\tmin-height: 430px;\n\t\t\t}\n\t\t\t\t\t\t\t#thb-fancy-box-69e93b09bfc39,\n\t\t\t\t#thb-fancy-box-69e93b09bfc39 .thb-fancy-image-container,\n\t\t\t\t#thb-fancy-box-69e93b09bfc39 .thb-fancy-image,\n\t\t\t\t#thb-fancy-box-69e93b09bfc39 .thb-fancy-image img,\n\t\t\t\t#thb-fancy-box-69e93b09bfc39 .thb-fancy-content,\n\t\t\t\t#thb-fancy-box-69e93b09bfc39 .thb-fancy-hover {\n\t\t\t\t\tborder-radius: 4px;\n\t\t\t\t}\n\t\t\t\t\t\t\t\t\t\t\t<\/style>\n\t<\/div>\n\n\t[vc_empty_space height=&#8221;40px&#8221;][\/vc_column][\/vc_row][vc_row css=&#8221;.vc_custom_1526391678312{padding-bottom: 10vh !important;}&#8221;][vc_column width=&#8221;1\/3&#8243;]\t<div id=\"thb-fancy-box-69e93b09c0d0e\" class=\"thb-fancy-box  fancy-light fancy-style6  thb-bottom-left    has-link\">\n\t\t\t\t<a href=\"https:\/\/sitolor.hr\/hr\/gradenje-inzenjerskih-konstrukcija\/\" class=\"thb-fancy-link \" target=\"_self\">\n\t\t\t\t\t\t\t<div class=\"button small style2 white no-radius\"><span>Vi\u0161e<\/span><\/div>\n\t\t\t\t\t<\/a>\n\t\t\t\t<div class=\"thb-fancy-image-container \">\n\t\t\t<div class=\"thb-fancy-image\">\n\t\t\t\t<img width=\"1140\" height=\"800\" src=\"https:\/\/sitolor.hr\/wp-content\/uploads\/2019\/07\/sitolor-slavonski-brod-kruzni-1200-005-20x36.jpg\" class=\"attachment-revolution-tall-x3 size-revolution-tall-x3 thb-lazyload lazyload\" alt=\"\" sizes=\"(max-width: 1140px) 100vw, 1140px\" data-src=\"https:\/\/sitolor.hr\/wp-content\/uploads\/2019\/07\/sitolor-slavonski-brod-kruzni-1200-005-1140x800.jpg\" data-sizes=\"auto\" data-srcset=\"https:\/\/sitolor.hr\/wp-content\/uploads\/2019\/07\/sitolor-slavonski-brod-kruzni-1200-005-1140x800.jpg 1140w, https:\/\/sitolor.hr\/wp-content\/uploads\/2019\/07\/sitolor-slavonski-brod-kruzni-1200-005-20x13.jpg 20w\" \/>\t\t\t<\/div>\n\t\t<\/div>\n\t\t\t\t<div class=\"thb-fancy-content \">\n\t\t\t\t\t\t<div class=\"thb-fancy-text-content\">\n\t\t\t\t\n<h4>Gra\u0111enje in\u017eenjerskih konstrukcija<\/h4>\n\t\t\t<\/div>\n\t\t<\/div>\n\t\t<style>\n\t\t\t#thb-fancy-box-69e93b09c0d0e,\n\t\t\t#thb-fancy-box-69e93b09c0d0e.fancy-style5 .thb-fancy-image-container,\n\t\t\t#thb-fancy-box-69e93b09c0d0e .atvImg-container,\n\t\t\t#thb-fancy-box-69e93b09c0d0e .atvImg-layers {\n\t\t\t\tmin-height: 430px;\n\t\t\t}\n\t\t\t\t\t\t\t#thb-fancy-box-69e93b09c0d0e,\n\t\t\t\t#thb-fancy-box-69e93b09c0d0e .thb-fancy-image-container,\n\t\t\t\t#thb-fancy-box-69e93b09c0d0e .thb-fancy-image,\n\t\t\t\t#thb-fancy-box-69e93b09c0d0e .thb-fancy-image img,\n\t\t\t\t#thb-fancy-box-69e93b09c0d0e .thb-fancy-content,\n\t\t\t\t#thb-fancy-box-69e93b09c0d0e .thb-fancy-hover {\n\t\t\t\t\tborder-radius: 4px;\n\t\t\t\t}\n\t\t\t\t\t\t\t\t\t\t\t<\/style>\n\t<\/div>\n\n\t[vc_empty_space height=&#8221;30px&#8221;][\/vc_column][vc_column width=&#8221;1\/3&#8243;]\t<div id=\"thb-fancy-box-69e93b09c1d7a\" class=\"thb-fancy-box  fancy-light fancy-style6  thb-bottom-left    has-link\">\n\t\t\t\t<a href=\"https:\/\/sitolor.hr\/hr\/izvodenje-specijalistickih-radova-u-gradevinarstvu-2\/\" class=\"thb-fancy-link \" target=\"_self\">\n\t\t\t\t\t\t\t<div class=\"button small style2 white no-radius\"><span>Vi\u0161e<\/span><\/div>\n\t\t\t\t\t<\/a>\n\t\t\t\t<div class=\"thb-fancy-image-container \">\n\t\t\t<div class=\"thb-fancy-image\">\n\t\t\t\t<img width=\"1140\" height=\"801\" src=\"https:\/\/sitolor.hr\/wp-content\/uploads\/2019\/07\/sitolor-zet-vlaska-002-20x36.jpg\" class=\"attachment-revolution-tall-x3 size-revolution-tall-x3 thb-lazyload lazyload\" alt=\"\" sizes=\"(max-width: 1140px) 100vw, 1140px\" data-src=\"https:\/\/sitolor.hr\/wp-content\/uploads\/2019\/07\/sitolor-zet-vlaska-002-1140x801.jpg\" data-sizes=\"auto\" data-srcset=\"https:\/\/sitolor.hr\/wp-content\/uploads\/2019\/07\/sitolor-zet-vlaska-002-1140x801.jpg 1140w, https:\/\/sitolor.hr\/wp-content\/uploads\/2019\/07\/sitolor-zet-vlaska-002-20x13.jpg 20w\" \/>\t\t\t<\/div>\n\t\t<\/div>\n\t\t\t\t<div class=\"thb-fancy-content \">\n\t\t\t\t\t\t<div class=\"thb-fancy-text-content\">\n\t\t\t\t\n<h4>Izvo\u0111enje specijalisti\u010dkih radova u gra\u0111evinarstvu<\/h4>\n\t\t\t<\/div>\n\t\t<\/div>\n\t\t<style>\n\t\t\t#thb-fancy-box-69e93b09c1d7a,\n\t\t\t#thb-fancy-box-69e93b09c1d7a.fancy-style5 .thb-fancy-image-container,\n\t\t\t#thb-fancy-box-69e93b09c1d7a .atvImg-container,\n\t\t\t#thb-fancy-box-69e93b09c1d7a .atvImg-layers {\n\t\t\t\tmin-height: 430px;\n\t\t\t}\n\t\t\t\t\t\t\t#thb-fancy-box-69e93b09c1d7a,\n\t\t\t\t#thb-fancy-box-69e93b09c1d7a .thb-fancy-image-container,\n\t\t\t\t#thb-fancy-box-69e93b09c1d7a .thb-fancy-image,\n\t\t\t\t#thb-fancy-box-69e93b09c1d7a .thb-fancy-image img,\n\t\t\t\t#thb-fancy-box-69e93b09c1d7a .thb-fancy-content,\n\t\t\t\t#thb-fancy-box-69e93b09c1d7a .thb-fancy-hover {\n\t\t\t\t\tborder-radius: 4px;\n\t\t\t\t}\n\t\t\t\t\t\t\t\t\t\t\t<\/style>\n\t<\/div>\n\n\t[vc_empty_space height=&#8221;30px&#8221;][\/vc_column][vc_column width=&#8221;1\/3&#8243;]\t<div id=\"thb-fancy-box-69e93b09c3040\" class=\"thb-fancy-box  fancy-light fancy-style6  thb-bottom-left    has-link\">\n\t\t\t\t<a href=\"https:\/\/sitolor.hr\/hr\/investicijski-projekti-nekretnine-2\/\" class=\"thb-fancy-link \" target=\"_self\">\n\t\t\t\t\t\t\t<div class=\"button small style2 white no-radius\"><span>Vi\u0161e<\/span><\/div>\n\t\t\t\t\t<\/a>\n\t\t\t\t<div class=\"thb-fancy-image-container \">\n\t\t\t<div class=\"thb-fancy-image\">\n\t\t\t\t<img width=\"1140\" height=\"800\" src=\"https:\/\/sitolor.hr\/wp-content\/uploads\/2019\/07\/sitolor-investicije-povile-projekti-1200-20x36.jpg\" class=\"attachment-revolution-tall-x3 size-revolution-tall-x3 thb-lazyload lazyload\" alt=\"\" sizes=\"(max-width: 1140px) 100vw, 1140px\" data-src=\"https:\/\/sitolor.hr\/wp-content\/uploads\/2019\/07\/sitolor-investicije-povile-projekti-1200-1140x800.jpg\" data-sizes=\"auto\" data-srcset=\"https:\/\/sitolor.hr\/wp-content\/uploads\/2019\/07\/sitolor-investicije-povile-projekti-1200-1140x800.jpg 1140w, https:\/\/sitolor.hr\/wp-content\/uploads\/2019\/07\/sitolor-investicije-povile-projekti-1200-20x13.jpg 20w\" \/>\t\t\t<\/div>\n\t\t<\/div>\n\t\t\t\t<div class=\"thb-fancy-content \">\n\t\t\t\t\t\t<div class=\"thb-fancy-text-content\">\n\t\t\t\t\n<h4>Investicijski projekti \/ nekretnine<\/h4>\n\t\t\t<\/div>\n\t\t<\/div>\n\t\t<style>\n\t\t\t#thb-fancy-box-69e93b09c3040,\n\t\t\t#thb-fancy-box-69e93b09c3040.fancy-style5 .thb-fancy-image-container,\n\t\t\t#thb-fancy-box-69e93b09c3040 .atvImg-container,\n\t\t\t#thb-fancy-box-69e93b09c3040 .atvImg-layers {\n\t\t\t\tmin-height: 430px;\n\t\t\t}\n\t\t\t\t\t\t\t#thb-fancy-box-69e93b09c3040,\n\t\t\t\t#thb-fancy-box-69e93b09c3040 .thb-fancy-image-container,\n\t\t\t\t#thb-fancy-box-69e93b09c3040 .thb-fancy-image,\n\t\t\t\t#thb-fancy-box-69e93b09c3040 .thb-fancy-image img,\n\t\t\t\t#thb-fancy-box-69e93b09c3040 .thb-fancy-content,\n\t\t\t\t#thb-fancy-box-69e93b09c3040 .thb-fancy-hover {\n\t\t\t\t\tborder-radius: 4px;\n\t\t\t\t}\n\t\t\t\t\t\t\t\t\t\t\t<\/style>\n\t<\/div>\n\n\t[vc_empty_space height=&#8221;30px&#8221;][\/vc_column][\/vc_row][vc_row thb_full_width=&#8221;true&#8221; thb_row_padding=&#8221;true&#8221; thb_column_padding=&#8221;true&#8221; el_class=&#8221;text-center&#8221; css=&#8221;.vc_custom_1562600478521{padding-top: 12vh !important;padding-bottom: 12vh !important;background-color: #2e3292 !important;background-position: center !important;background-repeat: no-repeat !important;background-size: cover !important;}&#8221;][vc_column]\t<a id=\"thb-button-69e93b09c41bc\" class=\"btn style2 large  white no-radius animation bottom-to-top   arrow-enabled\" href=\"https:\/\/sitolor.hr\/hr\/kontakt\/\" target=\"_blank\" role=\"button\">\n\t\t<span>Kontaktirajte nas<\/span>\n\t<svg xmlns=\"http:\/\/www.w3.org\/2000\/svg\" xmlns:xlink=\"http:\/\/www.w3.org\/1999\/xlink\" x=\"0px\" y=\"0px\"\r\n\t width=\"30px\" height=\"18px\" viewBox=\"0 0 30 18\" enable-background=\"new 0 0 30 18\" xml:space=\"preserve\">\r\n<path class=\"handle\" d=\"M20.305,16.212c-0.407,0.409-0.407,1.071,0,1.479s1.068,0.408,1.476,0l7.914-7.952c0.408-0.409,0.408-1.071,0-1.481\r\n\tl-7.914-7.952c-0.407-0.409-1.068-0.409-1.476,0s-0.407,1.071,0,1.48l7.185,7.221L20.305,16.212z\"\/>\r\n<path class=\"bar\" fill-rule=\"evenodd\" clip-rule=\"evenodd\" d=\"M1,8h28.001c0.551,0,1,0.448,1,1c0,0.553-0.449,1-1,1H1c-0.553,0-1-0.447-1-1\r\n\tC0,8.448,0.447,8,1,8z\"\/>\r\n<\/svg>\r\n\t\t<\/a>\n\t\t[\/vc_column][\/vc_row]\n","protected":false},"excerpt":{"rendered":"<p>[vc_row thb_full_width=&#8221;true&#8221; thb_row_padding=&#8221;true&#8221; thb_column_padding=&#8221;true&#8221; parallax=&#8221;content-moving-fade&#8221; parallax_image=&#8221;3829&#8243; thb_scroll_bottom=&#8221;true&#8221; thb_scroll_bottom_style=&#8221;style3&#8243; thb_scroll_bottom_color=&#8221;light&#8221; css=&#8221;.vc_custom_1568863905997{padding-top: 24vh !important;padding-bottom: 24vh !important;background-color: #2e3292 !important;background-position: center;background-repeat: no-repeat;background-size:cover !important;}&#8221;][vc_column][vc_row_inner el_class=&#8221;align-center&#8221;][vc_column_inner thb_color=&#8221;thb-light-column&#8221; el_class=&#8221;text-center&#8221; offset=&#8221;vc_col-lg-7 vc_col-md-10&#8243;][vc_column_text animation=&#8221;animation bottom-to-top&#8221;] Proaktivnim pristupom u stanju smo provesti najslo\u017eenije gra\u0111evinske projekte pri \u010demu posebnu pa\u017enju posve\u0107ujemo okoli\u0161u, kvaliteti, za\u0161titi na radu i zahtjevima investitora. [\/vc_column_text][\/vc_column_inner][\/vc_row_inner][\/vc_column][\/vc_row][vc_row thb_full_width=&#8221;true&#8221; thb_row_padding=&#8221;true&#8221; thb_column_padding=&#8221;true&#8221; css=&#8221;.vc_custom_1562599795389{padding-top: 12vh !important;padding-bottom:&hellip;<\/p>\n","protected":false},"author":1,"featured_media":0,"parent":0,"menu_order":0,"comment_status":"closed","ping_status":"closed","template":"","meta":[],"categories":[],"tags":[],"_links":{"self":[{"href":"https:\/\/sitolor.hr\/hr\/wp-json\/wp\/v2\/pages\/1102"}],"collection":[{"href":"https:\/\/sitolor.hr\/hr\/wp-json\/wp\/v2\/pages"}],"about":[{"href":"https:\/\/sitolor.hr\/hr\/wp-json\/wp\/v2\/types\/page"}],"author":[{"embeddable":true,"href":"https:\/\/sitolor.hr\/hr\/wp-json\/wp\/v2\/users\/1"}],"replies":[{"embeddable":true,"href":"https:\/\/sitolor.hr\/hr\/wp-json\/wp\/v2\/comments?post=1102"}],"version-history":[{"count":5,"href":"https:\/\/sitolor.hr\/hr\/wp-json\/wp\/v2\/pages\/1102\/revisions"}],"predecessor-version":[{"id":10635,"href":"https:\/\/sitolor.hr\/hr\/wp-json\/wp\/v2\/pages\/1102\/revisions\/10635"}],"wp:attachment":[{"href":"https:\/\/sitolor.hr\/hr\/wp-json\/wp\/v2\/media?parent=1102"}],"wp:term":[{"taxonomy":"category","embeddable":true,"href":"https:\/\/sitolor.hr\/hr\/wp-json\/wp\/v2\/categories?post=1102"},{"taxonomy":"post_tag","embeddable":true,"href":"https:\/\/sitolor.hr\/hr\/wp-json\/wp\/v2\/tags?post=1102"}],"curies":[{"name":"wp","href":"https:\/\/api.w.org\/{rel}","templated":true}]}}