{"id":1105,"date":"2019-06-22T08:28:18","date_gmt":"2019-06-22T08:28:18","guid":{"rendered":"https:\/\/sitolor.hr\/?page_id=1105"},"modified":"2025-04-03T13:19:22","modified_gmt":"2025-04-03T13:19:22","slug":"kontakt","status":"publish","type":"page","link":"https:\/\/sitolor.hr\/hr\/kontakt\/","title":{"rendered":"Kontakt"},"content":{"rendered":"[vc_row thb_full_width=&#8221;true&#8221; thb_row_padding=&#8221;true&#8221; thb_column_padding=&#8221;true&#8221; parallax=&#8221;content-moving-fade&#8221; parallax_image=&#8221;3835&#8243; thb_scroll_bottom=&#8221;true&#8221; thb_scroll_bottom_style=&#8221;style3&#8243; thb_scroll_bottom_color=&#8221;light&#8221; css=&#8221;.vc_custom_1568864272159{padding-top: 24vh !important;padding-bottom: 24vh !important;background-color: #2e3292 !important;background-position: center;background-repeat: no-repeat;background-size: cover !important;}&#8221;][vc_column][vc_row_inner el_class=&#8221;align-center&#8221;][vc_column_inner thb_color=&#8221;thb-light-column&#8221; el_class=&#8221;text-center&#8221; offset=&#8221;vc_col-lg-7 vc_col-md-10&#8243;]\t<div id=\"thb-slidetype-69e93caa068b4\" class=\"thb-slidetype \" data-style=\"style1\">\n\t\t\n<h1><span class=\"thb-slidetype-entry\"><span class=\"lines\">Kontakt<\/span><\/span><\/h1>\n\t\t\t<\/div>\n\n\t[vc_column_text animation=&#8221;animation bottom-to-top&#8221;]\n<h4>Ve\u0107 30 godina ispunjavamo o\u010dekivanja klijenata.<br \/>\nKontaktirajte nas s povjerenjem.<\/h4>\n[\/vc_column_text][\/vc_column_inner][\/vc_row_inner][\/vc_column][\/vc_row][vc_row css=&#8221;.vc_custom_1557846854783{padding-top: 120px !important;padding-bottom: 120px !important;}&#8221;][vc_column width=&#8221;1\/3&#8243; css=&#8221;.vc_custom_1517593771591{padding-left: 5% !important;}&#8221;][vc_column_text animation=&#8221;animation right-to-left&#8221;]<span class=\"main-color\"><strong>Sjedi\u0161te trgova\u010dkog dru\u0161tva<br \/>\nSlavonski Brod<\/strong><\/span><\/p>\n<p><strong>SITOLOR d.o.o.<\/strong><br \/>\nPavla Radi\u0107a 12<br \/>\n35000 Slavonski Brod, Croatia[\/vc_column_text][vc_column_text animation=&#8221;animation right-to-left&#8221; css=&#8221;.vc_custom_1567696752513{border-bottom-width: 2px !important;padding-bottom: 30px !important;border-bottom-color: #e0e1e2 !important;border-bottom-style: solid !important;}&#8221;]<small><i class=\"fa fa-phone\"><\/i> \u00a0 <a href=\"tel:+38535405401\">+385 35 405 401<\/a><br \/>\n<i class=\"fa fa-fax\"><\/i> \u00a0 +385 35 405 410<br \/>\n<i class=\"fa fa-envelope\"><\/i> \u00a0 <a href=\"mailto:info@sitolor.hr\">info@sitolor.hr<\/a><br \/>\n<\/small>[\/vc_column_text][\/vc_column][vc_column width=&#8221;1\/3&#8243;][vc_column_text animation=&#8221;animation right-to-left&#8221;]<span class=\"main-color\"><strong>Poslovna jedinica<br \/>\nZagreb<\/strong><\/span><\/p>\n<p><strong>SITOLOR d.o.o.<\/strong><br \/>\n10000 Zagreb, Croatia[\/vc_column_text][vc_column_text animation=&#8221;animation right-to-left&#8221; css=&#8221;.vc_custom_1743686246998{border-bottom-width: 2px !important;padding-bottom: 30px !important;border-bottom-color: #e0e1e2 !important;border-bottom-style: solid !important;}&#8221;]<small><br \/>\n<i class=\"fa fa-fax\"><\/i> \u00a0 +385 35 405 410<br \/>\n<i class=\"fa fa-envelope\"><\/i> \u00a0 <a href=\"mailto:info@sitolor.hr\">info@sitolor.hr<\/a><\/small>[\/vc_column_text][vc_column_text css=&#8221;.vc_custom_1567696793741{border-bottom-width: 2px !important;padding-bottom: 30px !important;border-bottom-color: #f4f4f4 !important;border-bottom-style: solid !important;}&#8221;]<strong>IN\u017dENJERSKI BIRO <\/strong><\/p>\n<p><i class=\"fa fa-phone\"><\/i> <a href=\"tel:+385035405404\">+385 035\/405-404<\/a><br \/>\n<i class=\"fa fa-envelope\"><\/i> <a href=\"mailto:sitolor@sitolor.hr\">sitolor@sitolor.hr <\/a>[\/vc_column_text][vc_column_text css=&#8221;.vc_custom_1567697171141{border-bottom-width: 2px !important;padding-bottom: 30px !important;border-bottom-color: #f4f4f4 !important;border-bottom-style: solid !important;}&#8221;]<strong>FINANCIJE I RA\u010cUNOVODSTVO <\/strong><\/p>\n<p><i class=\"fa fa-phone\"><\/i> <a href=\"tel:+38535405412\">+385 035\/405-412<\/a>[\/vc_column_text][\/vc_column][vc_column width=&#8221;1\/3&#8243; animation=&#8221;animation fade-in&#8221; css=&#8221;.vc_custom_1517593777084{padding-right: 5% !important;}&#8221;]<div role=\"form\" class=\"wpcf7\" id=\"wpcf7-f3571-o1\" lang=\"hr\" dir=\"ltr\">\n<div class=\"screen-reader-response\"><p role=\"status\" aria-live=\"polite\" aria-atomic=\"true\"><\/p> <ul><\/ul><\/div>\n<form action=\"\/hr\/wp-json\/wp\/v2\/pages\/1105#wpcf7-f3571-o1\" method=\"post\" class=\"wpcf7-form init\" novalidate=\"novalidate\" data-status=\"init\">\n<div style=\"display: none;\">\n<input type=\"hidden\" name=\"_wpcf7\" value=\"3571\" \/>\n<input type=\"hidden\" name=\"_wpcf7_version\" value=\"5.5.6\" \/>\n<input type=\"hidden\" name=\"_wpcf7_locale\" value=\"hr\" \/>\n<input type=\"hidden\" name=\"_wpcf7_unit_tag\" value=\"wpcf7-f3571-o1\" \/>\n<input type=\"hidden\" name=\"_wpcf7_container_post\" value=\"0\" \/>\n<input type=\"hidden\" name=\"_wpcf7_posted_data_hash\" value=\"\" \/>\n<input type=\"hidden\" name=\"_wpcf7cf_hidden_group_fields\" value=\"\" \/>\n<input type=\"hidden\" name=\"_wpcf7cf_hidden_groups\" value=\"\" \/>\n<input type=\"hidden\" name=\"_wpcf7cf_visible_groups\" value=\"\" \/>\n<input type=\"hidden\" name=\"_wpcf7cf_repeaters\" value=\"[]\" \/>\n<input type=\"hidden\" name=\"_wpcf7cf_steps\" value=\"{}\" \/>\n<input type=\"hidden\" name=\"_wpcf7cf_options\" value=\"{&quot;form_id&quot;:3571,&quot;conditions&quot;:[],&quot;settings&quot;:{&quot;animation&quot;:&quot;yes&quot;,&quot;animation_intime&quot;:200,&quot;animation_outtime&quot;:200,&quot;conditions_ui&quot;:&quot;normal&quot;,&quot;notice_dismissed&quot;:false,&quot;notice_dismissed_update-cf7-5.4.1&quot;:true}}\" \/>\n<\/div>\n<div class=\"row\">\n<div class=\"small-12 columns\">\n<label> Va\u0161e ime * (obavezno)<br \/>\n    <span class=\"wpcf7-form-control-wrap your-name\"><input type=\"text\" name=\"your-name\" value=\"\" size=\"40\" class=\"wpcf7-form-control wpcf7-text wpcf7-validates-as-required\" aria-required=\"true\" aria-invalid=\"false\" \/><\/span> <\/label>\n<\/div>\n<div class=\"small-12 columns\">\n<label> Va\u0161a e-po\u0161ta * (obavezno)<br \/>\n    <span class=\"wpcf7-form-control-wrap your-email\"><input type=\"email\" name=\"your-email\" value=\"\" size=\"40\" class=\"wpcf7-form-control wpcf7-text wpcf7-email wpcf7-validates-as-required wpcf7-validates-as-email\" aria-required=\"true\" aria-invalid=\"false\" \/><\/span> <\/label>\n<\/div>\n<div class=\"small-12 columns\">\n<label> Predmet * (obavezno)<br \/>\n    <span class=\"wpcf7-form-control-wrap your-subject\"><input type=\"text\" name=\"your-subject\" value=\"\" size=\"40\" class=\"wpcf7-form-control wpcf7-text wpcf7-validates-as-required\" aria-required=\"true\" aria-invalid=\"false\" \/><\/span> <\/label>\n<\/div>\n<div class=\"small-12 columns\">\n<label> Va\u0161a poruka * (obavezno)<br \/>\n    <span class=\"wpcf7-form-control-wrap your-message\"><textarea name=\"your-message\" cols=\"40\" rows=\"10\" class=\"wpcf7-form-control wpcf7-textarea wpcf7-validates-as-required\" aria-required=\"true\" aria-invalid=\"false\"><\/textarea><\/span> <\/label>\n<\/div>\n<\/div>\n<div class=\"row\">\n<div class=\"small-12 columns\">\n<p><small>Za slanje ispunjene prijave obavezno ozna\u010dite polje \"Sla\u017eem se\" za prihva\u0107anje Politike Privatnosti.<\/small><\/p>\n<p><small>Vi\u0161e informacija pro\u010ditajte na stranici <a href=\"\/hr\/politika-privatnosti\" class=\"text-accent\">Politika Privatnosti<\/a> ili nas kontaktirajte na email <a href=\"mailto: info@sitolor.hr\" class=\"text-accent\">info@sitolor.hr<\/a><\/small> <\/p>\n<p><label>SUGLASNOST S POLITIKOM PRIVATNOSTI *<br \/>\nSla\u017eete li se s opisanom politikom privatnosti tvrtke Sitolor d.o.o.?<\/label><br \/>\n<span class=\"wpcf7-form-control-wrap your-consent\"><span class=\"wpcf7-form-control wpcf7-acceptance\"><span class=\"wpcf7-list-item\"><label><input type=\"checkbox\" name=\"your-consent\" value=\"1\" aria-invalid=\"false\" class=\"full\" \/><span class=\"wpcf7-list-item-label\">Sla\u017eem se s Politikom Privatnosti<\/span><\/label><\/span><\/span><\/span><\/p>\n<\/div>\n<p><span id=\"email-2\" class=\"wpcf7-form-control-wrap honeypot-756-wrap\" style=\"display:none !important; visibility:hidden !important;\"><label for=\"wpcf7-69e93caa07445-field\" class=\"hp-message\">Please leave this field empty.<\/label><input id=\"wpcf7-69e93caa07445-field\"  class=\"wpcf7-form-control wpcf7-text\" type=\"text\" name=\"honeypot-756\" value=\"\" size=\"40\" tabindex=\"-1\" autocomplete=\"new-password\" \/><\/span><\/p>\n<div class=\"small-12 columns\">\n<input type=\"submit\" value=\"Po\u0161alji\" class=\"wpcf7-form-control has-spinner wpcf7-submit\" \/>\n<\/div>\n<\/div>\n<div class=\"wpcf7-response-output\" aria-hidden=\"true\"><\/div><\/form><\/div>[\/vc_column][\/vc_row]\n","protected":false},"excerpt":{"rendered":"<p>[vc_row thb_full_width=&#8221;true&#8221; thb_row_padding=&#8221;true&#8221; thb_column_padding=&#8221;true&#8221; parallax=&#8221;content-moving-fade&#8221; parallax_image=&#8221;3835&#8243; thb_scroll_bottom=&#8221;true&#8221; thb_scroll_bottom_style=&#8221;style3&#8243; thb_scroll_bottom_color=&#8221;light&#8221; css=&#8221;.vc_custom_1568864272159{padding-top: 24vh !important;padding-bottom: 24vh !important;background-color: #2e3292 !important;background-position: center;background-repeat: no-repeat;background-size: cover !important;}&#8221;][vc_column][vc_row_inner el_class=&#8221;align-center&#8221;][vc_column_inner thb_color=&#8221;thb-light-column&#8221; el_class=&#8221;text-center&#8221; offset=&#8221;vc_col-lg-7 vc_col-md-10&#8243;][vc_column_text animation=&#8221;animation bottom-to-top&#8221;] Ve\u0107 30 godina ispunjavamo o\u010dekivanja klijenata. Kontaktirajte nas s povjerenjem. [\/vc_column_text][\/vc_column_inner][\/vc_row_inner][\/vc_column][\/vc_row][vc_row css=&#8221;.vc_custom_1557846854783{padding-top: 120px !important;padding-bottom: 120px !important;}&#8221;][vc_column width=&#8221;1\/3&#8243; css=&#8221;.vc_custom_1517593771591{padding-left: 5% !important;}&#8221;][vc_column_text animation=&#8221;animation right-to-left&#8221;]Sjedi\u0161te trgova\u010dkog dru\u0161tva Slavonski Brod SITOLOR d.o.o.&hellip;<\/p>\n","protected":false},"author":1,"featured_media":0,"parent":0,"menu_order":0,"comment_status":"closed","ping_status":"closed","template":"","meta":[],"categories":[],"tags":[],"_links":{"self":[{"href":"https:\/\/sitolor.hr\/hr\/wp-json\/wp\/v2\/pages\/1105"}],"collection":[{"href":"https:\/\/sitolor.hr\/hr\/wp-json\/wp\/v2\/pages"}],"about":[{"href":"https:\/\/sitolor.hr\/hr\/wp-json\/wp\/v2\/types\/page"}],"author":[{"embeddable":true,"href":"https:\/\/sitolor.hr\/hr\/wp-json\/wp\/v2\/users\/1"}],"replies":[{"embeddable":true,"href":"https:\/\/sitolor.hr\/hr\/wp-json\/wp\/v2\/comments?post=1105"}],"version-history":[{"count":6,"href":"https:\/\/sitolor.hr\/hr\/wp-json\/wp\/v2\/pages\/1105\/revisions"}],"predecessor-version":[{"id":15353,"href":"https:\/\/sitolor.hr\/hr\/wp-json\/wp\/v2\/pages\/1105\/revisions\/15353"}],"wp:attachment":[{"href":"https:\/\/sitolor.hr\/hr\/wp-json\/wp\/v2\/media?parent=1105"}],"wp:term":[{"taxonomy":"category","embeddable":true,"href":"https:\/\/sitolor.hr\/hr\/wp-json\/wp\/v2\/categories?post=1105"},{"taxonomy":"post_tag","embeddable":true,"href":"https:\/\/sitolor.hr\/hr\/wp-json\/wp\/v2\/tags?post=1105"}],"curies":[{"name":"wp","href":"https:\/\/api.w.org\/{rel}","templated":true}]}}