{"id":1130,"date":"2019-06-22T14:16:26","date_gmt":"2019-06-22T14:16:26","guid":{"rendered":"https:\/\/sitolor.hr\/?page_id=1130"},"modified":"2019-09-01T20:53:48","modified_gmt":"2019-09-01T20:53:48","slug":"karijera","status":"publish","type":"page","link":"https:\/\/sitolor.hr\/hr\/karijera\/","title":{"rendered":"Provjerite za\u0161to se ponosimo kvalitetom na\u0161ih zaposlenika"},"content":{"rendered":"[vc_row thb_full_width=&#8221;true&#8221; thb_row_padding=&#8221;true&#8221; thb_column_padding=&#8221;true&#8221; thb_scroll_bottom=&#8221;true&#8221; thb_scroll_bottom_style=&#8221;style3&#8243; thb_scroll_bottom_color=&#8221;light&#8221; css=&#8221;.vc_custom_1562773670236{padding-top: 24vh !important;padding-bottom: 16vh !important;background: #2e3292 url(https:\/\/sitolor.hr\/wp-content\/uploads\/2019\/07\/sitolor-karijera-radnici-zastita.jpg?id=2207) !important;background-position: center !important;background-repeat: no-repeat !important;background-size: cover !important;}&#8221;][vc_column][vc_row_inner el_class=&#8221;align-center&#8221;][vc_column_inner thb_color=&#8221;thb-light-column&#8221; el_class=&#8221;text-center&#8221; offset=&#8221;vc_col-lg-9 vc_col-md-10&#8243; css=&#8221;.vc_custom_1519118430515{padding-right: 5% !important;padding-left: 5% !important;}&#8221;][vc_column_text]\n<h1>Karijera<\/h1>\n[\/vc_column_text][vc_empty_space height=&#8221;10px&#8221;]\t<a id=\"thb-button-69e9398b4f5e9\" class=\"btn style2 medium  white no-radius    \" href=\"https:\/\/sitolor.hr\/hr\/otvorena-radna-mjesta\/\" target=\"_self\" role=\"button\">\n\t\t<span>Otvorena radna mjesta<\/span>\n\t\t\t<\/a>\n\t\t[\/vc_column_inner][\/vc_row_inner][\/vc_column][\/vc_row][vc_row el_class=&#8221;align-center&#8221; css=&#8221;.vc_custom_1519136143634{padding-top: 12vh !important;padding-bottom: 7vh !important;}&#8221;][vc_column offset=&#8221;vc_col-lg-6 vc_col-md-8&#8243; el_class=&#8221;text-center&#8221;][vc_column_text]\n<h3>Poti\u010demo na\u0161e zaposlenike na rast i razvoj kako osobno tako i profesionalno po\u0161tuju\u0107i pritom najvi\u0161e standarde poslovnog integriteta.<\/h3>\n[\/vc_column_text][vc_column_text]Temelj na\u0161eg uspjeha su na\u0161i zaposlenici i njihova predanost u postizanju rezultata odgovornim poslovanjem i primjenom inovativnih tehnologija. Visoko kvalificiran , stru\u010dan i educiran in\u017eenjerski i proizvodni kadar svojim radom donosi \u0161iroko iskustvo, kvalifikacije i perspektive. [\/vc_column_text][\/vc_column][\/vc_row][vc_row thb_full_width=&#8221;true&#8221; thb_row_padding=&#8221;true&#8221; thb_column_padding=&#8221;true&#8221; css=&#8221;.vc_custom_1565008938436{padding-top: 12vh !important;padding-bottom: 14vh !important;}&#8221;][vc_column][vc_row_inner css=&#8221;.vc_custom_1562599903520{padding-right: 6% !important;padding-left: 6% !important;}&#8221;][vc_column_inner width=&#8221;1\/2&#8243;]\t<div id=\"thb-image-69e9398b4f685\" class=\"caption-style1  aligncenter   thb_image_link wp-caption \">\n\t\t\t<div class=\"thb-image-inner size_100\">\n\t\t\t<img width=\"1200\" height=\"800\" src=\"data:image\/gif;base64,R0lGODlhAQABAAAAACH5BAEKAAEALAAAAAABAAEAAAICTAEAOw==\" class=\"thb_image retina_size   attachment-full thb-lazyload lazyload\" alt=\"Sanacija mosta Krk - Sitolot d.o.o.\" title=\"sitolor-projekti-krk-1200-005\" sizes=\"(max-width: 1200px) 100vw, 1200px\" data-src=\"https:\/\/sitolor.hr\/wp-content\/uploads\/2019\/07\/sitolor-projekti-krk-1200-005.jpg\" data-sizes=\"auto\" data-srcset=\"https:\/\/sitolor.hr\/wp-content\/uploads\/2019\/07\/sitolor-projekti-krk-1200-005.jpg 1200w, https:\/\/sitolor.hr\/wp-content\/uploads\/2019\/07\/sitolor-projekti-krk-1200-005-300x200.jpg 300w, https:\/\/sitolor.hr\/wp-content\/uploads\/2019\/07\/sitolor-projekti-krk-1200-005-768x512.jpg 768w, https:\/\/sitolor.hr\/wp-content\/uploads\/2019\/07\/sitolor-projekti-krk-1200-005-1024x683.jpg 1024w, https:\/\/sitolor.hr\/wp-content\/uploads\/2019\/07\/sitolor-projekti-krk-1200-005-380x253.jpg 380w, https:\/\/sitolor.hr\/wp-content\/uploads\/2019\/07\/sitolor-projekti-krk-1200-005-190x127.jpg 190w, https:\/\/sitolor.hr\/wp-content\/uploads\/2019\/07\/sitolor-projekti-krk-1200-005-760x507.jpg 760w, https:\/\/sitolor.hr\/wp-content\/uploads\/2019\/07\/sitolor-projekti-krk-1200-005-1140x760.jpg 1140w, https:\/\/sitolor.hr\/wp-content\/uploads\/2019\/07\/sitolor-projekti-krk-1200-005-20x13.jpg 20w\" \/>\t\t\t\t\t<\/div>\n\t\t\t\t\t<\/div>\n\t[\/vc_column_inner][vc_column_inner width=&#8221;1\/2&#8243;][vc_column_text animation=&#8221;animation bottom-to-top&#8221;]Vjerujemo da su na\u0161i ljudi na\u0161a najve\u0107a vrijednost. Poti\u010demo na\u0161e zaposlenike na rast i razvoj kako osobno tako i profesionalno po\u0161tuju\u0107i pritom najvi\u0161e standarde poslovnog integriteta. Poti\u010demo transparentnost, otvorenost prema timskom radu i povjerenju izvr\u0161avaju\u0107i radne zadatke sa visokim stupnjem integriteta.<\/p>\n<p>Po\u0161tujemo jedni druge i cijenimo raznolikost koja proizlazi iz na\u0161eg razli\u010ditog podrijetla, iskustva i stavova. Sitolorova politika je osigurati jednake mogu\u0107nosti zapo\u0161ljavanja u skladu sa svim primjenjivim zakonima i propisima pojedincima koji su kvalificirani za obavljanje posla.<\/p>\n<p>Na\u0161e odluke o zapo\u0161ljavanju temelje se na zaslugama, iskustvu, vje\u0161tinama i potencijalima te se donose bez obzira na rasu, boju ko\u017ee, spol, dob, religiju ili neki drugi razlog za diskriminaciju koji je zabranjen va\u017ee\u0107im zakonom.<\/p>\n<p>Na\u0161 cilj je dosljedno raditi na pobolj\u0161anju u\u010dinkovitosti i produktivnosti kroz u\u010denje, dijeljenje i primjenu najboljih praksi.<br \/>\n[\/vc_column_text][\/vc_column_inner][\/vc_row_inner][\/vc_column][\/vc_row][vc_row thb_full_width=&#8221;true&#8221; thb_row_padding=&#8221;true&#8221; thb_column_padding=&#8221;true&#8221; css=&#8221;.vc_custom_1562672201064{padding-top: 12vh !important;padding-bottom: 20vh !important;background-color: #2e3292 !important;}&#8221;][vc_column][vc_row_inner el_class=&#8221;align-center&#8221;][vc_column_inner thb_color=&#8221;thb-light-column&#8221; el_class=&#8221;text-center&#8221; offset=&#8221;vc_col-lg-7 vc_col-md-8&#8243;][vc_column_text]Prijava[\/vc_column_text][vc_column_text animation=&#8221;animation bottom-to-top&#8221;]\n<h3>Prijavi se, postani i ti dio na\u0161eg tima<\/h3>\n[\/vc_column_text]\t<a id=\"thb-button-69e9398b507c7\" class=\"btn style2 medium  white no-radius    \" href=\"https:\/\/sitolor.hr\/hr\/otvorena-radna-mjesta\/\" target=\"_self\" role=\"button\">\n\t\t<span>Otvorena radna mjesta<\/span>\n\t\t\t<\/a>\n\t\t[\/vc_column_inner][\/vc_row_inner][\/vc_column][\/vc_row]\n","protected":false},"excerpt":{"rendered":"<p>[vc_row thb_full_width=&#8221;true&#8221; thb_row_padding=&#8221;true&#8221; thb_column_padding=&#8221;true&#8221; thb_scroll_bottom=&#8221;true&#8221; thb_scroll_bottom_style=&#8221;style3&#8243; thb_scroll_bottom_color=&#8221;light&#8221; css=&#8221;.vc_custom_1562773670236{padding-top: 24vh !important;padding-bottom: 16vh !important;background: #2e3292 url(https:\/\/sitolor.hr\/wp-content\/uploads\/2019\/07\/sitolor-karijera-radnici-zastita.jpg?id=2207) !important;background-position: center !important;background-repeat: no-repeat !important;background-size: cover !important;}&#8221;][vc_column][vc_row_inner el_class=&#8221;align-center&#8221;][vc_column_inner thb_color=&#8221;thb-light-column&#8221; el_class=&#8221;text-center&#8221; offset=&#8221;vc_col-lg-9 vc_col-md-10&#8243; css=&#8221;.vc_custom_1519118430515{padding-right: 5% !important;padding-left: 5% !important;}&#8221;][vc_column_text] Karijera [\/vc_column_text][vc_empty_space height=&#8221;10px&#8221;][\/vc_column_inner][\/vc_row_inner][\/vc_column][\/vc_row][vc_row el_class=&#8221;align-center&#8221; css=&#8221;.vc_custom_1519136143634{padding-top: 12vh !important;padding-bottom: 7vh !important;}&#8221;][vc_column offset=&#8221;vc_col-lg-6 vc_col-md-8&#8243; el_class=&#8221;text-center&#8221;][vc_column_text] Poti\u010demo na\u0161e zaposlenike na rast i razvoj kako osobno tako i profesionalno&hellip;<\/p>\n","protected":false},"author":1,"featured_media":2210,"parent":0,"menu_order":0,"comment_status":"closed","ping_status":"closed","template":"","meta":[],"categories":[128],"tags":[],"_links":{"self":[{"href":"https:\/\/sitolor.hr\/hr\/wp-json\/wp\/v2\/pages\/1130"}],"collection":[{"href":"https:\/\/sitolor.hr\/hr\/wp-json\/wp\/v2\/pages"}],"about":[{"href":"https:\/\/sitolor.hr\/hr\/wp-json\/wp\/v2\/types\/page"}],"author":[{"embeddable":true,"href":"https:\/\/sitolor.hr\/hr\/wp-json\/wp\/v2\/users\/1"}],"replies":[{"embeddable":true,"href":"https:\/\/sitolor.hr\/hr\/wp-json\/wp\/v2\/comments?post=1130"}],"version-history":[{"count":1,"href":"https:\/\/sitolor.hr\/hr\/wp-json\/wp\/v2\/pages\/1130\/revisions"}],"predecessor-version":[{"id":3560,"href":"https:\/\/sitolor.hr\/hr\/wp-json\/wp\/v2\/pages\/1130\/revisions\/3560"}],"wp:featuredmedia":[{"embeddable":true,"href":"https:\/\/sitolor.hr\/hr\/wp-json\/wp\/v2\/media\/2210"}],"wp:attachment":[{"href":"https:\/\/sitolor.hr\/hr\/wp-json\/wp\/v2\/media?parent=1130"}],"wp:term":[{"taxonomy":"category","embeddable":true,"href":"https:\/\/sitolor.hr\/hr\/wp-json\/wp\/v2\/categories?post=1130"},{"taxonomy":"post_tag","embeddable":true,"href":"https:\/\/sitolor.hr\/hr\/wp-json\/wp\/v2\/tags?post=1130"}],"curies":[{"name":"wp","href":"https:\/\/api.w.org\/{rel}","templated":true}]}}