{"id":1204,"date":"2019-06-29T14:38:36","date_gmt":"2019-06-29T14:38:36","guid":{"rendered":"https:\/\/sitolor.hr\/?page_id=1204"},"modified":"2025-04-03T13:14:50","modified_gmt":"2025-04-03T13:14:50","slug":"1204-2","status":"publish","type":"page","link":"https:\/\/sitolor.hr\/hr\/1204-2\/","title":{"rendered":"Footer Sadr\u017eaj"},"content":{"rendered":"[vc_row thb_full_width=&#8221;true&#8221; thb_row_padding=&#8221;true&#8221; thb_column_padding=&#8221;true&#8221; css=&#8221;.vc_custom_1561885182995{background-color: #2e3292 !important;}&#8221;][vc_column thb_color=&#8221;thb-light-column&#8221; width=&#8221;1\/2&#8243; css=&#8221;.vc_custom_1557490395698{padding-top: 8% !important;padding-right: 8% !important;padding-bottom: 8% !important;padding-left: 8% !important;}&#8221;]\t<div id=\"thb-slidetype-69e9398b626d1\" class=\"thb-slidetype \" data-style=\"style1\">\n\t\t\n<h2><span class=\"thb-slidetype-entry\"><span class=\"lines\">Sitolor d.o.o.<\/span><\/span><\/h2>\n\t\t\t<\/div>\n\n\t[vc_column_text animation=&#8221;animation fade-in&#8221;]<span style=\"font-size: 14px;\">Sitolor d.o.o. za graditeljstvo, proizvodnju i trgovinu<\/span><br \/>\n<span style=\"font-size: 14px;\">Upisan u trgova\u010dki sud u Slavonskom Brodu<\/span><br \/>\n<span style=\"font-size: 14px;\">MB: 3454525, OIB: 21520217808<\/span><br \/>\n<span style=\"font-size: 14px;\">Temeljni kapital dru\u0161tva: 778.790,90 EUR (eura)<\/span><br \/>\n<span style=\"font-size: 14px;\">Direktor Dru\u0161tva: Marko Brajkovi\u0107, dipl.ing.gra\u0111. <\/span><br \/>\n<span style=\"font-size: 14px;\">Direktor Dru\u0161tva za inozemne poslove: Ivan Brajkovi\u0107, mag.ing.aedif<\/span>[\/vc_column_text][vc_column_text animation=&#8221;animation fade-in&#8221;]<span style=\"font-size: 14px;\">Pavla Radi\u0107a 12<\/span><br \/>\n<span style=\"font-size: 14px;\">35000 Slavonski Brod<\/span><br \/>\n<span style=\"font-size: 14px;\"><a href=\"tel:+38535405401\">Tel: +385 35 405 401<\/a><\/span><br \/>\n<span style=\"font-size: 14px;\"><a href=\"mailto:sitolor@sitolor.hr\">Email: sitolor@sitolor.hr<\/a><\/span>[\/vc_column_text][vc_empty_space height=&#8221;25px&#8221;][vc_column_text animation=&#8221;animation fade-in&#8221; css=&#8221;.vc_custom_1718976820149{padding-right: 10% !important;}&#8221;]\n<p style=\"font-size: 18px;\">Ve\u0107 35 godina ispunjavamo o\u010dekivanja klijenata.<\/p>\n[\/vc_column_text][vc_empty_space height=&#8221;25px&#8221;]\t<a id=\"thb-button-69e9398b627e0\" class=\"btn style2 small  accent small-radius animation fade-in   \" href=\"https:\/\/www.facebook.com\/sitolor.karijera\" target=\"_blank\" role=\"button\">\n\t\t\t\t\t<span class=\"thb-button-icon\"><i class=\"fa fa-facebook\"><\/i><\/span><span>Facebook<\/span>\n\t\t\t<\/a>\n\t\t\t<a id=\"thb-button-69e9398b62862\" class=\"btn style2 small  accent small-radius animation fade-in   \" href=\"https:\/\/www.linkedin.com\/company\/sitolor\/\" target=\"_blank\" role=\"button\">\n\t\t\t\t\t<span class=\"thb-button-icon\"><i class=\"fa fa-linkedin\"><\/i><\/span><span>Linkedin<\/span>\n\t\t\t<\/a>\n\t\t[\/vc_column][vc_column width=&#8221;1\/2&#8243;]\t<div class=\"thb_office_location_container style2\">\n\t\t\t\t\t<div id=\"thb-office-locations-504\" class=\"thb-office-locations-style2 thb_location_container \" data-columns=\"medium-3\" data-pagination=\"true\" data-infinite=\"false\" data-navigation=\"\">\n\t\t\t\t\t\t\t\t\t\t\t\t\t\t\t<h2>Uredi<\/h2>\t\t\t\t\t\t\t\t\t\t\t\t\t\t\t\t\t\t\t<div class=\"thb_location\n\t\t\t\t\t\t\t\t\t\t\t\t\tactive\">\n\t\t\t\t\t\t\t<h5>\n\t\t\t\t\t\t\t\t\t\t\t\t\t\tSlavonski Brod<\/h5>\n\t\t\t\t\t\t\t\t\t\t\t\t\t<\/div>\n\t\t\t\t\t\t\t\t\t\t\t\t<\/div>\n\n\t\t\t\t\t\t<div class=\"thb_office_location\n\t\t\" style=\"height:70vh\" data-map-style=\"[\n    {\n        &quot;featureType&quot;: &quot;all&quot;,\n        &quot;elementType&quot;: &quot;labels.text.fill&quot;,\n        &quot;stylers&quot;: [\n            {\n                &quot;saturation&quot;: 36\n            },\n            {\n                &quot;color&quot;: &quot;#000000&quot;\n            },\n            {\n                &quot;lightness&quot;: 40\n            }\n        ]\n    },\n    {\n        &quot;featureType&quot;: &quot;all&quot;,\n        &quot;elementType&quot;: &quot;labels.text.stroke&quot;,\n        &quot;stylers&quot;: [\n            {\n                &quot;visibility&quot;: &quot;on&quot;\n            },\n            {\n                &quot;color&quot;: &quot;#000000&quot;\n            },\n            {\n                &quot;lightness&quot;: 16\n            }\n        ]\n    },\n    {\n        &quot;featureType&quot;: &quot;all&quot;,\n        &quot;elementType&quot;: &quot;labels.icon&quot;,\n        &quot;stylers&quot;: [\n            {\n                &quot;visibility&quot;: &quot;off&quot;\n            }\n        ]\n    },\n    {\n        &quot;featureType&quot;: &quot;administrative&quot;,\n        &quot;elementType&quot;: &quot;geometry.fill&quot;,\n        &quot;stylers&quot;: [\n            {\n                &quot;lightness&quot;: 20\n            },\n            {\n                &quot;color&quot;: &quot;#000000&quot;\n            }\n        ]\n    },\n    {\n        &quot;featureType&quot;: &quot;administrative&quot;,\n        &quot;elementType&quot;: &quot;geometry.stroke&quot;,\n        &quot;stylers&quot;: [\n            {\n                &quot;color&quot;: &quot;#000000&quot;\n            },\n            {\n                &quot;lightness&quot;: 17\n            },\n            {\n                &quot;weight&quot;: 1.2\n            }\n        ]\n    },\n    {\n        &quot;featureType&quot;: &quot;administrative.country&quot;,\n        &quot;elementType&quot;: &quot;labels.text.fill&quot;,\n        &quot;stylers&quot;: [\n            {\n                &quot;visibility&quot;: &quot;on&quot;\n            },\n            {\n                &quot;color&quot;: &quot;#ffffff&quot;\n            }\n        ]\n    },\n    {\n        &quot;featureType&quot;: &quot;administrative.province&quot;,\n        &quot;elementType&quot;: &quot;geometry.fill&quot;,\n        &quot;stylers&quot;: [\n            {\n                &quot;visibility&quot;: &quot;simplified&quot;\n            }\n        ]\n    },\n    {\n        &quot;featureType&quot;: &quot;administrative.province&quot;,\n        &quot;elementType&quot;: &quot;labels.text.fill&quot;,\n        &quot;stylers&quot;: [\n            {\n                &quot;color&quot;: &quot;#ffffff&quot;\n            }\n        ]\n    },\n    {\n        &quot;featureType&quot;: &quot;administrative.province&quot;,\n        &quot;elementType&quot;: &quot;labels.text.stroke&quot;,\n        &quot;stylers&quot;: [\n            {\n                &quot;weight&quot;: &quot;0.01&quot;\n            },\n            {\n                &quot;invert_lightness&quot;: true\n            },\n            {\n                &quot;color&quot;: &quot;#f26c4f&quot;\n            }\n        ]\n    },\n    {\n        &quot;featureType&quot;: &quot;landscape&quot;,\n        &quot;elementType&quot;: &quot;geometry&quot;,\n        &quot;stylers&quot;: [\n            {\n                &quot;color&quot;: &quot;#000000&quot;\n            },\n            {\n                &quot;lightness&quot;: 20\n            }\n        ]\n    },\n    {\n        &quot;featureType&quot;: &quot;poi&quot;,\n        &quot;elementType&quot;: &quot;geometry&quot;,\n        &quot;stylers&quot;: [\n            {\n                &quot;color&quot;: &quot;#000000&quot;\n            },\n            {\n                &quot;lightness&quot;: 21\n            }\n        ]\n    },\n    {\n        &quot;featureType&quot;: &quot;road.highway&quot;,\n        &quot;elementType&quot;: &quot;geometry.fill&quot;,\n        &quot;stylers&quot;: [\n            {\n                &quot;visibility&quot;: &quot;simplified&quot;\n            },\n            {\n                &quot;weight&quot;: &quot;0.05&quot;\n            },\n            {\n                &quot;color&quot;: &quot;#ffffff&quot;\n            },\n            {\n                &quot;lightness&quot;: 17\n            }\n        ]\n    },\n    {\n        &quot;featureType&quot;: &quot;road.highway&quot;,\n        &quot;elementType&quot;: &quot;geometry.stroke&quot;,\n        &quot;stylers&quot;: [\n            {\n                &quot;color&quot;: &quot;#fc1026&quot;\n            },\n            {\n                &quot;weight&quot;: &quot;0.10&quot;\n            },\n            {\n                &quot;invert_lightness&quot;: true\n            },\n            {\n                &quot;lightness&quot;: &quot;0&quot;\n            }\n        ]\n    },\n    {\n        &quot;featureType&quot;: &quot;road.highway&quot;,\n        &quot;elementType&quot;: &quot;labels.text.fill&quot;,\n        &quot;stylers&quot;: [\n            {\n                &quot;color&quot;: &quot;#f26c4f&quot;\n            }\n        ]\n    },\n    {\n        &quot;featureType&quot;: &quot;road.highway.controlled_access&quot;,\n        &quot;elementType&quot;: &quot;geometry&quot;,\n        &quot;stylers&quot;: [\n            {\n                &quot;weight&quot;: &quot;0.30&quot;\n            }\n        ]\n    },\n    {\n        &quot;featureType&quot;: &quot;road.arterial&quot;,\n        &quot;elementType&quot;: &quot;geometry&quot;,\n        &quot;stylers&quot;: [\n            {\n                &quot;color&quot;: &quot;#000000&quot;\n            },\n            {\n                &quot;lightness&quot;: 18\n            }\n        ]\n    },\n    {\n        &quot;featureType&quot;: &quot;road.local&quot;,\n        &quot;elementType&quot;: &quot;geometry&quot;,\n        &quot;stylers&quot;: [\n            {\n                &quot;color&quot;: &quot;#000000&quot;\n            },\n            {\n                &quot;lightness&quot;: 16\n            }\n        ]\n    },\n    {\n        &quot;featureType&quot;: &quot;transit&quot;,\n        &quot;elementType&quot;: &quot;geometry&quot;,\n        &quot;stylers&quot;: [\n            {\n                &quot;color&quot;: &quot;#000000&quot;\n            },\n            {\n                &quot;lightness&quot;: 19\n            }\n        ]\n    },\n    {\n        &quot;featureType&quot;: &quot;water&quot;,\n        &quot;elementType&quot;: &quot;geometry&quot;,\n        &quot;stylers&quot;: [\n            {\n                &quot;color&quot;: &quot;#000000&quot;\n            },\n            {\n                &quot;lightness&quot;: 17\n            }\n        ]\n    }\n]\" data-map-zoom=\"16\" data-map-type=\"roadmap\" data-pan-control=\"1\" data-zoom-control=\"\" data-maptype-control=\"\" data-scale-control=\"\" data-streetview-control=\"\" data-style=\"style2\">\n\t\t\t\t\t\t\t\t<input class=\"thb-location\" type=\"hidden\" data-option=\"{&quot;marker_image&quot;:&quot;https:\\\/\\\/sitolor.hr\\\/wp-content\\\/themes\\\/revolution\\\/assets\\\/img\\\/pin.png&quot;,&quot;marker_title&quot;:&quot;Slavonski Brod&quot;,&quot;marker_description&quot;:&quot;Sitolor d.o.o.&lt;br \\\/&gt;\\nPavla Radi\\u0107a 12&lt;br \\\/&gt;\\n35000 Slavonski Brod, Croatia&lt;br \\\/&gt;\\nT. +385 35 405 401&quot;,&quot;marker_size&quot;:[80,108],&quot;retina_marker&quot;:&quot;1&quot;,&quot;latitude&quot;:&quot;45.176220&quot;,&quot;longitude&quot;:&quot;18.005100&quot;}\" \/>\n\t\t\t\t\t\t<\/div>\n\t\t<style>\n\t\t\t\t\t\t\t\t<\/style>\n\t<\/div>\n\t[\/vc_column][\/vc_row]\n","protected":false},"excerpt":{"rendered":"<p>[vc_row thb_full_width=&#8221;true&#8221; thb_row_padding=&#8221;true&#8221; thb_column_padding=&#8221;true&#8221; css=&#8221;.vc_custom_1561885182995{background-color: #2e3292 !important;}&#8221;][vc_column thb_color=&#8221;thb-light-column&#8221; width=&#8221;1\/2&#8243; css=&#8221;.vc_custom_1557490395698{padding-top: 8% !important;padding-right: 8% !important;padding-bottom: 8% !important;padding-left: 8% !important;}&#8221;][vc_column_text animation=&#8221;animation fade-in&#8221;]Sitolor d.o.o. za graditeljstvo, proizvodnju i trgovinu Upisan u trgova\u010dki sud u Slavonskom Brodu MB: 3454525, OIB: 21520217808 Temeljni kapital dru\u0161tva: 778.790,90 EUR (eura) Direktor Dru\u0161tva: Marko Brajkovi\u0107, dipl.ing.gra\u0111. Direktor Dru\u0161tva za inozemne poslove: Ivan Brajkovi\u0107,&hellip;<\/p>\n","protected":false},"author":1,"featured_media":0,"parent":0,"menu_order":0,"comment_status":"closed","ping_status":"closed","template":"","meta":[],"categories":[],"tags":[],"_links":{"self":[{"href":"https:\/\/sitolor.hr\/hr\/wp-json\/wp\/v2\/pages\/1204"}],"collection":[{"href":"https:\/\/sitolor.hr\/hr\/wp-json\/wp\/v2\/pages"}],"about":[{"href":"https:\/\/sitolor.hr\/hr\/wp-json\/wp\/v2\/types\/page"}],"author":[{"embeddable":true,"href":"https:\/\/sitolor.hr\/hr\/wp-json\/wp\/v2\/users\/1"}],"replies":[{"embeddable":true,"href":"https:\/\/sitolor.hr\/hr\/wp-json\/wp\/v2\/comments?post=1204"}],"version-history":[{"count":6,"href":"https:\/\/sitolor.hr\/hr\/wp-json\/wp\/v2\/pages\/1204\/revisions"}],"predecessor-version":[{"id":15352,"href":"https:\/\/sitolor.hr\/hr\/wp-json\/wp\/v2\/pages\/1204\/revisions\/15352"}],"wp:attachment":[{"href":"https:\/\/sitolor.hr\/hr\/wp-json\/wp\/v2\/media?parent=1204"}],"wp:term":[{"taxonomy":"category","embeddable":true,"href":"https:\/\/sitolor.hr\/hr\/wp-json\/wp\/v2\/categories?post=1204"},{"taxonomy":"post_tag","embeddable":true,"href":"https:\/\/sitolor.hr\/hr\/wp-json\/wp\/v2\/tags?post=1204"}],"curies":[{"name":"wp","href":"https:\/\/api.w.org\/{rel}","templated":true}]}}