{"id":1231,"date":"2019-06-29T16:58:18","date_gmt":"2019-06-29T16:58:18","guid":{"rendered":"https:\/\/sitolor.hr\/?page_id=1231"},"modified":"2024-03-28T14:01:33","modified_gmt":"2024-03-28T14:01:33","slug":"eu-projekti","status":"publish","type":"page","link":"https:\/\/sitolor.hr\/hr\/eu-projekti\/","title":{"rendered":"EU projekti"},"content":{"rendered":"[vc_row][vc_column][vc_column_text]\r\n<h2><u><img class=\"size-full wp-image-12400 aligncenter lazyload\" src=\"data:image\/gif;base64,R0lGODlhAQABAAAAACH5BAEKAAEALAAAAAABAAEAAAICTAEAOw==\" data-src=\"https:\/\/sitolor.hr\/wp-content\/uploads\/2024\/03\/eu1.jpg\" alt=\"\" width=\"662\" height=\"231\" data-sizes=\"auto\" data-srcset=\"https:\/\/sitolor.hr\/wp-content\/uploads\/2024\/03\/eu1.jpg 662w, https:\/\/sitolor.hr\/wp-content\/uploads\/2024\/03\/eu1-300x105.jpg 300w, https:\/\/sitolor.hr\/wp-content\/uploads\/2024\/03\/eu1-380x133.jpg 380w, https:\/\/sitolor.hr\/wp-content\/uploads\/2024\/03\/eu1-20x7.jpg 20w, https:\/\/sitolor.hr\/wp-content\/uploads\/2024\/03\/eu1-190x66.jpg 190w\" sizes=\"(max-width: 662px) 100vw, 662px\" \/><\/u><\/h2>\r\n<h2>\u00a0<\/h2>\r\n<h2><u>Pove\u0107ana digitalna zrelost poduze\u0107a SITOLOR d.o.o. kroz razvoj nove tehnolo\u0161ke platforme<\/u><\/h2>\r\n<h3><strong>Specifi\u010dni cilj projekta<\/strong>:<\/h3>\r\n<p>Cilj projekta je kroz aktivnosti ulaganja u nadogradnju digitalnih alata (ERP softvera) i unaprje\u0111enje digitalnih vje\u0161tina zaposlenika posti\u0107i zna\u010dajan pomak u podru\u010dju digitalizacije poslovanja poduze\u0107a.<\/p>\r\n<h3><strong>\u00a0<\/strong><strong>Osnovni podaci o projektu:<\/strong><\/h3>\r\n<ul>\r\n<li>Naziv projekta : \u201ePove\u0107ana digitalna zrelost poduze\u0107a SITOLOR d.o.o. kroz razvoj nove tehnolo\u0161ke platforme\u201c<\/li>\r\n<li>Trajanje: 12 mjeseci \u2013 06.11.2023. \u2013 06.11.2024.<\/li>\r\n<li>Ukupna vrijednost projekta: 20.000,00 EUR<\/li>\r\n<li>EU sufinanciranje: 12.000,00 EUR<\/li>\r\n<li>Korisnik: SITOLOR d.o.o.<\/li>\r\n<\/ul>\r\n<h3><strong>O\u010dekivani rezultati provedbe<\/strong>:<\/h3>\r\n<p>Provedba aktivnosti doprinijeti \u0107e ostvarenju ciljeva projekta koji \u0107e potom doprinijeti ostvarenju strate\u0161kih ciljeva digitalne transformacije Poduze\u0107a (znatan iskorak u pogledu potpune digitalne transformacije i prelazak u fazu Growth (prema modelu <em>Run\/ Growth\/ Transform ):<\/em><\/p>\r\n<ul>\r\n<li>Pove\u0107anjem produktivnosti zaposlenika i efikasnosti poslovanja<\/li>\r\n<li>Kori\u0161tenjem novih tehnologija<\/li>\r\n<li>Stvaranjem nove\/dodane vrijednosti iz podataka<\/li>\r\n<li>Pove\u0107anjem konkurentnosti<\/li>\r\n<li>Otvaranjem novih tr\u017ei\u0161ta<\/li>\r\n<li>Porastom prihoda.<\/li>\r\n<\/ul>\r\n<p>Kontakt osoba: Katarina I\u0161ek Kauri\u0107<\/p>\r\n<p>Tel: \u00a0\u00a0\u00a0+385 35405404<\/p>\r\n<p>Email: <a href=\"mailto:katarina.isek@sitolor.hr\">katarina.isek@sitolor.hr<\/a><\/p>\r\n<p>Web:\u00a0 \u00a0<a href=\"http:\/\/www.sitolor.hr\">www.sitolor.hr<\/a><\/p>\r\n[\/vc_column_text][vc_row_inner][vc_column_inner][\/vc_column_inner][\/vc_row_inner][vc_column_text]\r\n<p><img class=\"aligncenter size-full wp-image-6280 lazyload\" src=\"data:image\/gif;base64,R0lGODlhAQABAAAAACH5BAEKAAEALAAAAAABAAEAAAICTAEAOw==\" data-src=\"https:\/\/sitolor.hr\/wp-content\/uploads\/2021\/10\/eu-fondovi.png\" alt=\"\" width=\"945\" height=\"164\" data-sizes=\"auto\" data-srcset=\"https:\/\/sitolor.hr\/wp-content\/uploads\/2021\/10\/eu-fondovi.png 945w, https:\/\/sitolor.hr\/wp-content\/uploads\/2021\/10\/eu-fondovi-300x52.png 300w, https:\/\/sitolor.hr\/wp-content\/uploads\/2021\/10\/eu-fondovi-768x133.png 768w, https:\/\/sitolor.hr\/wp-content\/uploads\/2021\/10\/eu-fondovi-380x66.png 380w, https:\/\/sitolor.hr\/wp-content\/uploads\/2021\/10\/eu-fondovi-190x33.png 190w, https:\/\/sitolor.hr\/wp-content\/uploads\/2021\/10\/eu-fondovi-760x132.png 760w, https:\/\/sitolor.hr\/wp-content\/uploads\/2021\/10\/eu-fondovi-20x3.png 20w\" sizes=\"(max-width: 945px) 100vw, 945px\" \/><\/p>\r\n<p>&nbsp;<\/p>\r\n<p style=\"text-align: center; padding-left: 40px;\"><strong>Projekt je sufinancirala Europska unija iz Europskog fonda za regionalni razvoj<\/strong><\/p>\r\n<p>&nbsp;<\/p>\r\n<p>&nbsp;<\/p>\r\n<p><strong><u>Unaprje\u0111enje poslovanja tvrtke Sitolor d.o.o. uvo\u0111enjem ISO sustava<\/u><\/strong><\/p>\r\n<p>Na dan 01.10.2020. godine tvrtka SITOLOR d.o.o.\u00a0 zapo\u010dela je s provedbom projekta: \u201eUnaprje\u0111enje poslovanja tvrtke Sitolor d.o.o. uvo\u0111enjem ISO sustava\u201c. Projekt je sufinanciran sredstvima iz Europskog fonda za regionalni razvoj u sklopu Operativnog programa Konkurentnost i kohezija 2014.-2020.<\/p>\r\n<p><strong>Specifi\u010dni cilj projekta: <\/strong><\/p>\r\n<ul>\r\n<li><strong>Uvo\u0111enje priznatih sustava upravljanja koji \u0107e tvrtku u\u010diniti konkurentnijom na nacionalnom i internacionalnom tr\u017ei\u0161tu te joj time omogu\u0107iti daljnji rast u skladu sa strate\u0161kim ciljevima<\/strong><\/li>\r\n<\/ul>\r\n<p><strong>Osnovni podaci o projektu:<\/strong><\/p>\r\n<ul>\r\n<li>Naziv projekta : \u201eUnaprje\u0111enje poslovanja tvrtke Sitolor d.o.o. uvo\u0111enjem ISO sustava\u201c<\/li>\r\n<li>Trajanje: 12 mjeseci \u2013 01.10.2020. \u2013 01.10.2021.<\/li>\r\n<li>Ukupna vrijednost projekta: 399.928,00 kuna<\/li>\r\n<li>EU sufinanciranje: 197.567,50 kuna<\/li>\r\n<li>Korisnik: SITOLORo.o.<\/li>\r\n<\/ul>\r\n<p><strong>O\u010dekivani rezultati provedbe:<\/strong><\/p>\r\n<ul>\r\n<li>Pove\u0107ani broj sustava upravljanja kvalitetom ili poslovnim procesima uveden u poslovanje<\/li>\r\n<\/ul>\r\n<p>Kontakt osoba: Katarina I\u0161ek Kauri\u0107<\/p>\r\n<p>Tel: +385 35405404<\/p>\r\n<p>Email: <a href=\"mailto:katarina.isek@sitolor.hr\">katarina.isek@sitolor.hr<\/a><\/p>\r\n<p>Web: <a href=\"http:\/\/www.sitolor.hr\">www.sitolor.hr<\/a><\/p>\r\n<p>za vi\u0161e informacija: <a href=\"http:\/\/www.strukturnifondovi.hr\/\">www.strukturnifondovi.hr<\/a><\/p>\r\n<p style=\"text-align: center;\">Sadr\u017eaj ove web objave \u00a0isklju\u010diva je odgovornost tvrtke\u00a0 SITOLOR d.o.o.<\/p>\r\n[\/vc_column_text][\/vc_column][\/vc_row][vc_row][vc_column][vc_row_inner][vc_column_inner][vc_column_text][\/vc_column_text][vc_column_text][\/vc_column_text][vc_column_text][\/vc_column_text][vc_separator color=&#8221;blue&#8221;][\/vc_column_inner][\/vc_row_inner][vc_column_text][\/vc_column_text][vc_column_text]\r\n<h2><strong>BOLJA KONKURENTNOST I U\u010cINKOVITOST KROZ IKT-a<\/strong><br \/>KK.03.2.1.19.0813<\/h2>\r\n<p><strong>Svrha projekta:<\/strong> Svrha projekta \u201eBOLJA KONKURENTNOST I U\u010cINKOVITOST KROZ IKT\u201c je pove\u0107ati produktivnost tvrtke i optimizirati poslovne procese putem integriranja IKT sustava i dodatnog usavr\u0161avanja djelatnika. Upravo iz tog razloga, <strong>SITOLOR d.o.o.<\/strong> kroz projekt je pristupio nabavi roba i usluga te instaliranjem hardvera i dodatne opreme koja slu\u017ei kao platforma za nadogradnju osnovnog softvera i instaliranje specijaliziranih softvera koji objedinjuju poslovne procese.<\/p>\r\n<p><strong>VRIJEDNOST PROJEKTA<\/strong><br \/>Ukupna vrijednost: 1.208.670,00 HRK<br \/>Ukupno prihvatljivi tro\u0161kovi: 1.009.812,60 HRK<br \/>Bespovratna sredstva: 636.181,93 HRK<\/p>\r\n<p><strong>RAZDOBLJE PROVEDBE:<\/strong> Od 15.11.2019. do 15.11.2020. godine<\/p>\r\n<p><strong>AKTIVNOSTI PROJEKTA<\/strong><br \/>\u2022 Nabava roba i usluga;<br \/>\u2022 Edukacija djelatnika;<br \/>\u2022 Upravljanje projektom;<br \/>\u2022 Promid\u017eba i vidljivost.<\/p>\r\n<p><strong>REZULTATI PROJEKTA<\/strong><br \/>Provedba projekta omogu\u0107ila je u\u010dinkovitije planiranje i provo\u0111enje projekta kroz uvo\u0111enje novog programskog rje\u0161enja te se sistematizirao tok informacija i unificirao sustav upravljanja dokumentacijom.<br \/>Tako\u0111er, u okviru projekta izvr\u0161ena je edukacija 16 djelatnika tvrtke SITOLOR d.o.o. i to za rad na novim softverskim i hardverskim rje\u0161enjima, a sve s ciljem postizanja rezultata i svrhe projekta.<br \/>\u2022 Unaprije\u0111eni poslovni procesi:<br \/>\u2022 Upravljanje ljudskim potencijalima;<br \/>\u2022 Financije i ra\u010dunovodstvo;<br \/>\u2022 Upravljanje imovinom;<br \/>\u2022 Logistika;<br \/>\u2022 Marketing;<br \/>\u2022 Nabava;<br \/>\u2022 Prodaja;<br \/>\u2022 Strate\u0161ko planiranje;<br \/>\u2022 Upravljanje rizicima.<\/p>\r\n<p>Sve navedeno pridonijelo je ostvarenju glavnog rezultata projekta, odnosno pove\u0107anje konkurentnosti i u\u010dinkovitost tvrtke.<\/p>\r\n<p>Projekt je sufinanciran sredstvima Europske unije iz Europskog fonda za regionalni razvoj.<\/p>\r\n<p>Kontakt osoba za vi\u0161e informacija: Ivan Brajkovi\u0107, <a href=\"mailto:sitolor@sitolor.hr\">sitolor@sitolor.hr<\/a><br \/>Vi\u0161e informacija mo\u017eete prona\u0107i na <a href=\"http:\/\/www.strukturnifondovi.hr\/\">www.strukturnifondovi.hr<\/a><\/p>\r\n<p><strong>Europska unija<\/strong><br \/><strong>Zajedno do EU fondova<\/strong><\/p>\r\n<p><img class=\"wp-image-1239 alignleft lazyload\" src=\"data:image\/gif;base64,R0lGODlhAQABAAAAACH5BAEKAAEALAAAAAABAAEAAAICTAEAOw==\" data-src=\"https:\/\/sitolor.hr\/wp-content\/uploads\/2019\/06\/ESIIF.png\" alt=\"\" width=\"254\" height=\"113\" data-id=\"1239\" data-link=\"https:\/\/sitolor.hr\/hr\/esiif\/\" data-sizes=\"auto\" data-srcset=\"https:\/\/sitolor.hr\/wp-content\/uploads\/2019\/06\/ESIIF.png 488w, https:\/\/sitolor.hr\/wp-content\/uploads\/2019\/06\/ESIIF-20x9.png 20w, https:\/\/sitolor.hr\/wp-content\/uploads\/2019\/06\/ESIIF-190x84.png 190w\" sizes=\"(max-width: 254px) 100vw, 254px\" \/><img class=\"alignleft lazyload\" src=\"data:image\/gif;base64,R0lGODlhAQABAAAAACH5BAEKAAEALAAAAAABAAEAAAICTAEAOw==\" data-src=\"https:\/\/sitolor.hr\/wp-content\/uploads\/2019\/06\/OKK.png\" width=\"253\" height=\"100\" \/><\/p>\r\n[\/vc_column_text][\/vc_column][vc_column][\/vc_column][vc_column][\/vc_column][\/vc_row][vc_row][vc_column][vc_column_text]\r\n<h3>Pobolj\u0161anje konkurentnosti i u\u010dinkovitosti kroz informacijske i komunikacijske tehnologije (IKT)<\/h3>\r\n\r\n<p><strong>eSitolor <\/strong>&#8211; Implementacija IKT (Informacijske i komunikacijske tehnologije) rje\u0161enja je projekt koji je uspje\u0161no realiziran u 2018. godini. Projekt je sufinancirala Europska unija iz Europskog fonda za regionalni razvoj. Ukupna vrijednost projekta je\u00a0 1.089.300,00 kuna,\u00a0 a realizirano sufinaciranje sa strane EU fondova iznosilo je 725.424,00kn odnosno\u00a0 67% ulo\u017eene investicije.<\/p>\r\n\r\n<p>&nbsp;<\/p>\r\n\r\n<div class=\"wp-block-media-text alignwide has-media-on-the-right\" style=\"grid-template-columns: auto 28%;\">\r\n<figure class=\"wp-block-media-text__media\"><img width=\"240\" height=\"192\" class=\"wp-image-1242 lazyload\" src=\"data:image\/gif;base64,R0lGODlhAQABAAAAACH5BAEKAAEALAAAAAABAAEAAAICTAEAOw==\" data-src=\"https:\/\/sitolor.hr\/wp-content\/uploads\/2019\/06\/EU.png\" alt=\"EU IKT \" data-sizes=\"auto\" data-srcset=\"https:\/\/sitolor.hr\/wp-content\/uploads\/2019\/06\/EU.png 240w, https:\/\/sitolor.hr\/wp-content\/uploads\/2019\/06\/EU-20x16.png 20w, https:\/\/sitolor.hr\/wp-content\/uploads\/2019\/06\/EU-190x152.png 190w\" sizes=\"(max-width: 240px) 100vw, 240px\" \/><\/figure>\r\n<div class=\"wp-block-media-text__content\">\r\n<p>Zahvaljuju\u0107i sredstvima Europske unije nabavljena je oprema za informacijsko-komunikacijsku tehnologiju, osnovna programska rje\u0161enja te programska rje\u0161enja za crtanje i planiranje pomo\u0107u ra\u010dunala. Umre\u017eenjem postoje\u0107e sa novom opremom,\u00a0 omogu\u0107ena je instalacija zahtjevnijeg softvera pa time i\u00a0 objedinjavanje planiranih poslovnih procesa, \u0161to smanjuje vrijeme obrade podataka i rizik od nastanka pogre\u0161aka te gubljenja podataka, \u010dime se pove\u0107ava u\u010dinkovitost djelatnika. Ujedno, implementacijom ERP sustava skra\u0107eno je vrijeme u izradi ponuda, pra\u0107enju i kontroli proizvodnje i gradili\u0161ta, pra\u0107enju i kontroli tro\u0161kova proizvodnje, gradili\u0161ta te tro\u0161kova logistike, odr\u017eavanja obra\u010duna radnih sati i pla\u0107a, svih evidencija vezanih uz ljudske resurse, provedbi nabave, izrade financijsko ra\u010dunovodstvenih izvje\u0161taja. Svrha samog projekta je optimiziranje poslovnih procesa pa samim time pove\u0107anje produktivnosti\u00a0 i konkurentnosti malog i srednjeg poduzetni\u0161tva u Republici Hrvatskoj.<\/p>\r\n<p><\/p>\r\n<\/div>\r\n<\/div>\r\n\r\n<p>&nbsp;<\/p>\r\n\r\n<ul class=\"wp-block-gallery aligncenter columns-2\">\r\n<li class=\"blocks-gallery-item\">\r\n<figure><img class=\"wp-image-1239 lazyload\" src=\"data:image\/gif;base64,R0lGODlhAQABAAAAACH5BAEKAAEALAAAAAABAAEAAAICTAEAOw==\" data-src=\"https:\/\/sitolor.hr\/wp-content\/uploads\/2019\/06\/ESIIF.png\" alt=\"\" width=\"209\" height=\"93\" data-id=\"1239\" data-link=\"https:\/\/sitolor.hr\/hr\/esiif\/\" data-sizes=\"auto\" data-srcset=\"https:\/\/sitolor.hr\/wp-content\/uploads\/2019\/06\/ESIIF.png 488w, https:\/\/sitolor.hr\/wp-content\/uploads\/2019\/06\/ESIIF-20x9.png 20w, https:\/\/sitolor.hr\/wp-content\/uploads\/2019\/06\/ESIIF-190x84.png 190w\" sizes=\"(max-width: 209px) 100vw, 209px\" \/><img class=\"wp-image-1236 lazyload\" src=\"data:image\/gif;base64,R0lGODlhAQABAAAAACH5BAEKAAEALAAAAAABAAEAAAICTAEAOw==\" data-src=\"https:\/\/sitolor.hr\/wp-content\/uploads\/2019\/06\/OKK.png\" alt=\"\" width=\"214\" height=\"85\" data-id=\"1236\" data-link=\"https:\/\/sitolor.hr\/hr\/okk\/\" data-sizes=\"auto\" data-srcset=\"https:\/\/sitolor.hr\/wp-content\/uploads\/2019\/06\/OKK.png 548w, https:\/\/sitolor.hr\/wp-content\/uploads\/2019\/06\/OKK-20x9.png 20w, https:\/\/sitolor.hr\/wp-content\/uploads\/2019\/06\/OKK-190x75.png 190w\" sizes=\"(max-width: 214px) 100vw, 214px\" \/><\/figure>\r\n<\/li>\r\n<\/ul>\r\n\r\n<p>Kako isti\u010de\u00a0<strong>Irena Katalini\u0107<\/strong>, voditeljica projekta, sve aktivnosti realizirane su u skladu s predvi\u0111enom dinamikom te su u Sitoloru vrlo zadovoljni. \u2013 Bilo je puno posla, dosta je papirologije i pripreme su dugotrajne, ali u europskim projektima sve je to\u010dno precizirano, tako da nema nepoznanica i zaista mo\u017eemo izraziti svoje zadovoljstvo projektom. Veliku potporu imali smo od CTR-a \u2013 razvojne agencije Brodsko-posavske \u017eupanije i uz njihovu pomo\u0107 sve je i\u0161lo puno lak\u0161e. Oprema je instalirana, na\u0161i su djelatnici obu\u010deni, uhodavanje je svakodnevno i ve\u0107 su primjetni dobri rezultati. Znatno je skra\u0107eno vrijeme za mnoge poslove, sve je poslo\u017eeno, na jednome mjestu i kako vrijeme bude odmicalo sigurno \u0107e nam olak\u0161ati me\u0111usobnu komunikaciju i cjelokupan rad \u2013 ka\u017ee Irena Katalini\u0107.<\/p>\r\n<p>Ovo je jo\u0161 jedan projekt koji potvr\u0111uje ono \u0161to su naglasili mnogi dosada\u0161nji korisnici europskih sredstava, da su EU projekti veliki benefit koji donosi \u010dlanstvo u Europskoj uniji te najavljuje da Sitolor ne\u0107e stati na prvom projektu: \u2013 Imamo dosta ideja, planiramo i svakako \u017eelimo nastaviti s takvom praksom jer svaki europski projekt je novi izazov, a istovremeno donosi puno toga dobroga.<\/p>\r\n\r\n<p>&nbsp;<\/p>\r\n\r\n<ol>\r\n<li><strong>Nabava i umre\u017eavanje IK opreme<\/strong>\r\n<ul>\r\n<li>IKT oprema, osnovna programska rje\u0161enja, programska rje\u0161enja za crtanje pomo\u0107u ra\u010dunala i planiranje<\/li>\r\n<li>Telefonska centrala<\/li>\r\n<\/ul>\r\n<\/li>\r\n<li><strong>Uvo\u0111enje specijaliziranih IKT rje\u0161enja<\/strong>\r\n<ul>\r\n<li>Uvo\u0111enje novog ERP programskog rje\u0161enja \u2013 specijalizirani software<\/li>\r\n<\/ul>\r\n<\/li>\r\n<li><strong>Osposobljavanje zaposlenika za rad u novim IKT rje\u0161enjima<\/strong>\r\n<ul>\r\n<li>Edukacija kori\u0161tenje ERP programskog rije\u0161enja<\/li>\r\n<li>Edukacija za programska rje\u0161enja za crtanje pomo\u0107u ra\u010dunala<\/li>\r\n<li>Edukacija za programska rje\u0161enja za planiranje pomo\u0107u ra\u010dunala<\/li>\r\n<\/ul>\r\n<\/li>\r\n<li><strong>Promid\u017eba i vidljivost<\/strong>\r\n<ul>\r\n<li>Tiskanje letaka o projektu<\/li>\r\n<li>Tiskanje letaka o projektu<\/li>\r\n<li>Objava \u010dlanka u lokalnim novinama<\/li>\r\n<\/ul>\r\n<\/li>\r\n<li><strong>Upravljanje projektom i administracija<\/strong>\r\n<ul>\r\n<li>Provedba projekta<\/li>\r\n<li>Provo\u0111enje postupka nabave<\/li>\r\n<li>Revizija projekta<\/li>\r\n<\/ul>\r\n<\/li>\r\n<\/ol>\r\n\r\n<p><strong>Voditelj projekta:<\/strong><\/p>\r\n\r\n<p>Irena Katalini\u0107, dipl.oec.<\/p>\r\n\r\n<p>MOB: +385 99\/ 216-7921<br \/>TEL: +385 35\/ 405-403<br \/>FAX: +385 35\/ 405-415<\/p>\r\n\r\n<p>&nbsp;<\/p>\r\n<hr class=\"wp-block-separator\" \/>\r\n<p>Vi\u0161e informacija o EU fondovima potra\u017eite na:<\/p>\r\n\r\n<p><a href=\"http:\/\/www.strukturnifondovi.hr\/\">http:\/\/www.strukturnifondovi.hr\/<\/a><br \/><a href=\"http:\/\/www.mingo.hr\/\">http:\/\/www.mingo.hr\/<\/a><br \/><a href=\"http:\/\/www.hamagbicro.hr\/\">http:\/\/www.hamagbicro.hr\/<\/a><\/p>\r\n[\/vc_column_text][\/vc_column][\/vc_row]","protected":false},"excerpt":{"rendered":"<p>[vc_row][vc_column][vc_column_text] \u00a0 Pove\u0107ana digitalna zrelost poduze\u0107a SITOLOR d.o.o. kroz razvoj nove tehnolo\u0161ke platforme Specifi\u010dni cilj projekta: Cilj projekta je kroz aktivnosti ulaganja u nadogradnju digitalnih alata (ERP softvera) i unaprje\u0111enje digitalnih vje\u0161tina zaposlenika posti\u0107i zna\u010dajan pomak u podru\u010dju digitalizacije poslovanja poduze\u0107a. \u00a0Osnovni podaci o projektu: Naziv projekta : \u201ePove\u0107ana digitalna zrelost poduze\u0107a SITOLOR d.o.o. kroz&hellip;<\/p>\n","protected":false},"author":1,"featured_media":1242,"parent":0,"menu_order":0,"comment_status":"closed","ping_status":"closed","template":"page-default.php","meta":[],"categories":[126],"tags":[],"_links":{"self":[{"href":"https:\/\/sitolor.hr\/hr\/wp-json\/wp\/v2\/pages\/1231"}],"collection":[{"href":"https:\/\/sitolor.hr\/hr\/wp-json\/wp\/v2\/pages"}],"about":[{"href":"https:\/\/sitolor.hr\/hr\/wp-json\/wp\/v2\/types\/page"}],"author":[{"embeddable":true,"href":"https:\/\/sitolor.hr\/hr\/wp-json\/wp\/v2\/users\/1"}],"replies":[{"embeddable":true,"href":"https:\/\/sitolor.hr\/hr\/wp-json\/wp\/v2\/comments?post=1231"}],"version-history":[{"count":5,"href":"https:\/\/sitolor.hr\/hr\/wp-json\/wp\/v2\/pages\/1231\/revisions"}],"predecessor-version":[{"id":12442,"href":"https:\/\/sitolor.hr\/hr\/wp-json\/wp\/v2\/pages\/1231\/revisions\/12442"}],"wp:featuredmedia":[{"embeddable":true,"href":"https:\/\/sitolor.hr\/hr\/wp-json\/wp\/v2\/media\/1242"}],"wp:attachment":[{"href":"https:\/\/sitolor.hr\/hr\/wp-json\/wp\/v2\/media?parent=1231"}],"wp:term":[{"taxonomy":"category","embeddable":true,"href":"https:\/\/sitolor.hr\/hr\/wp-json\/wp\/v2\/categories?post=1231"},{"taxonomy":"post_tag","embeddable":true,"href":"https:\/\/sitolor.hr\/hr\/wp-json\/wp\/v2\/tags?post=1231"}],"curies":[{"name":"wp","href":"https:\/\/api.w.org\/{rel}","templated":true}]}}