{"id":1321,"date":"2019-06-30T12:47:08","date_gmt":"2019-06-30T12:47:08","guid":{"rendered":"https:\/\/sitolor.hr\/?page_id=1321"},"modified":"2019-06-30T12:47:10","modified_gmt":"2019-06-30T12:47:10","slug":"sanacije-rekonstrukcije-betonskih-konstrukcija","status":"publish","type":"page","link":"https:\/\/sitolor.hr\/hr\/sanacije-rekonstrukcije-betonskih-konstrukcija\/","title":{"rendered":"Sanacije\/rekonstrukcije betonskih konstrukcija"},"content":{"rendered":"\n<p><strong>TEHNOLOGIJE KORI\u0160TENE NA SANACIJI BETONSKIH KONSTRUKCIJA:<\/strong><\/p>\n\n\n\n<p><strong>a) HIDRODEMOLIRANJE<\/strong><\/p>\n\n\n\n<p>Hidrodemoliranje ili hidrorazaranje je uklanjanje nezdravog, o\u0161te\u0107enog&nbsp; betona&nbsp; na dubinama \u2264 100 mm, a izvodi se hidrodinami\u010dkim postupkom (mlazom vode pod ultravisokim tlakom \u2264 3000 bar pomo\u0107u ure\u0111aja sa mikroprocesnim navo\u0111enjem zvanim&nbsp; <strong>\u201eROBOT\u201c.<br>\n<\/strong>Prednosti ove tehnologije nad klasi\u010dnim ru\u010dnim postupkom su neusporedive. Prvenstveno, ne stvaraju se vibracije u konstrukciji koje dovode do nastanka mikropukotina. Sporne mikropukotine predstavljaju porozan i propustan sloj i onemogu\u0107uju ispravno prijanjanje novog sanacijskog morta.<\/p>\n\n\n\n<p> <strong>b) INJEKTIRANJE PUKOTINA<\/strong><\/p>\n\n\n\n<p>Sanacija pukotina zazora \u2265 0,5 mm izvodi se standardnim postupkom utiskivanja injekcijske smole ili visokokvalitetnog morta u pukotine oblika \u201eV\u201c koje smo prethodno obradili i pripremili za injektiranje.\u00a0<\/p>\n\n\n\n<p> <strong>c) REPROFILIRANJE BETONSKIH STRUKTURA REPARATURNIM MORTOVIMA<\/strong><\/p>\n\n\n\n<p>Na mjestima uklonjenog betona izvodi se reprofiliranje povr\u0161ine betona radi vra\u0107anja konstrukcije u prvobitnu geometriju , a izvodi se uz pomo\u0107 sanacijskih, reparaturnih mortova dokazane kvalitete\u00a0 namijenjenih za popravak armirano\/betonskih konstrukcija.<\/p>\n\n\n\n<p>\t<strong>d) NANO\u0160ENJE ZA\u0160TITNO-UKRASNIH SUSTAVA<\/strong><\/p>\n\n\n\n<p>Nakon zavr\u0161nog \u010di\u0161\u0107enja i pripreme povr\u0161ine,\u00a0 nanosi se za\u0161titno- ukrasni hidroizolacijski premaz \u010dime se betonska konstrukcija vra\u0107a u prvobitno stanje.\u00a0<\/p>\n\n\n\n<p>Uporabom navedenih tehnologija betonske konstrukcije\u00a0se vra\u0107aju u prvobitno stanje bez potrebe za ru\u0161enjem o\u0161te\u0107ene konstrukcije zbog \u010dega nema niti recikla\u017ee\/zbrinjavanja otpadnog materijala.<\/p>\n","protected":false},"excerpt":{"rendered":"<p>TEHNOLOGIJE KORI\u0160TENE NA SANACIJI BETONSKIH KONSTRUKCIJA: a) HIDRODEMOLIRANJE Hidrodemoliranje ili hidrorazaranje je uklanjanje nezdravog, o\u0161te\u0107enog&nbsp; betona&nbsp; na dubinama \u2264 100 mm, a izvodi se hidrodinami\u010dkim postupkom (mlazom vode pod ultravisokim tlakom \u2264 3000 bar pomo\u0107u ure\u0111aja sa mikroprocesnim navo\u0111enjem zvanim&nbsp; \u201eROBOT\u201c. Prednosti ove tehnologije nad klasi\u010dnim ru\u010dnim postupkom su neusporedive. Prvenstveno, ne stvaraju se vibracije&hellip;<\/p>\n","protected":false},"author":1,"featured_media":0,"parent":0,"menu_order":0,"comment_status":"closed","ping_status":"closed","template":"","meta":[],"categories":[],"tags":[],"_links":{"self":[{"href":"https:\/\/sitolor.hr\/hr\/wp-json\/wp\/v2\/pages\/1321"}],"collection":[{"href":"https:\/\/sitolor.hr\/hr\/wp-json\/wp\/v2\/pages"}],"about":[{"href":"https:\/\/sitolor.hr\/hr\/wp-json\/wp\/v2\/types\/page"}],"author":[{"embeddable":true,"href":"https:\/\/sitolor.hr\/hr\/wp-json\/wp\/v2\/users\/1"}],"replies":[{"embeddable":true,"href":"https:\/\/sitolor.hr\/hr\/wp-json\/wp\/v2\/comments?post=1321"}],"version-history":[{"count":0,"href":"https:\/\/sitolor.hr\/hr\/wp-json\/wp\/v2\/pages\/1321\/revisions"}],"wp:attachment":[{"href":"https:\/\/sitolor.hr\/hr\/wp-json\/wp\/v2\/media?parent=1321"}],"wp:term":[{"taxonomy":"category","embeddable":true,"href":"https:\/\/sitolor.hr\/hr\/wp-json\/wp\/v2\/categories?post=1321"},{"taxonomy":"post_tag","embeddable":true,"href":"https:\/\/sitolor.hr\/hr\/wp-json\/wp\/v2\/tags?post=1321"}],"curies":[{"name":"wp","href":"https:\/\/api.w.org\/{rel}","templated":true}]}}