{"id":1362,"date":"2019-07-03T06:46:37","date_gmt":"2019-07-03T06:46:37","guid":{"rendered":"https:\/\/sitolor.hr\/?page_id=1362"},"modified":"2020-01-11T10:47:20","modified_gmt":"2020-01-11T10:47:20","slug":"korporativna-odgovornost","status":"publish","type":"page","link":"https:\/\/sitolor.hr\/hr\/korporativna-odgovornost\/","title":{"rendered":"Najsuvremenijom tehnologijom \u0161titimo okoli\u0161"},"content":{"rendered":"[vc_row thb_full_width=&#8221;true&#8221; thb_row_padding=&#8221;true&#8221; thb_column_padding=&#8221;true&#8221; parallax=&#8221;content-moving-fade&#8221; parallax_image=&#8221;3841&#8243; thb_scroll_bottom=&#8221;true&#8221; thb_scroll_bottom_style=&#8221;style3&#8243; thb_scroll_bottom_color=&#8221;light&#8221; css=&#8221;.vc_custom_1568864192446{padding-top: 24vh !important;padding-bottom: 24vh !important;background-color: #2e3292 !important;background-position: center;background-repeat: no-repeat !important;background-size: cover !important;}&#8221;][vc_column][vc_row_inner el_class=&#8221;align-center&#8221;][vc_column_inner thb_color=&#8221;thb-light-column&#8221; el_class=&#8221;text-center&#8221; offset=&#8221;vc_col-lg-7 vc_col-md-10&#8243;]\t<div id=\"thb-slidetype-69f0b9954a4dd\" class=\"thb-slidetype \" data-style=\"style1\">\n\t\t\n<h1><span class=\"thb-slidetype-entry\"><span class=\"lines\">Korporativna odgovornost<\/span><\/span><\/h1>\n\t\t\t<\/div>\n\n\t[vc_empty_space height=&#8221;12px&#8221;][vc_column_text animation=&#8221;animation bottom-to-top&#8221;]\n<h4>Primjenjujemo iskustvo i inovacije u svrhu za\u0161tite ljudi i okoli\u0161a<\/h4>\n[\/vc_column_text][\/vc_column_inner][\/vc_row_inner][\/vc_column][\/vc_row][vc_row thb_full_width=&#8221;true&#8221; thb_row_padding=&#8221;true&#8221; thb_column_padding=&#8221;true&#8221; css=&#8221;.vc_custom_1562771843005{padding-top: 12vh !important;padding-bottom: 14vh !important;background-color: #f6f9fb !important;}&#8221;][vc_column][vc_row_inner css=&#8221;.vc_custom_1562599903520{padding-right: 6% !important;padding-left: 6% !important;}&#8221;][vc_column_inner width=&#8221;1\/2&#8243;][vc_column_text animation=&#8221;animation fade-in&#8221;]Na\u0161 uspjeh usko je povezan s napretkom dru\u0161tva odnosno pra\u0107enja i prihva\u0107anja inovacija ne samo na podru\u010dju gra\u0111evinskog sektora ve\u0107 i \u0161ire, a sve u svrhu o\u010duvanja prirodnih resursa i stvaranja vrijednih socijalnih i ekonomskih mogu\u0107nosti za ljude i dru\u0161tva. Na\u0161i klijenti i projekti se sve vi\u0161e suo\u010davaju s najte\u017eim izazovima odr\u017eivosti kao \u0161to su rastu\u0107a urbanizacija, o\u010duvanje pitke vode, pristup odr\u017eivoj energiji, ekstremni vremenski uvjeti i globalni razvoj radne snage. Brinemo se za \u017eivote ljudi i o\u010duvanje okoli\u0161a, promi\u010demo \u201ezelena\u201c rje\u0161enja i svjesnost odgovornosti prema budu\u0107im nara\u0161tajima.<br \/>\n[\/vc_column_text][\/vc_column_inner][vc_column_inner width=&#8221;1\/2&#8243;][vc_column_text animation=&#8221;animation fade-in&#8221;]Smatramo da je odr\u017eivost na\u0161a odgovornost i trudimo se pove\u0107ati pozitivne u\u010dinke na\u0161ih projekata gdje god je to mogu\u0107e i izbjegavati ili barem ubla\u017eavati potencijalno negativne u\u010dinke. Vjerujemo da nismo samo isporu\u010ditelji fizi\u010dke imovine na\u0161im klijentima ve\u0107 da stvaramo i poticajno okru\u017eenje koje \u0107e dugoro\u010dno koristiti ne samo njima ve\u0107 i cijeloj zajednici.<br \/>\n[\/vc_column_text][\/vc_column_inner][\/vc_row_inner][\/vc_column][\/vc_row][vc_row css=&#8221;.vc_custom_1522665185384{padding-top: 15vh !important;padding-bottom: 14vh !important;}&#8221;][vc_column width=&#8221;1\/2&#8243; css=&#8221;.vc_custom_1522696003579{padding-right: 15% !important;}&#8221;]\t<div id=\"thb-slidetype-69f0b9954a53d\" class=\"thb-slidetype \" data-style=\"style1\">\n\t\t\n<h2><span class=\"thb-slidetype-entry\"><span class=\"lines\">Za\u0161tita ljudi i okoli\u0161a<br \/><\/span><\/span><\/h2>\n\t\t\t<\/div>\n\n\t[vc_column_text animation=&#8221;animation bottom-to-top&#8221;]Definiranje ciljeva kvalitete, okoli\u0161a i sigurnosti shva\u0107a se kao vrlo va\u017ean oblik planiranja i pra\u0107enja sveukupnosti sustava upravljanja kvalitetom, okoli\u0161em i sigurnosti i uspje\u0161nosti poslovanja Sitolora. Zbog toga su ciljevi kvalitete, okoli\u0161a i sigurnosti definirani na vi\u0161e razina unutar Sitolora.<\/p>\n<p>Ciljevi kvalitete, okoli\u0161a i sigurnosti definiraju se u sklopu godi\u0161njih planskih aktivnosti vezanih za poslovanje Sitolora (krajem poslovne godine, po\u010detkom naredne) te se tijekom godine prate parametri kojima se mo\u017ee mjeriti ispunjenje zadanih ciljeva. Zadani ciljevi se planiraju i prate pomo\u0107u programa djelovanja za realizaciju navedenih ciljeva, a uklju\u010duju odgovornost za nadzor rada, rokove, mjerenje klju\u010dnih zna\u010dajki utjecaja, potrebnu edukaciju, resurse I zavr\u0161nu ocjenu provedbe.<\/p>\n<p>Tako\u0111er su svi zaposlenici Sitolor-a du\u017eni odvajati otpad prema uputstvima. Ovaj operativni postupak propisan je internim dokumentom Dru\u0161tva i opisuje postupanje s otpadom od njegovog nastanka, prikupljanja, nadzora do trajnog uklanjanja s lokacije. Postupak je primjenjiv na sveukupne djelatnosti, proizvode i usluge u svim organizacijskim jedinicama tvrtke.[\/vc_column_text][\/vc_column][vc_column width=&#8221;1\/2&#8243;]\t<div id=\"thb-image-69f0b9954a5a4\" class=\"caption-style1 animation fade-in aligncenter full  thb_image_link wp-caption \">\n\t\t\t<div class=\"thb-image-inner size_100\">\n\t\t\t<img width=\"1920\" height=\"2560\" src=\"data:image\/gif;base64,R0lGODlhAQABAAAAACH5BAEKAAEALAAAAAABAAEAAAICTAEAOw==\" class=\"thb_image    attachment-full thb-lazyload lazyload\" alt=\"Sitolor za\u0161tita ljudi i okli\u0161a\" title=\"Sitolor za\u0161tita ljudi i okli\u0161a\" sizes=\"(max-width: 1920px) 100vw, 1920px\" data-src=\"https:\/\/sitolor.hr\/wp-content\/uploads\/2019\/08\/sitolor-radovi.jpeg\" data-sizes=\"auto\" data-srcset=\"https:\/\/sitolor.hr\/wp-content\/uploads\/2019\/08\/sitolor-radovi.jpeg 1920w, https:\/\/sitolor.hr\/wp-content\/uploads\/2019\/08\/sitolor-radovi-225x300.jpeg 225w, https:\/\/sitolor.hr\/wp-content\/uploads\/2019\/08\/sitolor-radovi-768x1024.jpeg 768w, https:\/\/sitolor.hr\/wp-content\/uploads\/2019\/08\/sitolor-radovi-380x507.jpeg 380w, https:\/\/sitolor.hr\/wp-content\/uploads\/2019\/08\/sitolor-radovi-190x253.jpeg 190w, https:\/\/sitolor.hr\/wp-content\/uploads\/2019\/08\/sitolor-radovi-760x1013.jpeg 760w, https:\/\/sitolor.hr\/wp-content\/uploads\/2019\/08\/sitolor-radovi-1140x1520.jpeg 1140w, https:\/\/sitolor.hr\/wp-content\/uploads\/2019\/08\/sitolor-radovi-20x27.jpeg 20w\" \/>\t\t\t\t\t<\/div>\n\t\t\t\t\t<\/div>\n\t[\/vc_column][\/vc_row][vc_row css=&#8221;.vc_custom_1564999847776{padding-top: 15vh !important;padding-bottom: 14vh !important;background-color: #f6f9fb !important;}&#8221;][vc_column width=&#8221;1\/2&#8243; css=&#8221;.vc_custom_1522696003579{padding-right: 15% !important;}&#8221;]\t<div id=\"thb-image-69f0b9954d7b9\" class=\"caption-style1 animation fade-in aligncenter full  thb_image_link wp-caption \">\n\t\t\t<div class=\"thb-image-inner size_100\">\n\t\t\t<img width=\"800\" height=\"600\" src=\"data:image\/gif;base64,R0lGODlhAQABAAAAACH5BAEKAAEALAAAAAABAAEAAAICTAEAOw==\" class=\"thb_image    attachment-full thb-lazyload lazyload\" alt=\"\" title=\"sitolor-ljudi\" sizes=\"(max-width: 800px) 100vw, 800px\" data-src=\"https:\/\/sitolor.hr\/wp-content\/uploads\/2019\/08\/sitolor-ljudi.jpeg\" data-sizes=\"auto\" data-srcset=\"https:\/\/sitolor.hr\/wp-content\/uploads\/2019\/08\/sitolor-ljudi.jpeg 800w, https:\/\/sitolor.hr\/wp-content\/uploads\/2019\/08\/sitolor-ljudi-300x225.jpeg 300w, https:\/\/sitolor.hr\/wp-content\/uploads\/2019\/08\/sitolor-ljudi-768x576.jpeg 768w, https:\/\/sitolor.hr\/wp-content\/uploads\/2019\/08\/sitolor-ljudi-380x285.jpeg 380w, https:\/\/sitolor.hr\/wp-content\/uploads\/2019\/08\/sitolor-ljudi-20x15.jpeg 20w, https:\/\/sitolor.hr\/wp-content\/uploads\/2019\/08\/sitolor-ljudi-190x143.jpeg 190w, https:\/\/sitolor.hr\/wp-content\/uploads\/2019\/08\/sitolor-ljudi-760x570.jpeg 760w\" \/>\t\t\t\t\t<\/div>\n\t\t\t\t\t<\/div>\n\t[\/vc_column][vc_column width=&#8221;1\/2&#8243;]\t<div id=\"thb-slidetype-69f0b9954f2c8\" class=\"thb-slidetype \" data-style=\"style1\">\n\t\t\n<h2><span class=\"thb-slidetype-entry\"><span class=\"lines\">Promicanje gospodarskog razvoja<\/span><\/span><\/h2>\n\t\t\t<\/div>\n\n\t[vc_column_text animation=&#8221;animation bottom-to-top&#8221;]Zadovoljstvo kupca, ali i drugih zainteresiranih strana jedan je od najva\u017enijih pokazatelja uspje\u0161nosti na\u0161eg sustava upravljanja kvalitetom, okoli\u0161em i sigurnosti. Zato u Sitoloru poklanjamo veliku pozornost pra\u0107enju svih informacija iz kojih se mo\u017ee ocijeniti njihovo zadovoljstvo pru\u017eenim uslugama odnosno isporu\u010denim proizvodima.<br \/>\nSamo poslovanje kompanije neprestano se pobolj\u0161ava i prilago\u0111ava novim zahtjevima kupaca, tr\u017ei\u0161ta, zakonodavstva i napretku tehnologije i znanosti.<br \/>\n[\/vc_column_text][vc_empty_space]\t<div id=\"thb-slidetype-69f0b9954f319\" class=\"thb-slidetype \" data-style=\"style1\">\n\t\t\n<h2><span class=\"thb-slidetype-entry\"><span class=\"lines\">Partnerstvo s zajednicama i dru\u0161tvom<\/span><\/span><\/h2>\n\t\t\t<\/div>\n\n\t[vc_column_text animation=&#8221;animation bottom-to-top&#8221;]Bez potpore dru\u0161tva i zajednice ne bi bilo ni dana\u0161njeg uspjeha kompanije stoga svoj doprinos boljem dru\u0161tvu ostvarujemo kroz razne programe donacija i sponzorstva raznih kulturnih i sportskih doga\u0111anja. Tako\u0111er , svjesni va\u017enosti ljudskog potencijala , omogu\u0107ujemo svojim zaposlenicima kontinuirane edukacije i osobno usavr\u0161avanje svakog djelatnika.<br \/>\n[\/vc_column_text][\/vc_column][\/vc_row][vc_row thb_full_width=&#8221;true&#8221; thb_row_padding=&#8221;true&#8221; thb_column_padding=&#8221;true&#8221; css=&#8221;.vc_custom_1565082831070{padding-top: 12vh !important;padding-bottom: 14vh !important;}&#8221;][vc_column][vc_row_inner css=&#8221;.vc_custom_1562599903520{padding-right: 6% !important;padding-left: 6% !important;}&#8221;][vc_column_inner width=&#8221;1\/2&#8243;]\t<div id=\"thb-slidetype-69f0b9954f350\" class=\"thb-slidetype \" data-style=\"style1\">\n\t\t\n<h2><span class=\"thb-slidetype-entry\"><span class=\"lines\">Certificirani smo prema me\u0111unarodnim normama<\/span><\/span><\/h2>\n\t\t\t<\/div>\n\n\t[vc_column_text animation=&#8221;animation bottom-to-top&#8221;]\n<ul>\n<li><strong>HRN EN ISO 9001:2008 Sustavi upravljanja kvalitetom od 2003. godine,<\/strong><br \/>\nNorma definira zahtjeve sustava upravljanja kvalitetom, djelovanje uprave odnosno njenu odgovornost, upravljanje resursima, izvo\u0111enje osnovne djelatnosti i nadzor tj. mjerenje, analize i pobolj\u0161anja poslovanja.<\/li>\n<li><strong>HRN EN ISO 14001:2008 Sustavi upravljanja okoli\u0161em od 2011. godine,<\/strong><br \/>\nSustav upravljanja okoli\u0161em obuhva\u0107a sve aspekte utjecaja na\u0161e djelatnosti na okoli\u0161, ispunjavanje zakonskih zahtjeva i uravnote\u017eivanje tro\u0161kova, u\u010dinkovito kori\u0161tenje resursa i spre\u010davanje one\u010di\u0161\u0107enja.<\/li>\n<li><strong>BS OHSAS 18001:2007 Sustav upravljanja sigurnosti i za\u0161titi na radu od 2014. godine.<\/strong><br \/>\nPolitika poslovanja dru\u0161tva SITOLOR je konstantna briga o sigurnosti zaposlenika i drugih uklju\u010denih u njegovo poslovanje, partnera, izvo\u0111a\u010da i kupaca, kao i ljudi u zajednici u kojoj djelujemo. To nam je glavni prioritet i predani smo postizanju i odr\u017eavanju \u201eZero Accidents\u201c poslovanja. Odr\u017eavamo treninge i edukacije o zdravlju i sigurnosti na radnom mjestu, ovisno o relevantnoj radnoj situaciji i okoli\u0161u u kojem se nalaze na\u0161i zaposlenici.<\/li>\n<li><strong>SCC**:2011 Sigurnosno certificiranje dobavlja\u010da -Safety Certificate for Contractors (Sicherheits Certifikat Contraktoren)<\/strong><br \/>\nje me\u0111unarodna norma kojom se potvr\u0111uje da tvrtka Sitolor i njeni zaposlenici primjenjuju sustav upravljanja sigurno\u0161\u0107u na radu, za\u0161titom zdravlja i za\u0161titom okoli\u0161a u skladu sa normama i pravilnicima iz podru\u010dja sanacija betonskih i armiranobetonskih konstrukcija, antikorozivne za\u0161tite i sanacija metalnih konstrukcija, gra\u0111enja in\u017eenjerskih konstrukcija i objekata visokogradnje te izvo\u0111enja specijalisti\u010dkih radova u gra\u0111evinarstvu.<\/li>\n<\/ul>\n[\/vc_column_text][\/vc_column_inner][vc_column_inner width=&#8221;1\/2&#8243;]\t<div id=\"thb-image-69f0b9954f3aa\" class=\"caption-style1 animation fade-in aligncenter full  thb_image_link wp-caption \">\n\t\t\t<div class=\"thb-image-inner size_100\">\n\t\t\t<img width=\"400\" height=\"517\" src=\"data:image\/gif;base64,R0lGODlhAQABAAAAACH5BAEKAAEALAAAAAABAAEAAAICTAEAOw==\" class=\"thb_image    attachment-full thb-lazyload lazyload\" alt=\"\" title=\"sitolor-bonitet\" sizes=\"(max-width: 400px) 100vw, 400px\" data-src=\"https:\/\/sitolor.hr\/wp-content\/uploads\/2019\/08\/sitolor-bonitet.jpg\" data-sizes=\"auto\" data-srcset=\"https:\/\/sitolor.hr\/wp-content\/uploads\/2019\/08\/sitolor-bonitet.jpg 400w, https:\/\/sitolor.hr\/wp-content\/uploads\/2019\/08\/sitolor-bonitet-232x300.jpg 232w, https:\/\/sitolor.hr\/wp-content\/uploads\/2019\/08\/sitolor-bonitet-380x491.jpg 380w, https:\/\/sitolor.hr\/wp-content\/uploads\/2019\/08\/sitolor-bonitet-190x246.jpg 190w, https:\/\/sitolor.hr\/wp-content\/uploads\/2019\/08\/sitolor-bonitet-20x26.jpg 20w\" \/>\t\t\t\t\t<\/div>\n\t\t\t\t\t<\/div>\n\t[\/vc_column_inner][\/vc_row_inner][\/vc_column][\/vc_row][vc_row thb_full_width=&#8221;true&#8221; thb_row_padding=&#8221;true&#8221; thb_column_padding=&#8221;true&#8221; el_class=&#8221;text-center&#8221; css=&#8221;.vc_custom_1565085757927{padding-top: 12vh !important;padding-bottom: 12vh !important;background-color: #2e3292 !important;background-position: center !important;background-repeat: no-repeat !important;background-size: cover !important;}&#8221;][vc_column]\t<a id=\"thb-button-69f0b99551de0\" class=\"btn style2 large  white no-radius animation bottom-to-top   arrow-enabled\" href=\"https:\/\/sitolor.hr\/hr\/kontakt\/\" target=\"_self\" role=\"button\">\n\t\t<span>Kontaktirajte nas<\/span>\n\t<svg xmlns=\"http:\/\/www.w3.org\/2000\/svg\" xmlns:xlink=\"http:\/\/www.w3.org\/1999\/xlink\" x=\"0px\" y=\"0px\"\r\n\t width=\"30px\" height=\"18px\" viewBox=\"0 0 30 18\" enable-background=\"new 0 0 30 18\" xml:space=\"preserve\">\r\n<path class=\"handle\" d=\"M20.305,16.212c-0.407,0.409-0.407,1.071,0,1.479s1.068,0.408,1.476,0l7.914-7.952c0.408-0.409,0.408-1.071,0-1.481\r\n\tl-7.914-7.952c-0.407-0.409-1.068-0.409-1.476,0s-0.407,1.071,0,1.48l7.185,7.221L20.305,16.212z\"\/>\r\n<path class=\"bar\" fill-rule=\"evenodd\" clip-rule=\"evenodd\" d=\"M1,8h28.001c0.551,0,1,0.448,1,1c0,0.553-0.449,1-1,1H1c-0.553,0-1-0.447-1-1\r\n\tC0,8.448,0.447,8,1,8z\"\/>\r\n<\/svg>\r\n\t\t<\/a>\n\t\t[\/vc_column][\/vc_row]\n","protected":false},"excerpt":{"rendered":"<p>[vc_row thb_full_width=&#8221;true&#8221; thb_row_padding=&#8221;true&#8221; thb_column_padding=&#8221;true&#8221; parallax=&#8221;content-moving-fade&#8221; parallax_image=&#8221;3841&#8243; thb_scroll_bottom=&#8221;true&#8221; thb_scroll_bottom_style=&#8221;style3&#8243; thb_scroll_bottom_color=&#8221;light&#8221; css=&#8221;.vc_custom_1568864192446{padding-top: 24vh !important;padding-bottom: 24vh !important;background-color: #2e3292 !important;background-position: center;background-repeat: no-repeat !important;background-size: cover !important;}&#8221;][vc_column][vc_row_inner el_class=&#8221;align-center&#8221;][vc_column_inner thb_color=&#8221;thb-light-column&#8221; el_class=&#8221;text-center&#8221; offset=&#8221;vc_col-lg-7 vc_col-md-10&#8243;][vc_empty_space height=&#8221;12px&#8221;][vc_column_text animation=&#8221;animation bottom-to-top&#8221;] Primjenjujemo iskustvo i inovacije u svrhu za\u0161tite ljudi i okoli\u0161a [\/vc_column_text][\/vc_column_inner][\/vc_row_inner][\/vc_column][\/vc_row][vc_row thb_full_width=&#8221;true&#8221; thb_row_padding=&#8221;true&#8221; thb_column_padding=&#8221;true&#8221; css=&#8221;.vc_custom_1562771843005{padding-top: 12vh !important;padding-bottom: 14vh !important;background-color: #f6f9fb !important;}&#8221;][vc_column][vc_row_inner css=&#8221;.vc_custom_1562599903520{padding-right: 6% !important;padding-left: 6% !important;}&#8221;][vc_column_inner&hellip;<\/p>\n","protected":false},"author":1,"featured_media":2234,"parent":0,"menu_order":0,"comment_status":"closed","ping_status":"closed","template":"","meta":[],"categories":[127],"tags":[],"_links":{"self":[{"href":"https:\/\/sitolor.hr\/hr\/wp-json\/wp\/v2\/pages\/1362"}],"collection":[{"href":"https:\/\/sitolor.hr\/hr\/wp-json\/wp\/v2\/pages"}],"about":[{"href":"https:\/\/sitolor.hr\/hr\/wp-json\/wp\/v2\/types\/page"}],"author":[{"embeddable":true,"href":"https:\/\/sitolor.hr\/hr\/wp-json\/wp\/v2\/users\/1"}],"replies":[{"embeddable":true,"href":"https:\/\/sitolor.hr\/hr\/wp-json\/wp\/v2\/comments?post=1362"}],"version-history":[{"count":3,"href":"https:\/\/sitolor.hr\/hr\/wp-json\/wp\/v2\/pages\/1362\/revisions"}],"predecessor-version":[{"id":3848,"href":"https:\/\/sitolor.hr\/hr\/wp-json\/wp\/v2\/pages\/1362\/revisions\/3848"}],"wp:featuredmedia":[{"embeddable":true,"href":"https:\/\/sitolor.hr\/hr\/wp-json\/wp\/v2\/media\/2234"}],"wp:attachment":[{"href":"https:\/\/sitolor.hr\/hr\/wp-json\/wp\/v2\/media?parent=1362"}],"wp:term":[{"taxonomy":"category","embeddable":true,"href":"https:\/\/sitolor.hr\/hr\/wp-json\/wp\/v2\/categories?post=1362"},{"taxonomy":"post_tag","embeddable":true,"href":"https:\/\/sitolor.hr\/hr\/wp-json\/wp\/v2\/tags?post=1362"}],"curies":[{"name":"wp","href":"https:\/\/api.w.org\/{rel}","templated":true}]}}