{"id":1553,"date":"2019-07-07T22:42:51","date_gmt":"2019-07-07T22:42:51","guid":{"rendered":"https:\/\/sitolor.hr\/?page_id=1553"},"modified":"2021-09-13T08:02:00","modified_gmt":"2021-09-13T08:02:00","slug":"politika-kvalitete","status":"publish","type":"page","link":"https:\/\/sitolor.hr\/hr\/politika-kvalitete\/","title":{"rendered":"Kako radimo \/ Politika kvalitete"},"content":{"rendered":"[vc_row el_class=&#8221;align-center text-center&#8221; css=&#8221;.vc_custom_1563451388820{padding-top: 10vh !important;padding-bottom: 10vh !important;}&#8221;][vc_column offset=&#8221;vc_col-lg-7 vc_col-md-10&#8243;][vc_column_text animation=&#8221;animation bottom-to-top-3d&#8221;]\n<h1>Kako radimo \u2014 politika kvalitete<\/h1>\n[\/vc_column_text][vc_column_text animation=&#8221;animation bottom-to-top&#8221;]<span style=\"font-size: 20px;\">Temelj na\u0161eg uspjeha su na\u0161i zaposlenici i njihova predanost u postizanju rezultata odgovornim poslovanjem i primjenom inovativnih tehnologija. Visoko kvalificiran, stru\u010dan i educiran in\u017eenjerski i proizvodni kadar svojim radom donosi \u0161iroko iskustvo, kvalifikacije i perspektive. <\/span>[\/vc_column_text][\/vc_column][\/vc_row][vc_row el_class=&#8221;align-center&#8221; css=&#8221;.vc_custom_1518204829186{margin-bottom: 15vh !important;}&#8221;][vc_column width=&#8221;2\/3&#8243; offset=&#8221;vc_col-lg-8 vc_col-md-10&#8243;][vc_column_text animation=&#8221;animation bottom-to-top&#8221;]\n<ul>\n<li>Stalna briga o zaposlenicima kao temeljnom resursu na\u0161eg razvoja<\/li>\n<li>Ostvarenje svih ugovorenih zahtjeva s posebnom pa\u017enjom posve\u0107enom detaljima, osiguravamo da svi projekti zadovoljavaju visoke standarde kvalitete<\/li>\n<li>Savjetovanjem na\u0161ih klijenata koriste\u0107i stru\u010dnost i dugogodi\u0161nje iskustvo omogu\u0107ujemo najbolja projektna rje\u0161enja koja osiguravaju optimalnu isplativost u operativnoj fazi<\/li>\n<li>Partnerski odnos sa dobavlja\u010dima i korisnicima usluga<\/li>\n<li>Stalna pobolj\u0161anja na\u0161ih poslovnih procesa<\/li>\n<li>Kori\u0161tenje najsuvremenijih tehnika i tehnologija<\/li>\n<li>Sprje\u010davanje one\u010di\u0161\u0107enja okoli\u0161a kao posljedice na\u0161ih poslovnih aktivnosti<\/li>\n<li>Uskla\u0111ivanje i po\u0161tivanje svih zakonskih, tehni\u010dkih, normativnih i ostalih zahtjeva<\/li>\n<li>Razvijanje i odr\u017eavanje u\u010dinkovitog sustava informiranja zaposlenika o va\u017enosti pitanja zdravlja i sigurnosti na radu<\/li>\n<li>Osiguravanje u\u010dinkovitog nadzora u svim procesima organizacije gdje dolazi do potencijalnog rizika koji ugro\u017eava zdravlje i sigurnost<\/li>\n<li>Bisnode AAA Certifikat je me\u0111unarodno priznata oznaka poslovne izvrsnosti, jedan od najva\u017enijih europskih standarda kojim se definira kvaliteta poslovanja, a temeljena je na financijskim izvje\u0161\u0107ima za proteklu godinu i predvi\u0111a sigurnost rada u sljede\u0107ih dvanaest mjeseci poslovanja. SITOLOR d.o.o. kao jedan od najpouzdanijih poslovnih subjekata u Republici Hrvatskoj svojim je uspje\u0161nim poslovanjem u protekloj financijskoj godini zaslu\u017eio certifikat bonitetne izvrsnosti.<\/li>\n<\/ul>\n[\/vc_column_text][\/vc_column][vc_column width=&#8221;1\/3&#8243;]\t<div id=\"thb-image-69e93e740a166\" class=\"caption-style1 animation fade-in aligncenter   thb_image_link wp-caption \">\n\t\t\t<div class=\"thb-image-inner size_100\">\n\t\t\t<img class=\"thb_image     lazyload\" src=\"data:image\/gif;base64,R0lGODlhAQABAAAAACH5BAEKAAEALAAAAAABAAEAAAICTAEAOw==\" data-src=\"https:\/\/sitolor.hr\/wp-content\/uploads\/2021\/09\/banner-BONITET-e1631519622164.png\" width=\"200\" height=\"200\" alt=\"SITOLOR BONITET IZVRSNOSTI\" title=\"banner BONITET\" \/>\t\t\t\t\t<\/div>\n\t\t\t\t\t<\/div>\n\t[\/vc_column][\/vc_row]\n","protected":false},"excerpt":{"rendered":"<p>[vc_row el_class=&#8221;align-center text-center&#8221; css=&#8221;.vc_custom_1563451388820{padding-top: 10vh !important;padding-bottom: 10vh !important;}&#8221;][vc_column offset=&#8221;vc_col-lg-7 vc_col-md-10&#8243;][vc_column_text animation=&#8221;animation bottom-to-top-3d&#8221;] Kako radimo \u2014 politika kvalitete [\/vc_column_text][vc_column_text animation=&#8221;animation bottom-to-top&#8221;]Temelj na\u0161eg uspjeha su na\u0161i zaposlenici i njihova predanost u postizanju rezultata odgovornim poslovanjem i primjenom inovativnih tehnologija. Visoko kvalificiran, stru\u010dan i educiran in\u017eenjerski i proizvodni kadar svojim radom donosi \u0161iroko iskustvo, kvalifikacije i perspektive. [\/vc_column_text][\/vc_column][\/vc_row][vc_row&hellip;<\/p>\n","protected":false},"author":1,"featured_media":0,"parent":0,"menu_order":0,"comment_status":"closed","ping_status":"closed","template":"","meta":[],"categories":[],"tags":[],"_links":{"self":[{"href":"https:\/\/sitolor.hr\/hr\/wp-json\/wp\/v2\/pages\/1553"}],"collection":[{"href":"https:\/\/sitolor.hr\/hr\/wp-json\/wp\/v2\/pages"}],"about":[{"href":"https:\/\/sitolor.hr\/hr\/wp-json\/wp\/v2\/types\/page"}],"author":[{"embeddable":true,"href":"https:\/\/sitolor.hr\/hr\/wp-json\/wp\/v2\/users\/1"}],"replies":[{"embeddable":true,"href":"https:\/\/sitolor.hr\/hr\/wp-json\/wp\/v2\/comments?post=1553"}],"version-history":[{"count":3,"href":"https:\/\/sitolor.hr\/hr\/wp-json\/wp\/v2\/pages\/1553\/revisions"}],"predecessor-version":[{"id":6220,"href":"https:\/\/sitolor.hr\/hr\/wp-json\/wp\/v2\/pages\/1553\/revisions\/6220"}],"wp:attachment":[{"href":"https:\/\/sitolor.hr\/hr\/wp-json\/wp\/v2\/media?parent=1553"}],"wp:term":[{"taxonomy":"category","embeddable":true,"href":"https:\/\/sitolor.hr\/hr\/wp-json\/wp\/v2\/categories?post=1553"},{"taxonomy":"post_tag","embeddable":true,"href":"https:\/\/sitolor.hr\/hr\/wp-json\/wp\/v2\/tags?post=1553"}],"curies":[{"name":"wp","href":"https:\/\/api.w.org\/{rel}","templated":true}]}}