{"id":1565,"date":"2019-07-08T06:37:19","date_gmt":"2019-07-08T06:37:19","guid":{"rendered":"https:\/\/sitolor.hr\/?page_id=1565"},"modified":"2019-09-19T03:35:19","modified_gmt":"2019-09-19T03:35:19","slug":"investicije","status":"publish","type":"page","link":"https:\/\/sitolor.hr\/hr\/investicije\/","title":{"rendered":"Investicije"},"content":{"rendered":"[vc_row thb_full_width=&#8221;true&#8221; thb_row_padding=&#8221;true&#8221; thb_column_padding=&#8221;true&#8221; parallax=&#8221;content-moving-fade&#8221; parallax_image=&#8221;3832&#8243; thb_scroll_bottom=&#8221;true&#8221; thb_scroll_bottom_style=&#8221;style3&#8243; thb_scroll_bottom_color=&#8221;light&#8221; css=&#8221;.vc_custom_1568864114873{padding-top: 22vh !important;padding-bottom: 22vh !important;background-color: #2e3292 !important;background-position: center;background-repeat: no-repeat !important;background-size: cover !important;}&#8221;][vc_column][vc_row_inner el_class=&#8221;align-center&#8221;][vc_column_inner thb_color=&#8221;thb-light-column&#8221; el_class=&#8221;text-center&#8221; offset=&#8221;vc_col-lg-7 vc_col-md-10&#8243;]\t<div id=\"thb-slidetype-69e49501063a1\" class=\"thb-slidetype \" data-style=\"style1\">\n\t\t\n<h1><span class=\"thb-slidetype-entry\"><span class=\"lines\">Investicije<\/span><\/span><\/h1>\n\t\t\t<\/div>\n\n\t[vc_column_text animation=&#8221;animation bottom-to-top&#8221;]\n<h4>U svojoj ponudi imamo apartmane i luksuzne vile koji udovoljavaju najvi\u0161im standardima u gra\u0111evinarstvu i arhitekturi.<\/h4>\n<h4>Tehni\u010dki, estetski i prije svega funkcionalni zahtjevi savr\u0161eno su ukomponirani u izgradnji i opremanju na\u0161ih vila i apartmana koje su smje\u0161tene na najljep\u0161im lokacijama Jadranske obale.<\/h4>\n[\/vc_column_text][\/vc_column_inner][\/vc_row_inner][\/vc_column][\/vc_row][vc_row thb_full_width=&#8221;true&#8221; thb_row_padding=&#8221;true&#8221; thb_column_padding=&#8221;true&#8221; css=&#8221;.vc_custom_1562599795389{padding-top: 12vh !important;padding-bottom: 14vh !important;background-color: #f2f2f2 !important;}&#8221;][vc_column][vc_row_inner css=&#8221;.vc_custom_1562599903520{padding-right: 6% !important;padding-left: 6% !important;}&#8221;][vc_column_inner width=&#8221;1\/2&#8243;][vc_column_text animation=&#8221;animation fade-in&#8221;]Svoje znanje i iskustvo u gra\u0111enju iskoristili smo kako bismo izgradili luksuzne vile i apartmane na idili\u010dnim lokacijama. Djelatnost nekretnina sastoji se od Poville Residence, rezidencijalnog naselja s pet mediteranskih vila u mjestu Povile, slikovitom mjestu pokraj Novog Vinodolskog te tri vile u ribarskom mjestu Postira na sjevernoj strani otoka Bra\u010da.<\/p>\n<p>Osim same lokacije, vrijednost vila le\u017ei i u \u010dinjenici da su pri izgradnji kori\u0161teni najkvalitetniji materijali te suvremena tehnologija koja udovoljava najvi\u0161im standardima u gra\u0111evinarstvu i arhitekturi.[\/vc_column_text][\/vc_column_inner][vc_column_inner width=&#8221;1\/2&#8243;][vc_column_text animation=&#8221;animation fade-in&#8221;]U <strong>Poville Residence<\/strong> svaka vila ima tek nekoliko prostranih i luksuzno opremljenih apartmana udaljenih od pla\u017ee manje od 20m.<\/p>\n<p><strong>Vile na Bra\u010du<\/strong> imaju po nekoliko apartmana s vrhunskom opremom i predivnim pogledom na more. Smje\u0161tene na turisti\u010dki atraktivnim lokacijama i Poville Residence i vile na Bra\u010du omogu\u0107avaju u\u017eivanje u izvrsnoj ponudi lokalne hrane i vrhunskih vina te u svim turisti\u010dkim sadr\u017eajima.[\/vc_column_text][\/vc_column_inner][\/vc_row_inner][\/vc_column][\/vc_row][vc_row thb_full_width=&#8221;true&#8221; thb_row_padding=&#8221;true&#8221; thb_column_padding=&#8221;true&#8221; css=&#8221;.vc_custom_1562599866695{background-color: #f2f2f2 !important;}&#8221; el_class=&#8221;text-center&#8221;][vc_column thb_color=&#8221;thb-light-column&#8221;][vc_row_inner el_class=&#8221;text-center&#8221;][vc_column_inner offset=&#8221;vc_col-lg-8 vc_col-md-7&#8243;][vc_empty_space height=&#8221;30px&#8221;][\/vc_column_inner][\/vc_row_inner][\/vc_column][\/vc_row][vc_row css=&#8221;.vc_custom_1526393374033{margin-top: -12vh !important;}&#8221;][vc_column width=&#8221;1\/2&#8243;]\t<div id=\"thb-fancy-box-69e4950106421\" class=\"thb-fancy-box  fancy-light fancy-style6  thb-bottom-left    has-link\">\n\t\t\t\t<a href=\"https:\/\/sitolor.hr\/hr\/poville-residence\/\" class=\"thb-fancy-link \" target=\"_self\">\n\t\t\t\t\t\t\t<div class=\"button small style2 white no-radius\"><span>Vi\u0161e<\/span><\/div>\n\t\t\t\t\t<\/a>\n\t\t\t\t<div class=\"thb-fancy-image-container \">\n\t\t\t<div class=\"thb-fancy-image\">\n\t\t\t\t<img width=\"960\" height=\"768\" src=\"https:\/\/sitolor.hr\/wp-content\/uploads\/2019\/07\/sitolor-investicije-960-005-20x36.jpg\" class=\"attachment-revolution-tall-x3 size-revolution-tall-x3 thb-lazyload lazyload\" alt=\"\" sizes=\"(max-width: 960px) 100vw, 960px\" data-src=\"https:\/\/sitolor.hr\/wp-content\/uploads\/2019\/07\/sitolor-investicije-960-005.jpg\" data-sizes=\"auto\" data-srcset=\"https:\/\/sitolor.hr\/wp-content\/uploads\/2019\/07\/sitolor-investicije-960-005.jpg 960w, https:\/\/sitolor.hr\/wp-content\/uploads\/2019\/07\/sitolor-investicije-960-005-300x240.jpg 300w, https:\/\/sitolor.hr\/wp-content\/uploads\/2019\/07\/sitolor-investicije-960-005-768x614.jpg 768w, https:\/\/sitolor.hr\/wp-content\/uploads\/2019\/07\/sitolor-investicije-960-005-380x304.jpg 380w, https:\/\/sitolor.hr\/wp-content\/uploads\/2019\/07\/sitolor-investicije-960-005-20x16.jpg 20w, https:\/\/sitolor.hr\/wp-content\/uploads\/2019\/07\/sitolor-investicije-960-005-190x152.jpg 190w, https:\/\/sitolor.hr\/wp-content\/uploads\/2019\/07\/sitolor-investicije-960-005-760x608.jpg 760w\" \/>\t\t\t<\/div>\n\t\t<\/div>\n\t\t\t\t<div class=\"thb-fancy-content \">\n\t\t\t\t\t\t<div class=\"thb-fancy-text-content\">\n\t\t\t\t\n<h4>POVILLE Residence, Novi Vinodolski<\/h4>\n\t\t\t<\/div>\n\t\t<\/div>\n\t\t<style>\n\t\t\t#thb-fancy-box-69e4950106421,\n\t\t\t#thb-fancy-box-69e4950106421.fancy-style5 .thb-fancy-image-container,\n\t\t\t#thb-fancy-box-69e4950106421 .atvImg-container,\n\t\t\t#thb-fancy-box-69e4950106421 .atvImg-layers {\n\t\t\t\tmin-height: 430px;\n\t\t\t}\n\t\t\t\t\t\t\t#thb-fancy-box-69e4950106421,\n\t\t\t\t#thb-fancy-box-69e4950106421 .thb-fancy-image-container,\n\t\t\t\t#thb-fancy-box-69e4950106421 .thb-fancy-image,\n\t\t\t\t#thb-fancy-box-69e4950106421 .thb-fancy-image img,\n\t\t\t\t#thb-fancy-box-69e4950106421 .thb-fancy-content,\n\t\t\t\t#thb-fancy-box-69e4950106421 .thb-fancy-hover {\n\t\t\t\t\tborder-radius: 0px;\n\t\t\t\t}\n\t\t\t\t\t\t\t\t\t\t\t<\/style>\n\t<\/div>\n\n\t[vc_empty_space height=&#8221;40px&#8221;][\/vc_column][vc_column width=&#8221;1\/2&#8243;]\t<div id=\"thb-fancy-box-69e4950106fe5\" class=\"thb-fancy-box  fancy-light fancy-style6  thb-bottom-left    has-link\">\n\t\t\t\t<a href=\"https:\/\/sitolor.hr\/hr\/vile-brac-postire\/\" class=\"thb-fancy-link \" target=\"_self\">\n\t\t\t\t\t\t\t<div class=\"button small style2 white no-radius\"><span>Vi\u0161e<\/span><\/div>\n\t\t\t\t\t<\/a>\n\t\t\t\t<div class=\"thb-fancy-image-container \">\n\t\t\t<div class=\"thb-fancy-image\">\n\t\t\t\t<img width=\"960\" height=\"768\" src=\"https:\/\/sitolor.hr\/wp-content\/uploads\/2019\/08\/sitolor-investicije-brac-960-004-20x36.jpg\" class=\"attachment-revolution-tall-x3 size-revolution-tall-x3 thb-lazyload lazyload\" alt=\"\" sizes=\"(max-width: 960px) 100vw, 960px\" data-src=\"https:\/\/sitolor.hr\/wp-content\/uploads\/2019\/08\/sitolor-investicije-brac-960-004.jpg\" data-sizes=\"auto\" data-srcset=\"https:\/\/sitolor.hr\/wp-content\/uploads\/2019\/08\/sitolor-investicije-brac-960-004.jpg 960w, https:\/\/sitolor.hr\/wp-content\/uploads\/2019\/08\/sitolor-investicije-brac-960-004-300x240.jpg 300w, https:\/\/sitolor.hr\/wp-content\/uploads\/2019\/08\/sitolor-investicije-brac-960-004-768x614.jpg 768w, https:\/\/sitolor.hr\/wp-content\/uploads\/2019\/08\/sitolor-investicije-brac-960-004-380x304.jpg 380w, https:\/\/sitolor.hr\/wp-content\/uploads\/2019\/08\/sitolor-investicije-brac-960-004-20x16.jpg 20w, https:\/\/sitolor.hr\/wp-content\/uploads\/2019\/08\/sitolor-investicije-brac-960-004-190x152.jpg 190w, https:\/\/sitolor.hr\/wp-content\/uploads\/2019\/08\/sitolor-investicije-brac-960-004-760x608.jpg 760w\" \/>\t\t\t<\/div>\n\t\t<\/div>\n\t\t\t\t<div class=\"thb-fancy-content \">\n\t\t\t\t\t\t<div class=\"thb-fancy-text-content\">\n\t\t\t\t\n<h4>Vile \u201cBra\u010d\u201d, Postira<\/h4>\n\t\t\t<\/div>\n\t\t<\/div>\n\t\t<style>\n\t\t\t#thb-fancy-box-69e4950106fe5,\n\t\t\t#thb-fancy-box-69e4950106fe5.fancy-style5 .thb-fancy-image-container,\n\t\t\t#thb-fancy-box-69e4950106fe5 .atvImg-container,\n\t\t\t#thb-fancy-box-69e4950106fe5 .atvImg-layers {\n\t\t\t\tmin-height: 430px;\n\t\t\t}\n\t\t\t\t\t\t\t#thb-fancy-box-69e4950106fe5,\n\t\t\t\t#thb-fancy-box-69e4950106fe5 .thb-fancy-image-container,\n\t\t\t\t#thb-fancy-box-69e4950106fe5 .thb-fancy-image,\n\t\t\t\t#thb-fancy-box-69e4950106fe5 .thb-fancy-image img,\n\t\t\t\t#thb-fancy-box-69e4950106fe5 .thb-fancy-content,\n\t\t\t\t#thb-fancy-box-69e4950106fe5 .thb-fancy-hover {\n\t\t\t\t\tborder-radius: 0px;\n\t\t\t\t}\n\t\t\t\t\t\t\t\t\t\t\t<\/style>\n\t<\/div>\n\n\t[vc_empty_space height=&#8221;40px&#8221;][\/vc_column][\/vc_row][vc_row thb_full_width=&#8221;true&#8221; thb_row_padding=&#8221;true&#8221; thb_column_padding=&#8221;true&#8221; el_class=&#8221;text-center&#8221; css=&#8221;.vc_custom_1565054022043{margin-top: 6vh !important;padding-top: 12vh !important;padding-bottom: 12vh !important;background-color: #2e3292 !important;background-position: center !important;background-repeat: no-repeat !important;background-size: cover !important;}&#8221;][vc_column]\t<a id=\"thb-button-69e4950107a26\" class=\"btn style2 large  white no-radius animation bottom-to-top   arrow-enabled\" href=\"http:\/\/sitolor.hr\/hr\/kontakt\/\" target=\"_self\" role=\"button\">\n\t\t<span>Kontaktirajte nas<\/span>\n\t<svg xmlns=\"http:\/\/www.w3.org\/2000\/svg\" xmlns:xlink=\"http:\/\/www.w3.org\/1999\/xlink\" x=\"0px\" y=\"0px\"\r\n\t width=\"30px\" height=\"18px\" viewBox=\"0 0 30 18\" enable-background=\"new 0 0 30 18\" xml:space=\"preserve\">\r\n<path class=\"handle\" d=\"M20.305,16.212c-0.407,0.409-0.407,1.071,0,1.479s1.068,0.408,1.476,0l7.914-7.952c0.408-0.409,0.408-1.071,0-1.481\r\n\tl-7.914-7.952c-0.407-0.409-1.068-0.409-1.476,0s-0.407,1.071,0,1.48l7.185,7.221L20.305,16.212z\"\/>\r\n<path class=\"bar\" fill-rule=\"evenodd\" clip-rule=\"evenodd\" d=\"M1,8h28.001c0.551,0,1,0.448,1,1c0,0.553-0.449,1-1,1H1c-0.553,0-1-0.447-1-1\r\n\tC0,8.448,0.447,8,1,8z\"\/>\r\n<\/svg>\r\n\t\t<\/a>\n\t\t[\/vc_column][\/vc_row]\n","protected":false},"excerpt":{"rendered":"<p>[vc_row thb_full_width=&#8221;true&#8221; thb_row_padding=&#8221;true&#8221; thb_column_padding=&#8221;true&#8221; parallax=&#8221;content-moving-fade&#8221; parallax_image=&#8221;3832&#8243; thb_scroll_bottom=&#8221;true&#8221; thb_scroll_bottom_style=&#8221;style3&#8243; thb_scroll_bottom_color=&#8221;light&#8221; css=&#8221;.vc_custom_1568864114873{padding-top: 22vh !important;padding-bottom: 22vh !important;background-color: #2e3292 !important;background-position: center;background-repeat: no-repeat !important;background-size: cover !important;}&#8221;][vc_column][vc_row_inner el_class=&#8221;align-center&#8221;][vc_column_inner thb_color=&#8221;thb-light-column&#8221; el_class=&#8221;text-center&#8221; offset=&#8221;vc_col-lg-7 vc_col-md-10&#8243;][vc_column_text animation=&#8221;animation bottom-to-top&#8221;] U svojoj ponudi imamo apartmane i luksuzne vile koji udovoljavaju najvi\u0161im standardima u gra\u0111evinarstvu i arhitekturi. Tehni\u010dki, estetski i prije svega funkcionalni zahtjevi savr\u0161eno su ukomponirani u&hellip;<\/p>\n","protected":false},"author":1,"featured_media":0,"parent":0,"menu_order":0,"comment_status":"closed","ping_status":"closed","template":"","meta":[],"categories":[],"tags":[],"_links":{"self":[{"href":"https:\/\/sitolor.hr\/hr\/wp-json\/wp\/v2\/pages\/1565"}],"collection":[{"href":"https:\/\/sitolor.hr\/hr\/wp-json\/wp\/v2\/pages"}],"about":[{"href":"https:\/\/sitolor.hr\/hr\/wp-json\/wp\/v2\/types\/page"}],"author":[{"embeddable":true,"href":"https:\/\/sitolor.hr\/hr\/wp-json\/wp\/v2\/users\/1"}],"replies":[{"embeddable":true,"href":"https:\/\/sitolor.hr\/hr\/wp-json\/wp\/v2\/comments?post=1565"}],"version-history":[{"count":3,"href":"https:\/\/sitolor.hr\/hr\/wp-json\/wp\/v2\/pages\/1565\/revisions"}],"predecessor-version":[{"id":3847,"href":"https:\/\/sitolor.hr\/hr\/wp-json\/wp\/v2\/pages\/1565\/revisions\/3847"}],"wp:attachment":[{"href":"https:\/\/sitolor.hr\/hr\/wp-json\/wp\/v2\/media?parent=1565"}],"wp:term":[{"taxonomy":"category","embeddable":true,"href":"https:\/\/sitolor.hr\/hr\/wp-json\/wp\/v2\/categories?post=1565"},{"taxonomy":"post_tag","embeddable":true,"href":"https:\/\/sitolor.hr\/hr\/wp-json\/wp\/v2\/tags?post=1565"}],"curies":[{"name":"wp","href":"https:\/\/api.w.org\/{rel}","templated":true}]}}