{"id":2673,"date":"2019-07-18T11:33:29","date_gmt":"2019-07-18T11:33:29","guid":{"rendered":"https:\/\/sitolor.hr\/?page_id=2673"},"modified":"2019-07-18T12:28:08","modified_gmt":"2019-07-18T12:28:08","slug":"n-h","status":"publish","type":"page","link":"https:\/\/sitolor.hr\/hr\/n-h\/","title":{"rendered":"Novosti Head"},"content":{"rendered":"[vc_row thb_full_width=&#8221;true&#8221; thb_row_padding=&#8221;true&#8221; thb_column_padding=&#8221;true&#8221; thb_scroll_bottom=&#8221;true&#8221; thb_scroll_bottom_style=&#8221;style3&#8243; thb_scroll_bottom_color=&#8221;light&#8221; css=&#8221;.vc_custom_1563451272402{margin-bottom: 4vh !important;padding-top: 20vh !important;padding-bottom: 20vh !important;background: #2e3292 url(https:\/\/sitolor.hr\/wp-content\/uploads\/2019\/07\/sitolor-tomic-bg-blue.jpg?id=1538) !important;background-position: center !important;background-repeat: no-repeat !important;background-size: cover !important;}&#8221;][vc_column][vc_row_inner el_class=&#8221;align-center&#8221;][vc_column_inner thb_color=&#8221;thb-light-column&#8221; el_class=&#8221;text-center&#8221; offset=&#8221;vc_col-lg-7 vc_col-md-10&#8243;]\t<div id=\"thb-slidetype-69e939b44cc79\" class=\"thb-slidetype \" data-style=\"style1\">\n\t\t\n<h1><span class=\"thb-slidetype-entry\"><span class=\"lines\">Novosti<\/span><\/span><\/h1>\n\t\t\t<\/div>\n\n\t[vc_column_text animation=&#8221;animation bottom-to-top&#8221;]\n<h4><strong>Proaktivnim pristupom u stanju smo provesti najslo\u017eenije gra\u0111evinske projekte pri \u010demu posebnu pa\u017enju posve\u0107ujemo okoli\u0161u, kvaliteti, za\u0161titi na radu i zahtjevima investitora.<br \/>\n<\/strong><\/h4>\n[\/vc_column_text][\/vc_column_inner][\/vc_row_inner][\/vc_column][\/vc_row]\n","protected":false},"excerpt":{"rendered":"<p>[vc_row thb_full_width=&#8221;true&#8221; thb_row_padding=&#8221;true&#8221; thb_column_padding=&#8221;true&#8221; thb_scroll_bottom=&#8221;true&#8221; thb_scroll_bottom_style=&#8221;style3&#8243; thb_scroll_bottom_color=&#8221;light&#8221; css=&#8221;.vc_custom_1563451272402{margin-bottom: 4vh !important;padding-top: 20vh !important;padding-bottom: 20vh !important;background: #2e3292 url(https:\/\/sitolor.hr\/wp-content\/uploads\/2019\/07\/sitolor-tomic-bg-blue.jpg?id=1538) !important;background-position: center !important;background-repeat: no-repeat !important;background-size: cover !important;}&#8221;][vc_column][vc_row_inner el_class=&#8221;align-center&#8221;][vc_column_inner thb_color=&#8221;thb-light-column&#8221; el_class=&#8221;text-center&#8221; offset=&#8221;vc_col-lg-7 vc_col-md-10&#8243;][vc_column_text animation=&#8221;animation bottom-to-top&#8221;] Proaktivnim pristupom u stanju smo provesti najslo\u017eenije gra\u0111evinske projekte pri \u010demu posebnu pa\u017enju posve\u0107ujemo okoli\u0161u, kvaliteti, za\u0161titi na radu i zahtjevima investitora. [\/vc_column_text][\/vc_column_inner][\/vc_row_inner][\/vc_column][\/vc_row]<\/p>\n","protected":false},"author":1,"featured_media":0,"parent":0,"menu_order":0,"comment_status":"closed","ping_status":"closed","template":"","meta":[],"categories":[],"tags":[],"_links":{"self":[{"href":"https:\/\/sitolor.hr\/hr\/wp-json\/wp\/v2\/pages\/2673"}],"collection":[{"href":"https:\/\/sitolor.hr\/hr\/wp-json\/wp\/v2\/pages"}],"about":[{"href":"https:\/\/sitolor.hr\/hr\/wp-json\/wp\/v2\/types\/page"}],"author":[{"embeddable":true,"href":"https:\/\/sitolor.hr\/hr\/wp-json\/wp\/v2\/users\/1"}],"replies":[{"embeddable":true,"href":"https:\/\/sitolor.hr\/hr\/wp-json\/wp\/v2\/comments?post=2673"}],"version-history":[{"count":1,"href":"https:\/\/sitolor.hr\/hr\/wp-json\/wp\/v2\/pages\/2673\/revisions"}],"predecessor-version":[{"id":4156,"href":"https:\/\/sitolor.hr\/hr\/wp-json\/wp\/v2\/pages\/2673\/revisions\/4156"}],"wp:attachment":[{"href":"https:\/\/sitolor.hr\/hr\/wp-json\/wp\/v2\/media?parent=2673"}],"wp:term":[{"taxonomy":"category","embeddable":true,"href":"https:\/\/sitolor.hr\/hr\/wp-json\/wp\/v2\/categories?post=2673"},{"taxonomy":"post_tag","embeddable":true,"href":"https:\/\/sitolor.hr\/hr\/wp-json\/wp\/v2\/tags?post=2673"}],"curies":[{"name":"wp","href":"https:\/\/api.w.org\/{rel}","templated":true}]}}