{"id":2705,"date":"2019-07-18T14:06:44","date_gmt":"2019-07-18T14:06:44","guid":{"rendered":"https:\/\/sitolor.hr\/?page_id=2705"},"modified":"2026-03-18T11:19:54","modified_gmt":"2026-03-18T11:19:54","slug":"nas-tim","status":"publish","type":"page","link":"https:\/\/sitolor.hr\/hr\/nas-tim\/","title":{"rendered":"Na\u0161 tim"},"content":{"rendered":"[vc_row thb_full_width=&#8221;true&#8221; thb_row_padding=&#8221;true&#8221; thb_column_padding=&#8221;true&#8221; content_placement=&#8221;bottom&#8221; parallax=&#8221;content-moving-fade&#8221; parallax_image=&#8221;1145&#8243; thb_scroll_bottom=&#8221;true&#8221; thb_scroll_bottom_style=&#8221;style3&#8243; thb_scroll_bottom_color=&#8221;light&#8221; css=&#8221;.vc_custom_1567093443989{padding-top: 18vh !important;padding-bottom: 18vh !important;background: #2e3292 url(https:\/\/sitolor.hr\/wp-content\/uploads\/2019\/06\/sitolor_gradnja_otvorenje-zagreb_001.jpg?id=1145);background-position:center;background-repeat: no-repeat !important;background-size: cover !important;}&#8221;][vc_column][vc_row_inner el_class=&#8221;align-center&#8221;][vc_column_inner thb_color=&#8221;thb-light-column&#8221; el_class=&#8221;text-center&#8221; offset=&#8221;vc_col-lg-7 vc_col-md-10&#8243; css=&#8221;.vc_custom_1563460985549{padding-top: 12vh !important;}&#8221;]\t<div id=\"thb-slidetype-6a045b8a22d72\" class=\"thb-slidetype \" data-style=\"style1\">\n\t\t\n<h1><span class=\"thb-slidetype-entry\"><span class=\"lines\">Na\u0161 tim<\/span><\/span><\/h1>\n\t\t\t<\/div>\n\n\t[vc_column_text animation=&#8221;animation bottom-to-top&#8221;]\n<h4><strong>Ponosimo se kvalitetom na\u0161ih zaposlenika <\/strong><\/h4>\n[\/vc_column_text][vc_empty_space][\/vc_column_inner][\/vc_row_inner][\/vc_column][\/vc_row][vc_row thb_full_width=&#8221;true&#8221; thb_row_padding=&#8221;true&#8221; thb_column_padding=&#8221;true&#8221; css=&#8221;.vc_custom_1562599795389{padding-top: 12vh !important;padding-bottom: 14vh !important;background-color: #f2f2f2 !important;}&#8221;][vc_column][vc_row_inner css=&#8221;.vc_custom_1562599903520{padding-right: 6% !important;padding-left: 6% !important;}&#8221;][vc_column_inner width=&#8221;1\/2&#8243;][vc_column_text animation=&#8221;animation fade-in&#8221;]Pokreta\u010di na\u0161eg uspjeha su na\u0161i zaposlenici i njihova predanost u postizanju rezultata odgovornim poslovanjem i primjenom inovativnih tehnologija. Visoko kvalificiran, stru\u010dan i educiran in\u017eenjerski i proizvodni kadar svojim radom donosi \u0161iroko iskustvo, kvalifikacije i perspektive.<\/p>\n<p>U hrvatskom dru\u0161tvu \u017eene u gra\u0111evini nemaju tradiciju, a Sitolor d.o.o. radi na tome da se taj trend promijeni. Ponosni smo dosada\u0161njim postignutim napretkom, 47% zaposlenih u upravi \u010dine visokoobrazovane \u017eene.[\/vc_column_text][\/vc_column_inner][vc_column_inner width=&#8221;1\/2&#8243;][vc_column_text animation=&#8221;animation fade-in&#8221;]Fantasti\u010dno je vidjeti \u017eene koje vode velike projekte, a mu\u0161karci pokazuju potporu za ravnopravnost spolova. Jedni druge inspiriramo svojim radom i izazovnim razvojnim mogu\u0107nostima u kojima su svi pogledi dobrodo\u0161li.<\/p>\n<p>Na\u0161 cilj je i dalje razvijati na\u0161e zaposlenike kako bi imali najbolje tehni\u010dke i vode\u0107e sposobnosti u industriji jer vrhunske izvedbe zahtijevaju vrhunske ljude.[\/vc_column_text][\/vc_column_inner][\/vc_row_inner][\/vc_column][\/vc_row][vc_row thb_full_width=&#8221;true&#8221; thb_row_padding=&#8221;true&#8221; thb_column_padding=&#8221;true&#8221; css=&#8221;.vc_custom_1563463893512{padding-top: 12vh !important;padding-bottom: 14vh !important;}&#8221;][vc_column][vc_row_inner css=&#8221;.vc_custom_1562599903520{padding-right: 6% !important;padding-left: 6% !important;}&#8221;][vc_column_inner width=&#8221;1\/2&#8243;]\t<div id=\"thb-slidetype-6a045b8a22dfd\" class=\"thb-slidetype \" data-style=\"style1\">\n\t\t\n<h2><span class=\"thb-slidetype-entry\"><span class=\"lines\">Gradimo pozitivne i dugoro\u010dne odnose sa na\u0161im kolegama<\/span><\/span><\/h2>\n\t\t\t<\/div>\n\n\t[vc_column_text animation=&#8221;animation fade-in&#8221;]Temelj na\u0161eg uspjeha su na\u0161i zaposlenici i njihova predanost u postizanju rezultata odgovornim poslovanjem i primjenom inovativnih tehnologija. Visoko kvalificiran, stru\u010dan i educiran in\u017eenjerski i proizvodni kadar svojim radom donosi \u0161iroko iskustvo, kvalifikacije i perspektive.<\/p>\n<p>Stru\u010dnost i inovativnost na\u0161ih zaposlenika nesumnjivo je klju\u010dni \u010dimbenik u na\u0161oj sposobnosti da uspje\u0161no odgovorimo na izazove tr\u017ei\u0161ta koje se stalno mijenja stoga se oslanjamo na zaposlenike i na timski rad, me\u0111usobno uva\u017eavaju\u0107i razli\u010dite ideje i osobnosti, a sve u svrhu vrhunske izvedbe usluge na\u0161im klijentima.[\/vc_column_text][\/vc_column_inner][vc_column_inner width=&#8221;1\/2&#8243;]\t<div id=\"thb-image-slider-766\" class=\"thb-image-slider thb-carousel row mfp-gallery  thb_center thb_equal_height \" data-pagination=\"true\" data-center=\"true\" data-columns=\"1\" data-infinite=\"false\" data-autoplay=\"true\" data-autoplay-speed=\"4000\" data-navigation=\"\">\n\t\t\t\t\t\t<figure class=\"columns\">\n\t\t\t\t\t\t\t\t\t\t<a href=\"https:\/\/sitolor.hr\/wp-content\/uploads\/2019\/07\/sitolor-tim-960.jpg\">\n\t\t\t\t\t\t\t\t\t<img width=\"300\" height=\"238\" src=\"data:image\/gif;base64,R0lGODlhAQABAAAAACH5BAEKAAEALAAAAAABAAEAAAICTAEAOw==\" class=\"attachment-medium thb-lazyload lazyload\" alt=\"\" title=\"sitolor-tim-960\" sizes=\"(max-width: 300px) 100vw, 300px\" data-src=\"https:\/\/sitolor.hr\/wp-content\/uploads\/2019\/07\/sitolor-tim-960-300x238.jpg\" data-sizes=\"auto\" data-srcset=\"https:\/\/sitolor.hr\/wp-content\/uploads\/2019\/07\/sitolor-tim-960-300x238.jpg 300w, https:\/\/sitolor.hr\/wp-content\/uploads\/2019\/07\/sitolor-tim-960-20x16.jpg 20w, https:\/\/sitolor.hr\/wp-content\/uploads\/2019\/07\/sitolor-tim-960-190x150.jpg 190w\" \/>\t\t\t\t\t\t\t\t\t\t<\/a>\n\t\t\t\t\t\t\t\t\t<\/figure>\n\t\t\t\t\t\t\t<figure class=\"columns\">\n\t\t\t\t\t\t\t\t\t\t<a href=\"https:\/\/sitolor.hr\/wp-content\/uploads\/2019\/07\/sitolor-radnici-usavrsavanje-1366.jpg\">\n\t\t\t\t\t\t\t\t\t<img width=\"300\" height=\"169\" src=\"data:image\/gif;base64,R0lGODlhAQABAAAAACH5BAEKAAEALAAAAAABAAEAAAICTAEAOw==\" class=\"attachment-medium thb-lazyload lazyload\" alt=\"\" title=\"sitolor-radnici-usavrsavanje-1366\" sizes=\"(max-width: 300px) 100vw, 300px\" data-src=\"https:\/\/sitolor.hr\/wp-content\/uploads\/2019\/07\/sitolor-radnici-usavrsavanje-1366-300x169.jpg\" data-sizes=\"auto\" data-srcset=\"https:\/\/sitolor.hr\/wp-content\/uploads\/2019\/07\/sitolor-radnici-usavrsavanje-1366-300x169.jpg 300w, https:\/\/sitolor.hr\/wp-content\/uploads\/2019\/07\/sitolor-radnici-usavrsavanje-1366-20x11.jpg 20w, https:\/\/sitolor.hr\/wp-content\/uploads\/2019\/07\/sitolor-radnici-usavrsavanje-1366-190x107.jpg 190w\" \/>\t\t\t\t\t\t\t\t\t\t<\/a>\n\t\t\t\t\t\t\t\t\t<\/figure>\n\t\t\t\t\t\t\t<figure class=\"columns\">\n\t\t\t\t\t\t\t\t\t\t<a href=\"https:\/\/sitolor.hr\/wp-content\/uploads\/2019\/07\/krcki-most-sitolor-projekti-960@2x-012.jpg\">\n\t\t\t\t\t\t\t\t\t<img width=\"300\" height=\"169\" src=\"data:image\/gif;base64,R0lGODlhAQABAAAAACH5BAEKAAEALAAAAAABAAEAAAICTAEAOw==\" class=\"attachment-medium thb-lazyload lazyload\" alt=\"\" title=\"krcki-most-sitolor-projekti-960@2x-012\" sizes=\"(max-width: 300px) 100vw, 300px\" data-src=\"https:\/\/sitolor.hr\/wp-content\/uploads\/2019\/07\/krcki-most-sitolor-projekti-960@2x-012-300x169.jpg\" data-sizes=\"auto\" data-srcset=\"https:\/\/sitolor.hr\/wp-content\/uploads\/2019\/07\/krcki-most-sitolor-projekti-960@2x-012-300x169.jpg 300w, https:\/\/sitolor.hr\/wp-content\/uploads\/2019\/07\/krcki-most-sitolor-projekti-960@2x-012-20x11.jpg 20w, https:\/\/sitolor.hr\/wp-content\/uploads\/2019\/07\/krcki-most-sitolor-projekti-960@2x-012-190x107.jpg 190w\" \/>\t\t\t\t\t\t\t\t\t\t<\/a>\n\t\t\t\t\t\t\t\t\t<\/figure>\n\t\t\t\t<\/div>\n\t[\/vc_column_inner][\/vc_row_inner][\/vc_column][\/vc_row][vc_row thb_full_width=&#8221;true&#8221; thb_row_padding=&#8221;true&#8221; thb_column_padding=&#8221;true&#8221; css=&#8221;.vc_custom_1563463893512{padding-top: 12vh !important;padding-bottom: 14vh !important;}&#8221;][vc_column][vc_row_inner css=&#8221;.vc_custom_1562599903520{padding-right: 6% !important;padding-left: 6% !important;}&#8221;][vc_column_inner width=&#8221;1\/2&#8243;]\t<div id=\"thb-slidetype-6a045b8a26d37\" class=\"thb-slidetype \" data-style=\"style1\">\n\t\t\n<h2><span class=\"thb-slidetype-entry\"><span class=\"lines\">Sitolor d.o.o.<\/span><\/span><\/h2>\n\t\t\t<\/div>\n\n\t[vc_column_text animation=&#8221;animation fade-in&#8221;]<strong>Marko Brajkovi\u0107, dipl.ing.gra\u0111.<\/strong><br \/>\ndirektor Dru\u0161tva<\/p>\n<p><strong>Ivan Brajkovi\u0107, mag.ing.aedif.<\/strong><br \/>\ndirektor Dru\u0161tva za inozemne poslove<\/p>\n<p><strong>Mihaela Brandis \u017deruk, dipl.ing.gra\u0111.\u2028<\/strong><br \/>\nvoditelj in\u017eenjerskog biroa<\/p>\n<p><strong>Marina \u010covi\u0107, mag.ing.aedif.<\/strong><br \/>\nkoordinator projekata[\/vc_column_text][\/vc_column_inner][vc_column_inner width=&#8221;1\/2&#8243;]\t<div id=\"thb-image-6a045b8a26da3\" class=\"caption-style1  alignleft   thb_image_link wp-caption \">\n\t\t\t<div class=\"thb-image-inner size_100\">\n\t\t\t<img width=\"2000\" height=\"1335\" src=\"data:image\/gif;base64,R0lGODlhAQABAAAAACH5BAEKAAEALAAAAAABAAEAAAICTAEAOw==\" class=\"thb_image    attachment-full thb-lazyload lazyload\" alt=\"\" title=\"sitolor_gradnja_otvorenje-zagreb_002\" sizes=\"(max-width: 2000px) 100vw, 2000px\" data-src=\"https:\/\/sitolor.hr\/wp-content\/uploads\/2019\/06\/sitolor_gradnja_otvorenje-zagreb_002.jpg\" data-sizes=\"auto\" data-srcset=\"https:\/\/sitolor.hr\/wp-content\/uploads\/2019\/06\/sitolor_gradnja_otvorenje-zagreb_002.jpg 2000w, https:\/\/sitolor.hr\/wp-content\/uploads\/2019\/06\/sitolor_gradnja_otvorenje-zagreb_002-300x200.jpg 300w, https:\/\/sitolor.hr\/wp-content\/uploads\/2019\/06\/sitolor_gradnja_otvorenje-zagreb_002-768x513.jpg 768w, https:\/\/sitolor.hr\/wp-content\/uploads\/2019\/06\/sitolor_gradnja_otvorenje-zagreb_002-1024x684.jpg 1024w, https:\/\/sitolor.hr\/wp-content\/uploads\/2019\/06\/sitolor_gradnja_otvorenje-zagreb_002-380x254.jpg 380w, https:\/\/sitolor.hr\/wp-content\/uploads\/2019\/06\/sitolor_gradnja_otvorenje-zagreb_002-190x127.jpg 190w, https:\/\/sitolor.hr\/wp-content\/uploads\/2019\/06\/sitolor_gradnja_otvorenje-zagreb_002-760x507.jpg 760w, https:\/\/sitolor.hr\/wp-content\/uploads\/2019\/06\/sitolor_gradnja_otvorenje-zagreb_002-1140x761.jpg 1140w, https:\/\/sitolor.hr\/wp-content\/uploads\/2019\/06\/sitolor_gradnja_otvorenje-zagreb_002-20x13.jpg 20w\" \/>\t\t\t\t\t<\/div>\n\t\t\t\t\t<\/div>\n\t[\/vc_column_inner][\/vc_row_inner][\/vc_column][\/vc_row][vc_row thb_full_width=&#8221;true&#8221; thb_row_padding=&#8221;true&#8221; thb_column_padding=&#8221;true&#8221; el_class=&#8221;text-center&#8221; css=&#8221;.vc_custom_1563511047407{padding-top: 12vh !important;padding-bottom: 12vh !important;background-color: #2e3292 !important;background-position: center !important;background-repeat: no-repeat !important;background-size: cover !important;}&#8221;][vc_column]\t<a id=\"thb-button-6a045b8a28341\" class=\"btn style2 large  white no-radius animation bottom-to-top   arrow-enabled\" href=\"https:\/\/sitolor.hr\/hr\/karijera\/\" target=\"_self\" role=\"button\">\n\t\t<span>Postanite i Vi dio na\u0161eg tima<\/span>\n\t<svg xmlns=\"http:\/\/www.w3.org\/2000\/svg\" xmlns:xlink=\"http:\/\/www.w3.org\/1999\/xlink\" x=\"0px\" y=\"0px\"\r\n\t width=\"30px\" height=\"18px\" viewBox=\"0 0 30 18\" enable-background=\"new 0 0 30 18\" xml:space=\"preserve\">\r\n<path class=\"handle\" d=\"M20.305,16.212c-0.407,0.409-0.407,1.071,0,1.479s1.068,0.408,1.476,0l7.914-7.952c0.408-0.409,0.408-1.071,0-1.481\r\n\tl-7.914-7.952c-0.407-0.409-1.068-0.409-1.476,0s-0.407,1.071,0,1.48l7.185,7.221L20.305,16.212z\"\/>\r\n<path class=\"bar\" fill-rule=\"evenodd\" clip-rule=\"evenodd\" d=\"M1,8h28.001c0.551,0,1,0.448,1,1c0,0.553-0.449,1-1,1H1c-0.553,0-1-0.447-1-1\r\n\tC0,8.448,0.447,8,1,8z\"\/>\r\n<\/svg>\r\n\t\t<\/a>\n\t\t[\/vc_column][\/vc_row]\n","protected":false},"excerpt":{"rendered":"<p>[vc_row thb_full_width=&#8221;true&#8221; thb_row_padding=&#8221;true&#8221; thb_column_padding=&#8221;true&#8221; content_placement=&#8221;bottom&#8221; parallax=&#8221;content-moving-fade&#8221; parallax_image=&#8221;1145&#8243; thb_scroll_bottom=&#8221;true&#8221; thb_scroll_bottom_style=&#8221;style3&#8243; thb_scroll_bottom_color=&#8221;light&#8221; css=&#8221;.vc_custom_1567093443989{padding-top: 18vh !important;padding-bottom: 18vh !important;background: #2e3292 url(https:\/\/sitolor.hr\/wp-content\/uploads\/2019\/06\/sitolor_gradnja_otvorenje-zagreb_001.jpg?id=1145);background-position:center;background-repeat: no-repeat !important;background-size: cover !important;}&#8221;][vc_column][vc_row_inner el_class=&#8221;align-center&#8221;][vc_column_inner thb_color=&#8221;thb-light-column&#8221; el_class=&#8221;text-center&#8221; offset=&#8221;vc_col-lg-7 vc_col-md-10&#8243; css=&#8221;.vc_custom_1563460985549{padding-top: 12vh !important;}&#8221;][vc_column_text animation=&#8221;animation bottom-to-top&#8221;] Ponosimo se kvalitetom na\u0161ih zaposlenika [\/vc_column_text][vc_empty_space][\/vc_column_inner][\/vc_row_inner][\/vc_column][\/vc_row][vc_row thb_full_width=&#8221;true&#8221; thb_row_padding=&#8221;true&#8221; thb_column_padding=&#8221;true&#8221; css=&#8221;.vc_custom_1562599795389{padding-top: 12vh !important;padding-bottom: 14vh !important;background-color: #f2f2f2 !important;}&#8221;][vc_column][vc_row_inner css=&#8221;.vc_custom_1562599903520{padding-right: 6% !important;padding-left: 6% !important;}&#8221;][vc_column_inner width=&#8221;1\/2&#8243;][vc_column_text animation=&#8221;animation fade-in&#8221;]Pokreta\u010di&hellip;<\/p>\n","protected":false},"author":1,"featured_media":1145,"parent":0,"menu_order":0,"comment_status":"closed","ping_status":"closed","template":"","meta":[],"categories":[],"tags":[],"_links":{"self":[{"href":"https:\/\/sitolor.hr\/hr\/wp-json\/wp\/v2\/pages\/2705"}],"collection":[{"href":"https:\/\/sitolor.hr\/hr\/wp-json\/wp\/v2\/pages"}],"about":[{"href":"https:\/\/sitolor.hr\/hr\/wp-json\/wp\/v2\/types\/page"}],"author":[{"embeddable":true,"href":"https:\/\/sitolor.hr\/hr\/wp-json\/wp\/v2\/users\/1"}],"replies":[{"embeddable":true,"href":"https:\/\/sitolor.hr\/hr\/wp-json\/wp\/v2\/comments?post=2705"}],"version-history":[{"count":6,"href":"https:\/\/sitolor.hr\/hr\/wp-json\/wp\/v2\/pages\/2705\/revisions"}],"predecessor-version":[{"id":15806,"href":"https:\/\/sitolor.hr\/hr\/wp-json\/wp\/v2\/pages\/2705\/revisions\/15806"}],"wp:featuredmedia":[{"embeddable":true,"href":"https:\/\/sitolor.hr\/hr\/wp-json\/wp\/v2\/media\/1145"}],"wp:attachment":[{"href":"https:\/\/sitolor.hr\/hr\/wp-json\/wp\/v2\/media?parent=2705"}],"wp:term":[{"taxonomy":"category","embeddable":true,"href":"https:\/\/sitolor.hr\/hr\/wp-json\/wp\/v2\/categories?post=2705"},{"taxonomy":"post_tag","embeddable":true,"href":"https:\/\/sitolor.hr\/hr\/wp-json\/wp\/v2\/tags?post=2705"}],"curies":[{"name":"wp","href":"https:\/\/api.w.org\/{rel}","templated":true}]}}