{"id":2774,"date":"2019-07-19T08:29:06","date_gmt":"2019-07-19T08:29:06","guid":{"rendered":"https:\/\/sitolor.hr\/?page_id=2774"},"modified":"2019-08-13T08:05:45","modified_gmt":"2019-08-13T08:05:45","slug":"poville-residence","status":"publish","type":"page","link":"https:\/\/sitolor.hr\/hr\/poville-residence\/","title":{"rendered":"Poville Residence, Novi Vinodolski"},"content":{"rendered":"[vc_row thb_full_width=&#8221;true&#8221; parallax=&#8221;content-moving&#8221; parallax_image=&#8221;2864&#8243; thb_scroll_bottom=&#8221;true&#8221; thb_scroll_bottom_style=&#8221;style3&#8243; thb_scroll_bottom_color=&#8221;light&#8221; css=&#8221;.vc_custom_1565683542713{padding-top: 30vh !important;padding-bottom: 15vh !important;background-position: center;background-repeat: no-repeat !important;background-size: cover !important;}&#8221; el_class=&#8221;align-center&#8221; bg_gradient1=&#8221;rgba(0,35,61,0.5)&#8221; bg_gradient2=&#8221;rgba(0,35,61,0.5)&#8221;][vc_column thb_color=&#8221;thb-light-column&#8221; animation=&#8221;animation bottom-to-top-3d&#8221; el_class=&#8221;text-center&#8221;][vc_row_inner el_class=&#8221;align-center&#8221;][vc_column_inner offset=&#8221;vc_col-lg-7 vc_col-md-10&#8243;][vc_column_text]\n<h1>POVILLE Residence, Novi Vinodolski<\/h1>\n[\/vc_column_text][\/vc_column_inner][\/vc_row_inner][\/vc_column][\/vc_row][vc_row el_class=&#8221;align-center&#8221; css=&#8221;.vc_custom_1563528216416{padding-top: 14vh !important;padding-bottom: 14vh !important;}&#8221;][vc_column offset=&#8221;vc_col-lg-8 vc_col-md-10&#8243; el_class=&#8221;text-center&#8221;]\t<div id=\"thb-slidetype-69e93e5576d15\" class=\"thb-slidetype \" data-style=\"style1\">\n\t\t\n<h2><span class=\"thb-slidetype-entry\"><span class=\"lines\">Savr\u0161enstvo do posljednjeg detalja!<\/span><\/span><\/h2>\n\t\t\t<\/div>\n\n\t[vc_empty_space height=&#8221;30px&#8221;][vc_column_text animation=&#8221;animation bottom-to-top&#8221;]Jedan od na\u0161ih investicijskih projekata su Poville Residence, rezidencijalno naselje zatvorenog tipa sa pet mediteranskih vila u mjestu Povile, slikovitom mjesta\u0161cu pokraj Novog Vinodolskog u Primorsko &#8211; goranskoj \u017eupaniji. Svojom geografskom lokacijom izme\u0111u Kvarnera i Hrvatskog primorja, Poville Residence je izuzetno dobro prometno povezan sa ostatkom Hrvatske i Europe pa time i lako dostupan.<\/p>\n<p>Svaka od 5 vila ima tek nekoliko prostranih i luksuzno opremljenih apartmana sa pogledom na more te zajedni\u010dki bazen na raspolaganju iako su udaljeni od pla\u017ee manje od 20m. Luksuzni apartmani Poville Residence tako\u0111er nude terasu, vrt i privatno parkirali\u0161te.<br \/>\nVile Poville Residence naselja trenutno se iznajmljuju, osim luksuznih apartmana C2 i C3 koji su dostupni na prodaju. Za detaljni opis svih vila i apartmana kao i za njihovu dostupnost pogledajte <a href=\"http:\/\/poville.com.hr\/\">www.poville.com.hr<\/a><br \/>\n[\/vc_column_text][\/vc_column][\/vc_row][vc_row el_class=&#8221;align-center&#8221; css=&#8221;.vc_custom_1517307468924{padding-bottom: 15vh !important;}&#8221;][vc_column offset=&#8221;vc_col-lg-10 vc_col-md-11&#8243;]\t<div id=\"thb-image-slider-337\" class=\"thb-image-slider thb-carousel row  overflow-visible thb_center  \" data-pagination=\"true\" data-center=\"true\" data-columns=\"1\" data-infinite=\"true\" data-autoplay=\"\" data-autoplay-speed=\"4000\" data-navigation=\"\">\n\t\t\t\t\t\t<figure class=\"columns\">\n\t\t\t\t\t\t\t\t<img width=\"960\" height=\"768\" src=\"data:image\/gif;base64,R0lGODlhAQABAAAAACH5BAEKAAEALAAAAAABAAEAAAICTAEAOw==\" class=\" thb-lazyload lazyload\" alt=\"\" sizes=\"(max-width: 960px) 100vw, 960px\" data-src=\"https:\/\/sitolor.hr\/wp-content\/uploads\/2019\/07\/sitolor-investicije-960-005.jpg\" data-sizes=\"auto\" data-srcset=\"https:\/\/sitolor.hr\/wp-content\/uploads\/2019\/07\/sitolor-investicije-960-005.jpg 960w, https:\/\/sitolor.hr\/wp-content\/uploads\/2019\/07\/sitolor-investicije-960-005-300x240.jpg 300w, https:\/\/sitolor.hr\/wp-content\/uploads\/2019\/07\/sitolor-investicije-960-005-768x614.jpg 768w, https:\/\/sitolor.hr\/wp-content\/uploads\/2019\/07\/sitolor-investicije-960-005-380x304.jpg 380w, https:\/\/sitolor.hr\/wp-content\/uploads\/2019\/07\/sitolor-investicije-960-005-20x16.jpg 20w, https:\/\/sitolor.hr\/wp-content\/uploads\/2019\/07\/sitolor-investicije-960-005-190x152.jpg 190w, https:\/\/sitolor.hr\/wp-content\/uploads\/2019\/07\/sitolor-investicije-960-005-760x608.jpg 760w\" \/>\t\t\t\t\t\t\t\t<\/figure>\n\t\t\t\t\t\t\t<figure class=\"columns\">\n\t\t\t\t\t\t\t\t<img width=\"960\" height=\"768\" src=\"data:image\/gif;base64,R0lGODlhAQABAAAAACH5BAEKAAEALAAAAAABAAEAAAICTAEAOw==\" class=\" thb-lazyload lazyload\" alt=\"\" sizes=\"(max-width: 960px) 100vw, 960px\" data-src=\"https:\/\/sitolor.hr\/wp-content\/uploads\/2019\/07\/sitolor-investicije-960-002.jpg\" data-sizes=\"auto\" data-srcset=\"https:\/\/sitolor.hr\/wp-content\/uploads\/2019\/07\/sitolor-investicije-960-002.jpg 960w, https:\/\/sitolor.hr\/wp-content\/uploads\/2019\/07\/sitolor-investicije-960-002-300x240.jpg 300w, https:\/\/sitolor.hr\/wp-content\/uploads\/2019\/07\/sitolor-investicije-960-002-768x614.jpg 768w, https:\/\/sitolor.hr\/wp-content\/uploads\/2019\/07\/sitolor-investicije-960-002-380x304.jpg 380w, https:\/\/sitolor.hr\/wp-content\/uploads\/2019\/07\/sitolor-investicije-960-002-20x16.jpg 20w, https:\/\/sitolor.hr\/wp-content\/uploads\/2019\/07\/sitolor-investicije-960-002-190x152.jpg 190w, https:\/\/sitolor.hr\/wp-content\/uploads\/2019\/07\/sitolor-investicije-960-002-760x608.jpg 760w\" \/>\t\t\t\t\t\t\t\t<\/figure>\n\t\t\t\t\t\t\t<figure class=\"columns\">\n\t\t\t\t\t\t\t\t<img width=\"960\" height=\"768\" src=\"data:image\/gif;base64,R0lGODlhAQABAAAAACH5BAEKAAEALAAAAAABAAEAAAICTAEAOw==\" class=\" thb-lazyload lazyload\" alt=\"\" sizes=\"(max-width: 960px) 100vw, 960px\" data-src=\"https:\/\/sitolor.hr\/wp-content\/uploads\/2019\/07\/sitolor-investicije-960-003.jpg\" data-sizes=\"auto\" data-srcset=\"https:\/\/sitolor.hr\/wp-content\/uploads\/2019\/07\/sitolor-investicije-960-003.jpg 960w, https:\/\/sitolor.hr\/wp-content\/uploads\/2019\/07\/sitolor-investicije-960-003-300x240.jpg 300w, https:\/\/sitolor.hr\/wp-content\/uploads\/2019\/07\/sitolor-investicije-960-003-768x614.jpg 768w, https:\/\/sitolor.hr\/wp-content\/uploads\/2019\/07\/sitolor-investicije-960-003-380x304.jpg 380w, https:\/\/sitolor.hr\/wp-content\/uploads\/2019\/07\/sitolor-investicije-960-003-20x16.jpg 20w, https:\/\/sitolor.hr\/wp-content\/uploads\/2019\/07\/sitolor-investicije-960-003-190x152.jpg 190w, https:\/\/sitolor.hr\/wp-content\/uploads\/2019\/07\/sitolor-investicije-960-003-760x608.jpg 760w\" \/>\t\t\t\t\t\t\t\t<\/figure>\n\t\t\t\t\t\t\t<figure class=\"columns\">\n\t\t\t\t\t\t\t\t<img width=\"960\" height=\"768\" src=\"data:image\/gif;base64,R0lGODlhAQABAAAAACH5BAEKAAEALAAAAAABAAEAAAICTAEAOw==\" class=\" thb-lazyload lazyload\" alt=\"\" sizes=\"(max-width: 960px) 100vw, 960px\" data-src=\"https:\/\/sitolor.hr\/wp-content\/uploads\/2019\/07\/sitolor-investicije-960-008.jpg\" data-sizes=\"auto\" data-srcset=\"https:\/\/sitolor.hr\/wp-content\/uploads\/2019\/07\/sitolor-investicije-960-008.jpg 960w, https:\/\/sitolor.hr\/wp-content\/uploads\/2019\/07\/sitolor-investicije-960-008-300x240.jpg 300w, https:\/\/sitolor.hr\/wp-content\/uploads\/2019\/07\/sitolor-investicije-960-008-768x614.jpg 768w, https:\/\/sitolor.hr\/wp-content\/uploads\/2019\/07\/sitolor-investicije-960-008-380x304.jpg 380w, https:\/\/sitolor.hr\/wp-content\/uploads\/2019\/07\/sitolor-investicije-960-008-20x16.jpg 20w, https:\/\/sitolor.hr\/wp-content\/uploads\/2019\/07\/sitolor-investicije-960-008-190x152.jpg 190w, https:\/\/sitolor.hr\/wp-content\/uploads\/2019\/07\/sitolor-investicije-960-008-760x608.jpg 760w\" \/>\t\t\t\t\t\t\t\t<\/figure>\n\t\t\t\t\t\t\t<figure class=\"columns\">\n\t\t\t\t\t\t\t\t<img width=\"960\" height=\"768\" src=\"data:image\/gif;base64,R0lGODlhAQABAAAAACH5BAEKAAEALAAAAAABAAEAAAICTAEAOw==\" class=\" thb-lazyload lazyload\" alt=\"\" sizes=\"(max-width: 960px) 100vw, 960px\" data-src=\"https:\/\/sitolor.hr\/wp-content\/uploads\/2019\/07\/sitolor-investicije-960-006.jpg\" data-sizes=\"auto\" data-srcset=\"https:\/\/sitolor.hr\/wp-content\/uploads\/2019\/07\/sitolor-investicije-960-006.jpg 960w, https:\/\/sitolor.hr\/wp-content\/uploads\/2019\/07\/sitolor-investicije-960-006-300x240.jpg 300w, https:\/\/sitolor.hr\/wp-content\/uploads\/2019\/07\/sitolor-investicije-960-006-768x614.jpg 768w, https:\/\/sitolor.hr\/wp-content\/uploads\/2019\/07\/sitolor-investicije-960-006-380x304.jpg 380w, https:\/\/sitolor.hr\/wp-content\/uploads\/2019\/07\/sitolor-investicije-960-006-20x16.jpg 20w, https:\/\/sitolor.hr\/wp-content\/uploads\/2019\/07\/sitolor-investicije-960-006-190x152.jpg 190w, https:\/\/sitolor.hr\/wp-content\/uploads\/2019\/07\/sitolor-investicije-960-006-760x608.jpg 760w\" \/>\t\t\t\t\t\t\t\t<\/figure>\n\t\t\t\t\t\t\t<figure class=\"columns\">\n\t\t\t\t\t\t\t\t<img width=\"960\" height=\"768\" src=\"data:image\/gif;base64,R0lGODlhAQABAAAAACH5BAEKAAEALAAAAAABAAEAAAICTAEAOw==\" class=\" thb-lazyload lazyload\" alt=\"\" sizes=\"(max-width: 960px) 100vw, 960px\" data-src=\"https:\/\/sitolor.hr\/wp-content\/uploads\/2019\/07\/sitolor-investicije-960-010.jpg\" data-sizes=\"auto\" data-srcset=\"https:\/\/sitolor.hr\/wp-content\/uploads\/2019\/07\/sitolor-investicije-960-010.jpg 960w, https:\/\/sitolor.hr\/wp-content\/uploads\/2019\/07\/sitolor-investicije-960-010-300x240.jpg 300w, https:\/\/sitolor.hr\/wp-content\/uploads\/2019\/07\/sitolor-investicije-960-010-768x614.jpg 768w, https:\/\/sitolor.hr\/wp-content\/uploads\/2019\/07\/sitolor-investicije-960-010-380x304.jpg 380w, https:\/\/sitolor.hr\/wp-content\/uploads\/2019\/07\/sitolor-investicije-960-010-20x16.jpg 20w, https:\/\/sitolor.hr\/wp-content\/uploads\/2019\/07\/sitolor-investicije-960-010-190x152.jpg 190w, https:\/\/sitolor.hr\/wp-content\/uploads\/2019\/07\/sitolor-investicije-960-010-760x608.jpg 760w\" \/>\t\t\t\t\t\t\t\t<\/figure>\n\t\t\t\t\t\t\t<figure class=\"columns\">\n\t\t\t\t\t\t\t\t<img width=\"960\" height=\"768\" src=\"data:image\/gif;base64,R0lGODlhAQABAAAAACH5BAEKAAEALAAAAAABAAEAAAICTAEAOw==\" class=\" thb-lazyload lazyload\" alt=\"\" sizes=\"(max-width: 960px) 100vw, 960px\" data-src=\"https:\/\/sitolor.hr\/wp-content\/uploads\/2019\/07\/sitolor-investicije-960-007.jpg\" data-sizes=\"auto\" data-srcset=\"https:\/\/sitolor.hr\/wp-content\/uploads\/2019\/07\/sitolor-investicije-960-007.jpg 960w, https:\/\/sitolor.hr\/wp-content\/uploads\/2019\/07\/sitolor-investicije-960-007-300x240.jpg 300w, https:\/\/sitolor.hr\/wp-content\/uploads\/2019\/07\/sitolor-investicije-960-007-768x614.jpg 768w, https:\/\/sitolor.hr\/wp-content\/uploads\/2019\/07\/sitolor-investicije-960-007-380x304.jpg 380w, https:\/\/sitolor.hr\/wp-content\/uploads\/2019\/07\/sitolor-investicije-960-007-20x16.jpg 20w, https:\/\/sitolor.hr\/wp-content\/uploads\/2019\/07\/sitolor-investicije-960-007-190x152.jpg 190w, https:\/\/sitolor.hr\/wp-content\/uploads\/2019\/07\/sitolor-investicije-960-007-760x608.jpg 760w\" \/>\t\t\t\t\t\t\t\t<\/figure>\n\t\t\t\t\t\t\t<figure class=\"columns\">\n\t\t\t\t\t\t\t\t<img width=\"960\" height=\"768\" src=\"data:image\/gif;base64,R0lGODlhAQABAAAAACH5BAEKAAEALAAAAAABAAEAAAICTAEAOw==\" class=\" thb-lazyload lazyload\" alt=\"\" sizes=\"(max-width: 960px) 100vw, 960px\" data-src=\"https:\/\/sitolor.hr\/wp-content\/uploads\/2019\/07\/sitolor-investicije-960-009.jpg\" data-sizes=\"auto\" data-srcset=\"https:\/\/sitolor.hr\/wp-content\/uploads\/2019\/07\/sitolor-investicije-960-009.jpg 960w, https:\/\/sitolor.hr\/wp-content\/uploads\/2019\/07\/sitolor-investicije-960-009-300x240.jpg 300w, https:\/\/sitolor.hr\/wp-content\/uploads\/2019\/07\/sitolor-investicije-960-009-768x614.jpg 768w, https:\/\/sitolor.hr\/wp-content\/uploads\/2019\/07\/sitolor-investicije-960-009-380x304.jpg 380w, https:\/\/sitolor.hr\/wp-content\/uploads\/2019\/07\/sitolor-investicije-960-009-20x16.jpg 20w, https:\/\/sitolor.hr\/wp-content\/uploads\/2019\/07\/sitolor-investicije-960-009-190x152.jpg 190w, https:\/\/sitolor.hr\/wp-content\/uploads\/2019\/07\/sitolor-investicije-960-009-760x608.jpg 760w\" \/>\t\t\t\t\t\t\t\t<\/figure>\n\t\t\t\t\t\t\t<figure class=\"columns\">\n\t\t\t\t\t\t\t\t<img width=\"960\" height=\"760\" src=\"data:image\/gif;base64,R0lGODlhAQABAAAAACH5BAEKAAEALAAAAAABAAEAAAICTAEAOw==\" class=\" thb-lazyload lazyload\" alt=\"\" sizes=\"(max-width: 960px) 100vw, 960px\" data-src=\"https:\/\/sitolor.hr\/wp-content\/uploads\/2019\/07\/sitolor-investicije-960-001.jpg\" data-sizes=\"auto\" data-srcset=\"https:\/\/sitolor.hr\/wp-content\/uploads\/2019\/07\/sitolor-investicije-960-001.jpg 960w, https:\/\/sitolor.hr\/wp-content\/uploads\/2019\/07\/sitolor-investicije-960-001-300x238.jpg 300w, https:\/\/sitolor.hr\/wp-content\/uploads\/2019\/07\/sitolor-investicije-960-001-768x608.jpg 768w, https:\/\/sitolor.hr\/wp-content\/uploads\/2019\/07\/sitolor-investicije-960-001-380x301.jpg 380w, https:\/\/sitolor.hr\/wp-content\/uploads\/2019\/07\/sitolor-investicije-960-001-20x16.jpg 20w, https:\/\/sitolor.hr\/wp-content\/uploads\/2019\/07\/sitolor-investicije-960-001-190x150.jpg 190w, https:\/\/sitolor.hr\/wp-content\/uploads\/2019\/07\/sitolor-investicije-960-001-760x602.jpg 760w\" \/>\t\t\t\t\t\t\t\t<\/figure>\n\t\t\t\t<\/div>\n\t[\/vc_column][\/vc_row]\n","protected":false},"excerpt":{"rendered":"<p>[vc_row thb_full_width=&#8221;true&#8221; parallax=&#8221;content-moving&#8221; parallax_image=&#8221;2864&#8243; thb_scroll_bottom=&#8221;true&#8221; thb_scroll_bottom_style=&#8221;style3&#8243; thb_scroll_bottom_color=&#8221;light&#8221; css=&#8221;.vc_custom_1565683542713{padding-top: 30vh !important;padding-bottom: 15vh !important;background-position: center;background-repeat: no-repeat !important;background-size: cover !important;}&#8221; el_class=&#8221;align-center&#8221; bg_gradient1=&#8221;rgba(0,35,61,0.5)&#8221; bg_gradient2=&#8221;rgba(0,35,61,0.5)&#8221;][vc_column thb_color=&#8221;thb-light-column&#8221; animation=&#8221;animation bottom-to-top-3d&#8221; el_class=&#8221;text-center&#8221;][vc_row_inner el_class=&#8221;align-center&#8221;][vc_column_inner offset=&#8221;vc_col-lg-7 vc_col-md-10&#8243;][vc_column_text] POVILLE Residence, Novi Vinodolski [\/vc_column_text][\/vc_column_inner][\/vc_row_inner][\/vc_column][\/vc_row][vc_row el_class=&#8221;align-center&#8221; css=&#8221;.vc_custom_1563528216416{padding-top: 14vh !important;padding-bottom: 14vh !important;}&#8221;][vc_column offset=&#8221;vc_col-lg-8 vc_col-md-10&#8243; el_class=&#8221;text-center&#8221;][vc_empty_space height=&#8221;30px&#8221;][vc_column_text animation=&#8221;animation bottom-to-top&#8221;]Jedan od na\u0161ih investicijskih projekata su Poville Residence, rezidencijalno naselje zatvorenog tipa&hellip;<\/p>\n","protected":false},"author":1,"featured_media":0,"parent":0,"menu_order":0,"comment_status":"closed","ping_status":"closed","template":"","meta":[],"categories":[119],"tags":[],"_links":{"self":[{"href":"https:\/\/sitolor.hr\/hr\/wp-json\/wp\/v2\/pages\/2774"}],"collection":[{"href":"https:\/\/sitolor.hr\/hr\/wp-json\/wp\/v2\/pages"}],"about":[{"href":"https:\/\/sitolor.hr\/hr\/wp-json\/wp\/v2\/types\/page"}],"author":[{"embeddable":true,"href":"https:\/\/sitolor.hr\/hr\/wp-json\/wp\/v2\/users\/1"}],"replies":[{"embeddable":true,"href":"https:\/\/sitolor.hr\/hr\/wp-json\/wp\/v2\/comments?post=2774"}],"version-history":[{"count":0,"href":"https:\/\/sitolor.hr\/hr\/wp-json\/wp\/v2\/pages\/2774\/revisions"}],"wp:attachment":[{"href":"https:\/\/sitolor.hr\/hr\/wp-json\/wp\/v2\/media?parent=2774"}],"wp:term":[{"taxonomy":"category","embeddable":true,"href":"https:\/\/sitolor.hr\/hr\/wp-json\/wp\/v2\/categories?post=2774"},{"taxonomy":"post_tag","embeddable":true,"href":"https:\/\/sitolor.hr\/hr\/wp-json\/wp\/v2\/tags?post=2774"}],"curies":[{"name":"wp","href":"https:\/\/api.w.org\/{rel}","templated":true}]}}