{"id":2921,"date":"2019-08-05T12:55:19","date_gmt":"2019-08-05T12:55:19","guid":{"rendered":"https:\/\/sitolor.hr\/?page_id=2921"},"modified":"2022-08-10T10:01:05","modified_gmt":"2022-08-10T10:01:05","slug":"vile-brac-postire","status":"publish","type":"page","link":"https:\/\/sitolor.hr\/hr\/vile-brac-postire\/","title":{"rendered":"Vile &#8220;Bra\u010d&#8221;, Postira"},"content":{"rendered":"[vc_row thb_full_width=&#8221;true&#8221; parallax=&#8221;content-moving&#8221; parallax_image=&#8221;2978&#8243; thb_scroll_bottom=&#8221;true&#8221; thb_scroll_bottom_style=&#8221;style3&#8243; thb_scroll_bottom_color=&#8221;light&#8221; css=&#8221;.vc_custom_1565683414344{padding-top: 30vh !important;padding-bottom: 15vh !important;background-image: url(https:\/\/sitolor.hr\/wp-content\/uploads\/2019\/08\/sitolor-header-brac.jpg?id=2978) !important;background-position: center;background-repeat: no-repeat !important;background-size: cover !important;}&#8221; el_class=&#8221;align-center&#8221; bg_gradient1=&#8221;rgba(0,35,61,0.5)&#8221; bg_gradient2=&#8221;rgba(0,35,61,0.5)&#8221;][vc_column thb_color=&#8221;thb-light-column&#8221; animation=&#8221;animation bottom-to-top-3d&#8221; el_class=&#8221;text-center&#8221;][vc_row_inner el_class=&#8221;align-center&#8221;][vc_column_inner offset=&#8221;vc_col-lg-7 vc_col-md-10&#8243;][vc_column_text]\n<h1>Vile &#8220;Bra\u010d&#8221;, Postira<\/h1>\n[\/vc_column_text][\/vc_column_inner][\/vc_row_inner][\/vc_column][\/vc_row][vc_row el_class=&#8221;align-center&#8221; css=&#8221;.vc_custom_1563528216416{padding-top: 14vh !important;padding-bottom: 14vh !important;}&#8221;][vc_column offset=&#8221;vc_col-lg-8 vc_col-md-10&#8243; el_class=&#8221;text-center&#8221;]\t<div id=\"thb-slidetype-69e9507369dca\" class=\"thb-slidetype \" data-style=\"style1\">\n\t\t\n<h2><span class=\"thb-slidetype-entry\"><span class=\"lines\">Tri vile u slikovitom ribarskom mjestu Postira na sjevernoj strani otoka Bra\u010da<\/span><\/span><\/h2>\n\t\t\t<\/div>\n\n\t[vc_empty_space height=&#8221;30px&#8221;][vc_column_text animation=&#8221;animation bottom-to-top&#8221;]U ponudi imamo tri vile sa nekoliko apartmana u slikovitom ribarskom mjestu Postira koje se nalaze na sjevernoj strani otoka Bra\u010da. Bra\u010d je najve\u0107i otok u sredi\u0161njoj Dalmaciji sa prekrasnom mediteranskom prirodom i klimom. Najbli\u017ea trajektna i zra\u010dna luka je u Splitu iako na otoku tako\u0111er postoji mali internacionalni aerodrom (za manje avione) u bilizini Bola.<br \/>\nUz to \u0161to su Postira kao ribarski centar vrlo povoljno locirane i imaju luku, plodna zemlja u okolici omogu\u0107ava dodatnu ponudu izvrsne hrane i vrhunskih vina svim njenim gostima.<br \/>\nSve tri vile imaju nekoliko apartmana sa vrhunskom opremom i predivnim pogledom na more. Posjeduju gara\u017ee sa daljinskim upravljanjem gara\u017enim vratima i lijepo ure\u0111ene oku\u0107nice za ugodan boravak na otvorenom. Jedana od glavnih karakteristika po kojoj je otok Bra\u010d svjetski poznat je i bra\u010dki kamen. Mo\u017eemo se pohvaliti da smo i mi dio te statistike koji su prepoznali kvalitetu i dugovje\u010dnost bra\u010dkog kamena jer su sve na\u0161e terase i stepenice oblo\u017eene tim bijelim draguljem otoka Bra\u010da. Tako\u0111er u standardnoj opremi svi na\u0161i apartmani opremljeni su klimatizacijskim sustavom, portafonima , potpuno opremljenim kupaonicama, zemaljskim i satelitskim TV sustavom, vrhunskim podnim oblogama ( hrastov parket, porculanske plo\u010dice vrhunske kvalitete) te vrhunskom drvenom stolarijom ( vrata i prozori sa drvenim kapcima).[\/vc_column_text][\/vc_column][\/vc_row][vc_row el_class=&#8221;align-center&#8221; css=&#8221;.vc_custom_1517307468924{padding-bottom: 15vh !important;}&#8221;][vc_column offset=&#8221;vc_col-lg-10 vc_col-md-11&#8243;]\t<div id=\"thb-image-slider-987\" class=\"thb-image-slider thb-carousel row  overflow-visible thb_center  \" data-pagination=\"true\" data-center=\"true\" data-columns=\"1\" data-infinite=\"true\" data-autoplay=\"\" data-autoplay-speed=\"4000\" data-navigation=\"\">\n\t\t\t\t\t\t<figure class=\"columns\">\n\t\t\t\t\t\t\t\t<img width=\"960\" height=\"768\" src=\"data:image\/gif;base64,R0lGODlhAQABAAAAACH5BAEKAAEALAAAAAABAAEAAAICTAEAOw==\" class=\" thb-lazyload lazyload\" alt=\"\" sizes=\"(max-width: 960px) 100vw, 960px\" data-src=\"https:\/\/sitolor.hr\/wp-content\/uploads\/2019\/08\/sitolor-investicije-brac-960-004.jpg\" data-sizes=\"auto\" data-srcset=\"https:\/\/sitolor.hr\/wp-content\/uploads\/2019\/08\/sitolor-investicije-brac-960-004.jpg 960w, https:\/\/sitolor.hr\/wp-content\/uploads\/2019\/08\/sitolor-investicije-brac-960-004-300x240.jpg 300w, https:\/\/sitolor.hr\/wp-content\/uploads\/2019\/08\/sitolor-investicije-brac-960-004-768x614.jpg 768w, https:\/\/sitolor.hr\/wp-content\/uploads\/2019\/08\/sitolor-investicije-brac-960-004-380x304.jpg 380w, https:\/\/sitolor.hr\/wp-content\/uploads\/2019\/08\/sitolor-investicije-brac-960-004-20x16.jpg 20w, https:\/\/sitolor.hr\/wp-content\/uploads\/2019\/08\/sitolor-investicije-brac-960-004-190x152.jpg 190w, https:\/\/sitolor.hr\/wp-content\/uploads\/2019\/08\/sitolor-investicije-brac-960-004-760x608.jpg 760w\" \/>\t\t\t\t\t\t\t\t<\/figure>\n\t\t\t\t\t\t\t<figure class=\"columns\">\n\t\t\t\t\t\t\t\t<img width=\"960\" height=\"768\" src=\"data:image\/gif;base64,R0lGODlhAQABAAAAACH5BAEKAAEALAAAAAABAAEAAAICTAEAOw==\" class=\" thb-lazyload lazyload\" alt=\"\" sizes=\"(max-width: 960px) 100vw, 960px\" data-src=\"https:\/\/sitolor.hr\/wp-content\/uploads\/2019\/08\/sitolor-investicije-brac-960-003.jpg\" data-sizes=\"auto\" data-srcset=\"https:\/\/sitolor.hr\/wp-content\/uploads\/2019\/08\/sitolor-investicije-brac-960-003.jpg 960w, https:\/\/sitolor.hr\/wp-content\/uploads\/2019\/08\/sitolor-investicije-brac-960-003-300x240.jpg 300w, https:\/\/sitolor.hr\/wp-content\/uploads\/2019\/08\/sitolor-investicije-brac-960-003-768x614.jpg 768w, https:\/\/sitolor.hr\/wp-content\/uploads\/2019\/08\/sitolor-investicije-brac-960-003-380x304.jpg 380w, https:\/\/sitolor.hr\/wp-content\/uploads\/2019\/08\/sitolor-investicije-brac-960-003-20x16.jpg 20w, https:\/\/sitolor.hr\/wp-content\/uploads\/2019\/08\/sitolor-investicije-brac-960-003-190x152.jpg 190w, https:\/\/sitolor.hr\/wp-content\/uploads\/2019\/08\/sitolor-investicije-brac-960-003-760x608.jpg 760w\" \/>\t\t\t\t\t\t\t\t<\/figure>\n\t\t\t\t\t\t\t<figure class=\"columns\">\n\t\t\t\t\t\t\t\t<img width=\"960\" height=\"768\" src=\"data:image\/gif;base64,R0lGODlhAQABAAAAACH5BAEKAAEALAAAAAABAAEAAAICTAEAOw==\" class=\" thb-lazyload lazyload\" alt=\"\" sizes=\"(max-width: 960px) 100vw, 960px\" data-src=\"https:\/\/sitolor.hr\/wp-content\/uploads\/2019\/08\/sitolor-investicije-brac-960-002.jpg\" data-sizes=\"auto\" data-srcset=\"https:\/\/sitolor.hr\/wp-content\/uploads\/2019\/08\/sitolor-investicije-brac-960-002.jpg 960w, https:\/\/sitolor.hr\/wp-content\/uploads\/2019\/08\/sitolor-investicije-brac-960-002-300x240.jpg 300w, https:\/\/sitolor.hr\/wp-content\/uploads\/2019\/08\/sitolor-investicije-brac-960-002-768x614.jpg 768w, https:\/\/sitolor.hr\/wp-content\/uploads\/2019\/08\/sitolor-investicije-brac-960-002-380x304.jpg 380w, https:\/\/sitolor.hr\/wp-content\/uploads\/2019\/08\/sitolor-investicije-brac-960-002-20x16.jpg 20w, https:\/\/sitolor.hr\/wp-content\/uploads\/2019\/08\/sitolor-investicije-brac-960-002-190x152.jpg 190w, https:\/\/sitolor.hr\/wp-content\/uploads\/2019\/08\/sitolor-investicije-brac-960-002-760x608.jpg 760w\" \/>\t\t\t\t\t\t\t\t<\/figure>\n\t\t\t\t\t\t\t<figure class=\"columns\">\n\t\t\t\t\t\t\t\t<img width=\"960\" height=\"768\" src=\"data:image\/gif;base64,R0lGODlhAQABAAAAACH5BAEKAAEALAAAAAABAAEAAAICTAEAOw==\" class=\" thb-lazyload lazyload\" alt=\"\" sizes=\"(max-width: 960px) 100vw, 960px\" data-src=\"https:\/\/sitolor.hr\/wp-content\/uploads\/2019\/08\/sitolor-investicije-brac-960-001.jpg\" data-sizes=\"auto\" data-srcset=\"https:\/\/sitolor.hr\/wp-content\/uploads\/2019\/08\/sitolor-investicije-brac-960-001.jpg 960w, https:\/\/sitolor.hr\/wp-content\/uploads\/2019\/08\/sitolor-investicije-brac-960-001-300x240.jpg 300w, https:\/\/sitolor.hr\/wp-content\/uploads\/2019\/08\/sitolor-investicije-brac-960-001-768x614.jpg 768w, https:\/\/sitolor.hr\/wp-content\/uploads\/2019\/08\/sitolor-investicije-brac-960-001-380x304.jpg 380w, https:\/\/sitolor.hr\/wp-content\/uploads\/2019\/08\/sitolor-investicije-brac-960-001-20x16.jpg 20w, https:\/\/sitolor.hr\/wp-content\/uploads\/2019\/08\/sitolor-investicije-brac-960-001-190x152.jpg 190w, https:\/\/sitolor.hr\/wp-content\/uploads\/2019\/08\/sitolor-investicije-brac-960-001-760x608.jpg 760w\" \/>\t\t\t\t\t\t\t\t<\/figure>\n\t\t\t\t\t\t\t<figure class=\"columns\">\n\t\t\t\t\t\t\t\t<img width=\"960\" height=\"768\" src=\"data:image\/gif;base64,R0lGODlhAQABAAAAACH5BAEKAAEALAAAAAABAAEAAAICTAEAOw==\" class=\" thb-lazyload lazyload\" alt=\"\" sizes=\"(max-width: 960px) 100vw, 960px\" data-src=\"https:\/\/sitolor.hr\/wp-content\/uploads\/2019\/08\/sitolor-investicije-brac-960.jpg\" data-sizes=\"auto\" data-srcset=\"https:\/\/sitolor.hr\/wp-content\/uploads\/2019\/08\/sitolor-investicije-brac-960.jpg 960w, https:\/\/sitolor.hr\/wp-content\/uploads\/2019\/08\/sitolor-investicije-brac-960-300x240.jpg 300w, https:\/\/sitolor.hr\/wp-content\/uploads\/2019\/08\/sitolor-investicije-brac-960-768x614.jpg 768w, https:\/\/sitolor.hr\/wp-content\/uploads\/2019\/08\/sitolor-investicije-brac-960-380x304.jpg 380w, https:\/\/sitolor.hr\/wp-content\/uploads\/2019\/08\/sitolor-investicije-brac-960-20x16.jpg 20w, https:\/\/sitolor.hr\/wp-content\/uploads\/2019\/08\/sitolor-investicije-brac-960-190x152.jpg 190w, https:\/\/sitolor.hr\/wp-content\/uploads\/2019\/08\/sitolor-investicije-brac-960-760x608.jpg 760w\" \/>\t\t\t\t\t\t\t\t<\/figure>\n\t\t\t\t<\/div>\n\t[\/vc_column][\/vc_row]\n","protected":false},"excerpt":{"rendered":"<p>[vc_row thb_full_width=&#8221;true&#8221; parallax=&#8221;content-moving&#8221; parallax_image=&#8221;2978&#8243; thb_scroll_bottom=&#8221;true&#8221; thb_scroll_bottom_style=&#8221;style3&#8243; thb_scroll_bottom_color=&#8221;light&#8221; css=&#8221;.vc_custom_1565683414344{padding-top: 30vh !important;padding-bottom: 15vh !important;background-image: url(https:\/\/sitolor.hr\/wp-content\/uploads\/2019\/08\/sitolor-header-brac.jpg?id=2978) !important;background-position: center;background-repeat: no-repeat !important;background-size: cover !important;}&#8221; el_class=&#8221;align-center&#8221; bg_gradient1=&#8221;rgba(0,35,61,0.5)&#8221; bg_gradient2=&#8221;rgba(0,35,61,0.5)&#8221;][vc_column thb_color=&#8221;thb-light-column&#8221; animation=&#8221;animation bottom-to-top-3d&#8221; el_class=&#8221;text-center&#8221;][vc_row_inner el_class=&#8221;align-center&#8221;][vc_column_inner offset=&#8221;vc_col-lg-7 vc_col-md-10&#8243;][vc_column_text] Vile &#8220;Bra\u010d&#8221;, Postira [\/vc_column_text][\/vc_column_inner][\/vc_row_inner][\/vc_column][\/vc_row][vc_row el_class=&#8221;align-center&#8221; css=&#8221;.vc_custom_1563528216416{padding-top: 14vh !important;padding-bottom: 14vh !important;}&#8221;][vc_column offset=&#8221;vc_col-lg-8 vc_col-md-10&#8243; el_class=&#8221;text-center&#8221;][vc_empty_space height=&#8221;30px&#8221;][vc_column_text animation=&#8221;animation bottom-to-top&#8221;]U ponudi imamo tri vile sa nekoliko apartmana u slikovitom ribarskom&hellip;<\/p>\n","protected":false},"author":1,"featured_media":0,"parent":0,"menu_order":0,"comment_status":"closed","ping_status":"closed","template":"","meta":[],"categories":[119],"tags":[],"_links":{"self":[{"href":"https:\/\/sitolor.hr\/hr\/wp-json\/wp\/v2\/pages\/2921"}],"collection":[{"href":"https:\/\/sitolor.hr\/hr\/wp-json\/wp\/v2\/pages"}],"about":[{"href":"https:\/\/sitolor.hr\/hr\/wp-json\/wp\/v2\/types\/page"}],"author":[{"embeddable":true,"href":"https:\/\/sitolor.hr\/hr\/wp-json\/wp\/v2\/users\/1"}],"replies":[{"embeddable":true,"href":"https:\/\/sitolor.hr\/hr\/wp-json\/wp\/v2\/comments?post=2921"}],"version-history":[{"count":5,"href":"https:\/\/sitolor.hr\/hr\/wp-json\/wp\/v2\/pages\/2921\/revisions"}],"predecessor-version":[{"id":7894,"href":"https:\/\/sitolor.hr\/hr\/wp-json\/wp\/v2\/pages\/2921\/revisions\/7894"}],"wp:attachment":[{"href":"https:\/\/sitolor.hr\/hr\/wp-json\/wp\/v2\/media?parent=2921"}],"wp:term":[{"taxonomy":"category","embeddable":true,"href":"https:\/\/sitolor.hr\/hr\/wp-json\/wp\/v2\/categories?post=2921"},{"taxonomy":"post_tag","embeddable":true,"href":"https:\/\/sitolor.hr\/hr\/wp-json\/wp\/v2\/tags?post=2921"}],"curies":[{"name":"wp","href":"https:\/\/api.w.org\/{rel}","templated":true}]}}