{"id":3140,"date":"2019-07-10T15:50:57","date_gmt":"2019-07-10T15:50:57","guid":{"rendered":"https:\/\/sitolor.hr\/?page_id=3140"},"modified":"2023-06-28T10:57:35","modified_gmt":"2023-06-28T10:57:35","slug":"sanacije-antikorozivna-zastita-akz-i-metalizacija-celicnih-konstrukcija-2","status":"publish","type":"page","link":"https:\/\/sitolor.hr\/hr\/sanacije-antikorozivna-zastita-akz-i-metalizacija-celicnih-konstrukcija-2\/","title":{"rendered":"Sanacije, antikorozivna za\u0161tita  (AKZ) i metalizacija \u010deli\u010dnih konstrukcija"},"content":{"rendered":"[vc_row thb_full_width=&#8221;true&#8221; thb_row_padding=&#8221;true&#8221; thb_column_padding=&#8221;true&#8221; parallax=&#8221;content-moving-fade&#8221; parallax_image=&#8221;2612&#8243; thb_scroll_bottom=&#8221;true&#8221; thb_scroll_bottom_style=&#8221;style3&#8243; thb_scroll_bottom_color=&#8221;light&#8221; css=&#8221;.vc_custom_1568986976988{padding-top: 30vh !important;padding-bottom: 15vh !important;background-color: #2e3292 !important;background-position: center;background-repeat: no-repeat;background-size:cover;}&#8221; bg_gradient1=&#8221;rgba(0,35,61,0.5)&#8221; bg_gradient2=&#8221;rgba(0,35,61,0.5)&#8221;][vc_column][vc_row_inner el_class=&#8221;align-center&#8221;][vc_column_inner thb_color=&#8221;thb-light-column&#8221; el_class=&#8221;text-center&#8221; offset=&#8221;vc_col-lg-7 vc_col-md-10&#8243;]\t<div id=\"thb-slidetype-69e93e55df9c3\" class=\"thb-slidetype \" data-style=\"style1\">\n\t\t\n<h1><span class=\"thb-slidetype-entry\"><span class=\"lines\">Sanacije i antikorozivna za\u0161tita (AKZ)<\/span><\/span><\/h1>\n\t\t\t<\/div>\n\n\t[\/vc_column_inner][\/vc_row_inner][\/vc_column][\/vc_row][vc_row thb_full_width=&#8221;true&#8221; thb_row_padding=&#8221;true&#8221; thb_column_padding=&#8221;true&#8221; css=&#8221;.vc_custom_1563463893512{padding-top: 12vh !important;padding-bottom: 14vh !important;}&#8221;][vc_column][vc_row_inner css=&#8221;.vc_custom_1562599903520{padding-right: 6% !important;padding-left: 6% !important;}&#8221;][vc_column_inner width=&#8221;1\/2&#8243;]\t<div id=\"thb-slidetype-69e93e55dfa07\" class=\"thb-slidetype \" data-style=\"style1\">\n\t\t\n<h2><span class=\"thb-slidetype-entry\"><span class=\"lines\">ALUMINIJ d.d.<\/span><\/span><\/h2>\n\t\t\t<\/div>\n\n\t[vc_column_text]Za\u0161tita od korozije objekata i opreme za skladi\u0161tenje glinice u Luci &#8220;Plo\u010de&#8221;[\/vc_column_text][\/vc_column_inner][vc_column_inner width=&#8221;1\/2&#8221;]\t<div id=\"thb-image-slider-193\" class=\"thb-image-slider thb-carousel row mfp-gallery  thb_center thb_equal_height \" data-pagination=\"true\" data-center=\"true\" data-columns=\"1\" data-infinite=\"false\" data-autoplay=\"true\" data-autoplay-speed=\"4000\" data-navigation=\"\">\n\t\t\t\t\t\t<figure class=\"columns\">\n\t\t\t\t\t\t\t\t\t\t<a href=\"https:\/\/sitolor.hr\/wp-content\/uploads\/2019\/09\/sitolor-djelatnosti-gradenje-35.jpg\">\n\t\t\t\t\t\t\t\t\t<img width=\"225\" height=\"300\" src=\"data:image\/gif;base64,R0lGODlhAQABAAAAACH5BAEKAAEALAAAAAABAAEAAAICTAEAOw==\" class=\"attachment-medium thb-lazyload lazyload\" alt=\"\" title=\"sitolor-djelatnosti-gradenje-35\" sizes=\"(max-width: 225px) 100vw, 225px\" data-src=\"https:\/\/sitolor.hr\/wp-content\/uploads\/2019\/09\/sitolor-djelatnosti-gradenje-35-225x300.jpg\" data-sizes=\"auto\" data-srcset=\"https:\/\/sitolor.hr\/wp-content\/uploads\/2019\/09\/sitolor-djelatnosti-gradenje-35-225x300.jpg 225w, https:\/\/sitolor.hr\/wp-content\/uploads\/2019\/09\/sitolor-djelatnosti-gradenje-35-190x253.jpg 190w, https:\/\/sitolor.hr\/wp-content\/uploads\/2019\/09\/sitolor-djelatnosti-gradenje-35-20x27.jpg 20w\" \/>\t\t\t\t\t\t\t\t\t\t<\/a>\n\t\t\t\t\t\t\t\t\t<\/figure>\n\t\t\t\t\t\t\t<figure class=\"columns\">\n\t\t\t\t\t\t\t\t\t\t<a href=\"https:\/\/sitolor.hr\/wp-content\/uploads\/2019\/09\/sitolor-djelatnosti-gradenje-35-3.jpg\">\n\t\t\t\t\t\t\t\t\t<img width=\"225\" height=\"300\" src=\"data:image\/gif;base64,R0lGODlhAQABAAAAACH5BAEKAAEALAAAAAABAAEAAAICTAEAOw==\" class=\"attachment-medium thb-lazyload lazyload\" alt=\"\" title=\"sitolor-djelatnosti-gradenje-35 (3)\" sizes=\"(max-width: 225px) 100vw, 225px\" data-src=\"https:\/\/sitolor.hr\/wp-content\/uploads\/2019\/09\/sitolor-djelatnosti-gradenje-35-3-225x300.jpg\" data-sizes=\"auto\" data-srcset=\"https:\/\/sitolor.hr\/wp-content\/uploads\/2019\/09\/sitolor-djelatnosti-gradenje-35-3-225x300.jpg 225w, https:\/\/sitolor.hr\/wp-content\/uploads\/2019\/09\/sitolor-djelatnosti-gradenje-35-3-190x253.jpg 190w, https:\/\/sitolor.hr\/wp-content\/uploads\/2019\/09\/sitolor-djelatnosti-gradenje-35-3-20x27.jpg 20w\" \/>\t\t\t\t\t\t\t\t\t\t<\/a>\n\t\t\t\t\t\t\t\t\t<\/figure>\n\t\t\t\t\t\t\t<figure class=\"columns\">\n\t\t\t\t\t\t\t\t\t\t<a href=\"https:\/\/sitolor.hr\/wp-content\/uploads\/2019\/09\/sitolor-djelatnosti-gradenje-35-2.jpg\">\n\t\t\t\t\t\t\t\t\t<img width=\"225\" height=\"300\" src=\"data:image\/gif;base64,R0lGODlhAQABAAAAACH5BAEKAAEALAAAAAABAAEAAAICTAEAOw==\" class=\"attachment-medium thb-lazyload lazyload\" alt=\"\" title=\"sitolor-djelatnosti-gradenje-35 (2)\" sizes=\"(max-width: 225px) 100vw, 225px\" data-src=\"https:\/\/sitolor.hr\/wp-content\/uploads\/2019\/09\/sitolor-djelatnosti-gradenje-35-2-225x300.jpg\" data-sizes=\"auto\" data-srcset=\"https:\/\/sitolor.hr\/wp-content\/uploads\/2019\/09\/sitolor-djelatnosti-gradenje-35-2-225x300.jpg 225w, https:\/\/sitolor.hr\/wp-content\/uploads\/2019\/09\/sitolor-djelatnosti-gradenje-35-2-190x253.jpg 190w, https:\/\/sitolor.hr\/wp-content\/uploads\/2019\/09\/sitolor-djelatnosti-gradenje-35-2-20x27.jpg 20w\" \/>\t\t\t\t\t\t\t\t\t\t<\/a>\n\t\t\t\t\t\t\t\t\t<\/figure>\n\t\t\t\t\t\t\t<figure class=\"columns\">\n\t\t\t\t\t\t\t\t\t\t<a href=\"https:\/\/sitolor.hr\/wp-content\/uploads\/2019\/09\/sitolor-djelatnosti-gradenje-35-1.jpg\">\n\t\t\t\t\t\t\t\t\t<img width=\"300\" height=\"126\" src=\"data:image\/gif;base64,R0lGODlhAQABAAAAACH5BAEKAAEALAAAAAABAAEAAAICTAEAOw==\" class=\"attachment-medium thb-lazyload lazyload\" alt=\"\" title=\"sitolor-djelatnosti-gradenje-35 (1)\" sizes=\"(max-width: 300px) 100vw, 300px\" data-src=\"https:\/\/sitolor.hr\/wp-content\/uploads\/2019\/09\/sitolor-djelatnosti-gradenje-35-1-300x126.jpg\" data-sizes=\"auto\" data-srcset=\"https:\/\/sitolor.hr\/wp-content\/uploads\/2019\/09\/sitolor-djelatnosti-gradenje-35-1-300x126.jpg 300w, https:\/\/sitolor.hr\/wp-content\/uploads\/2019\/09\/sitolor-djelatnosti-gradenje-35-1-20x9.jpg 20w, https:\/\/sitolor.hr\/wp-content\/uploads\/2019\/09\/sitolor-djelatnosti-gradenje-35-1-190x80.jpg 190w\" \/>\t\t\t\t\t\t\t\t\t\t<\/a>\n\t\t\t\t\t\t\t\t\t<\/figure>\n\t\t\t\t<\/div>\n\t[\/vc_column_inner][\/vc_row_inner][\/vc_column][\/vc_row][vc_row thb_full_width=&#8221;true&#8221; thb_row_padding=&#8221;true&#8221; thb_column_padding=&#8221;true&#8221; css=&#8221;.vc_custom_1568888576425{padding-top: 12vh !important;padding-bottom: 14vh !important;background-color: #eaf8fd !important;}&#8221;][vc_column][vc_row_inner css=&#8221;.vc_custom_1562599903520{padding-right: 6% !important;padding-left: 6% !important;}&#8221;][vc_column_inner width=&#8221;1\/2&#8243;]\t<div id=\"thb-slidetype-69e93e55e3984\" class=\"thb-slidetype \" data-style=\"style1\">\n\t\t\n<h2><span class=\"thb-slidetype-entry\"><span class=\"lines\">H\u017d INFRASTRUKTURA<\/span><\/span><\/h2>\n\t\t\t<\/div>\n\n\t[vc_column_text]Sanacija i antikorozivna za\u0161tita kontaktne mre\u017ee \u017eeljezni\u010dke infrastrukture[\/vc_column_text][\/vc_column_inner][vc_column_inner width=&#8221;1\/2&#8243;]\t<div id=\"thb-image-slider-910\" class=\"thb-image-slider thb-carousel row mfp-gallery  thb_center thb_equal_height \" data-pagination=\"true\" data-center=\"true\" data-columns=\"1\" data-infinite=\"false\" data-autoplay=\"true\" data-autoplay-speed=\"4000\" data-navigation=\"\">\n\t\t\t\t\t\t<figure class=\"columns\">\n\t\t\t\t\t\t\t\t\t\t<a href=\"https:\/\/sitolor.hr\/wp-content\/uploads\/2019\/09\/sitolor-djelatnosti-gradenje-36-1.jpg\">\n\t\t\t\t\t\t\t\t\t<img width=\"300\" height=\"225\" src=\"data:image\/gif;base64,R0lGODlhAQABAAAAACH5BAEKAAEALAAAAAABAAEAAAICTAEAOw==\" class=\"attachment-medium thb-lazyload lazyload\" alt=\"\" title=\"sitolor-djelatnosti-gradenje-36 (1)\" sizes=\"(max-width: 300px) 100vw, 300px\" data-src=\"https:\/\/sitolor.hr\/wp-content\/uploads\/2019\/09\/sitolor-djelatnosti-gradenje-36-1-300x225.jpg\" data-sizes=\"auto\" data-srcset=\"https:\/\/sitolor.hr\/wp-content\/uploads\/2019\/09\/sitolor-djelatnosti-gradenje-36-1-300x225.jpg 300w, https:\/\/sitolor.hr\/wp-content\/uploads\/2019\/09\/sitolor-djelatnosti-gradenje-36-1-20x15.jpg 20w, https:\/\/sitolor.hr\/wp-content\/uploads\/2019\/09\/sitolor-djelatnosti-gradenje-36-1-190x143.jpg 190w\" \/>\t\t\t\t\t\t\t\t\t\t<\/a>\n\t\t\t\t\t\t\t\t\t<\/figure>\n\t\t\t\t\t\t\t<figure class=\"columns\">\n\t\t\t\t\t\t\t\t\t\t<a href=\"https:\/\/sitolor.hr\/wp-content\/uploads\/2019\/09\/sitolor-djelatnosti-gradenje-36-2.jpg\">\n\t\t\t\t\t\t\t\t\t<img width=\"300\" height=\"225\" src=\"data:image\/gif;base64,R0lGODlhAQABAAAAACH5BAEKAAEALAAAAAABAAEAAAICTAEAOw==\" class=\"attachment-medium thb-lazyload lazyload\" alt=\"\" title=\"sitolor-djelatnosti-gradenje-36 (2)\" sizes=\"(max-width: 300px) 100vw, 300px\" data-src=\"https:\/\/sitolor.hr\/wp-content\/uploads\/2019\/09\/sitolor-djelatnosti-gradenje-36-2-300x225.jpg\" data-sizes=\"auto\" data-srcset=\"https:\/\/sitolor.hr\/wp-content\/uploads\/2019\/09\/sitolor-djelatnosti-gradenje-36-2-300x225.jpg 300w, https:\/\/sitolor.hr\/wp-content\/uploads\/2019\/09\/sitolor-djelatnosti-gradenje-36-2-20x15.jpg 20w, https:\/\/sitolor.hr\/wp-content\/uploads\/2019\/09\/sitolor-djelatnosti-gradenje-36-2-190x143.jpg 190w\" \/>\t\t\t\t\t\t\t\t\t\t<\/a>\n\t\t\t\t\t\t\t\t\t<\/figure>\n\t\t\t\t\t\t\t<figure class=\"columns\">\n\t\t\t\t\t\t\t\t\t\t<a href=\"https:\/\/sitolor.hr\/wp-content\/uploads\/2019\/09\/sitolor-djelatnosti-gradenje-36-3.jpg\">\n\t\t\t\t\t\t\t\t\t<img width=\"300\" height=\"225\" src=\"data:image\/gif;base64,R0lGODlhAQABAAAAACH5BAEKAAEALAAAAAABAAEAAAICTAEAOw==\" class=\"attachment-medium thb-lazyload lazyload\" alt=\"\" title=\"sitolor-djelatnosti-gradenje-36 (3)\" sizes=\"(max-width: 300px) 100vw, 300px\" data-src=\"https:\/\/sitolor.hr\/wp-content\/uploads\/2019\/09\/sitolor-djelatnosti-gradenje-36-3-300x225.jpg\" data-sizes=\"auto\" data-srcset=\"https:\/\/sitolor.hr\/wp-content\/uploads\/2019\/09\/sitolor-djelatnosti-gradenje-36-3-300x225.jpg 300w, https:\/\/sitolor.hr\/wp-content\/uploads\/2019\/09\/sitolor-djelatnosti-gradenje-36-3-20x15.jpg 20w, https:\/\/sitolor.hr\/wp-content\/uploads\/2019\/09\/sitolor-djelatnosti-gradenje-36-3-190x143.jpg 190w\" \/>\t\t\t\t\t\t\t\t\t\t<\/a>\n\t\t\t\t\t\t\t\t\t<\/figure>\n\t\t\t\t\t\t\t<figure class=\"columns\">\n\t\t\t\t\t\t\t\t\t\t<a href=\"https:\/\/sitolor.hr\/wp-content\/uploads\/2019\/09\/sitolor-djelatnosti-gradenje-36-4.jpg\">\n\t\t\t\t\t\t\t\t\t<img width=\"225\" height=\"300\" src=\"data:image\/gif;base64,R0lGODlhAQABAAAAACH5BAEKAAEALAAAAAABAAEAAAICTAEAOw==\" class=\"attachment-medium thb-lazyload lazyload\" alt=\"\" title=\"sitolor-djelatnosti-gradenje-36 (4)\" sizes=\"(max-width: 225px) 100vw, 225px\" data-src=\"https:\/\/sitolor.hr\/wp-content\/uploads\/2019\/09\/sitolor-djelatnosti-gradenje-36-4-225x300.jpg\" data-sizes=\"auto\" data-srcset=\"https:\/\/sitolor.hr\/wp-content\/uploads\/2019\/09\/sitolor-djelatnosti-gradenje-36-4-225x300.jpg 225w, https:\/\/sitolor.hr\/wp-content\/uploads\/2019\/09\/sitolor-djelatnosti-gradenje-36-4-190x253.jpg 190w, https:\/\/sitolor.hr\/wp-content\/uploads\/2019\/09\/sitolor-djelatnosti-gradenje-36-4-20x27.jpg 20w\" \/>\t\t\t\t\t\t\t\t\t\t<\/a>\n\t\t\t\t\t\t\t\t\t<\/figure>\n\t\t\t\t\t\t\t<figure class=\"columns\">\n\t\t\t\t\t\t\t\t\t\t<a href=\"https:\/\/sitolor.hr\/wp-content\/uploads\/2019\/09\/sitolor-djelatnosti-gradenje-36-5.jpg\">\n\t\t\t\t\t\t\t\t\t<img width=\"225\" height=\"300\" src=\"data:image\/gif;base64,R0lGODlhAQABAAAAACH5BAEKAAEALAAAAAABAAEAAAICTAEAOw==\" class=\"attachment-medium thb-lazyload lazyload\" alt=\"\" title=\"sitolor-djelatnosti-gradenje-36 (5)\" sizes=\"(max-width: 225px) 100vw, 225px\" data-src=\"https:\/\/sitolor.hr\/wp-content\/uploads\/2019\/09\/sitolor-djelatnosti-gradenje-36-5-225x300.jpg\" data-sizes=\"auto\" data-srcset=\"https:\/\/sitolor.hr\/wp-content\/uploads\/2019\/09\/sitolor-djelatnosti-gradenje-36-5-225x300.jpg 225w, https:\/\/sitolor.hr\/wp-content\/uploads\/2019\/09\/sitolor-djelatnosti-gradenje-36-5-190x253.jpg 190w, https:\/\/sitolor.hr\/wp-content\/uploads\/2019\/09\/sitolor-djelatnosti-gradenje-36-5-20x27.jpg 20w\" \/>\t\t\t\t\t\t\t\t\t\t<\/a>\n\t\t\t\t\t\t\t\t\t<\/figure>\n\t\t\t\t<\/div>\n\t[\/vc_column_inner][\/vc_row_inner][\/vc_column][\/vc_row][vc_row thb_full_width=&#8221;true&#8221; thb_row_padding=&#8221;true&#8221; thb_column_padding=&#8221;true&#8221; css=&#8221;.vc_custom_1563463893512{padding-top: 12vh !important;padding-bottom: 14vh !important;}&#8221;][vc_column][vc_row_inner css=&#8221;.vc_custom_1562599903520{padding-right: 6% !important;padding-left: 6% !important;}&#8221;][vc_column_inner]\t<div id=\"thb-slidetype-69e93e55e7a8e\" class=\"thb-slidetype \" data-style=\"style1\">\n\t\t\n<h2><span class=\"thb-slidetype-entry\"><span class=\"lines\">TEHNOLOGIJE KORI\u0160TENE PRI SANACIJI I ANTIKOROZIVNOJ ZA\u0160TITI \u010cELI\u010cNIH KONSTRUKCIJA:<\/span><\/span><\/h2>\n\t\t\t<\/div>\n\n\t[vc_column_text]<strong>a) WATERJETTING<\/strong><\/p>\n<p>Hidrodinami\u010dki postupak uklanjanja korozije i pripreme povr\u0161ina \u010deli\u010dnih konstrukcija mlazom vode pod ultravisokim tlakom do 3000 bara. Nastale otpadne tvari se direktno usisavaju u vakuum postrojenje, a voda se vra\u0107a na pro\u010di\u0161\u0107avanje. Ovom metodom se ispunjavaju svi ekolo\u0161ki uvjeti i uvjeti zadani od strane internacionalnih proizvo\u0111a\u010da premaza i boja.[\/vc_column_text][vc_column_text]<strong>b)&#8221;AIRLESS&#8221; \/ BEZRA\u010cNO NANO\u0160ENJE ANTIKOROZIVNE ZA\u0160TITE<\/strong><\/p>\n<p>Airless\u00a0predstavlja postupak prskanja kod povr\u0161inske za\u0161tite. Pod velikim hidrauli\u010dkim tlakom preko male mlaznice nanosi se antikorozivna za\u0161tita na \u010deli\u010dne povr\u0161ine bez dodatnog zraka (airless) \u010dime se posti\u017eu visoke vla\u010dne \u010dvrsto\u0107e \u2265 2,5 N\/mm\u00b2.[\/vc_column_text][\/vc_column_inner][\/vc_row_inner][\/vc_column][\/vc_row]\n","protected":false},"excerpt":{"rendered":"<p>[vc_row thb_full_width=&#8221;true&#8221; thb_row_padding=&#8221;true&#8221; thb_column_padding=&#8221;true&#8221; parallax=&#8221;content-moving-fade&#8221; parallax_image=&#8221;2612&#8243; thb_scroll_bottom=&#8221;true&#8221; thb_scroll_bottom_style=&#8221;style3&#8243; thb_scroll_bottom_color=&#8221;light&#8221; css=&#8221;.vc_custom_1568986976988{padding-top: 30vh !important;padding-bottom: 15vh !important;background-color: #2e3292 !important;background-position: center;background-repeat: no-repeat;background-size:cover;}&#8221; bg_gradient1=&#8221;rgba(0,35,61,0.5)&#8221; bg_gradient2=&#8221;rgba(0,35,61,0.5)&#8221;][vc_column][vc_row_inner el_class=&#8221;align-center&#8221;][vc_column_inner thb_color=&#8221;thb-light-column&#8221; el_class=&#8221;text-center&#8221; offset=&#8221;vc_col-lg-7 vc_col-md-10&#8243;][\/vc_column_inner][\/vc_row_inner][\/vc_column][\/vc_row][vc_row thb_full_width=&#8221;true&#8221; thb_row_padding=&#8221;true&#8221; thb_column_padding=&#8221;true&#8221; css=&#8221;.vc_custom_1563463893512{padding-top: 12vh !important;padding-bottom: 14vh !important;}&#8221;][vc_column][vc_row_inner css=&#8221;.vc_custom_1562599903520{padding-right: 6% !important;padding-left: 6% !important;}&#8221;][vc_column_inner width=&#8221;1\/2&#8243;][vc_column_text]Za\u0161tita od korozije objekata i opreme za skladi\u0161tenje glinice u Luci &#8220;Plo\u010de&#8221;[\/vc_column_text][\/vc_column_inner][vc_column_inner width=&#8221;1\/2&#8243;][\/vc_column_inner][\/vc_row_inner][\/vc_column][\/vc_row][vc_row thb_full_width=&#8221;true&#8221; thb_row_padding=&#8221;true&#8221; thb_column_padding=&#8221;true&#8221; css=&#8221;.vc_custom_1568888576425{padding-top:&hellip;<\/p>\n","protected":false},"author":1,"featured_media":0,"parent":0,"menu_order":0,"comment_status":"closed","ping_status":"closed","template":"","meta":[],"categories":[129],"tags":[],"_links":{"self":[{"href":"https:\/\/sitolor.hr\/hr\/wp-json\/wp\/v2\/pages\/3140"}],"collection":[{"href":"https:\/\/sitolor.hr\/hr\/wp-json\/wp\/v2\/pages"}],"about":[{"href":"https:\/\/sitolor.hr\/hr\/wp-json\/wp\/v2\/types\/page"}],"author":[{"embeddable":true,"href":"https:\/\/sitolor.hr\/hr\/wp-json\/wp\/v2\/users\/1"}],"replies":[{"embeddable":true,"href":"https:\/\/sitolor.hr\/hr\/wp-json\/wp\/v2\/comments?post=3140"}],"version-history":[{"count":5,"href":"https:\/\/sitolor.hr\/hr\/wp-json\/wp\/v2\/pages\/3140\/revisions"}],"predecessor-version":[{"id":10636,"href":"https:\/\/sitolor.hr\/hr\/wp-json\/wp\/v2\/pages\/3140\/revisions\/10636"}],"wp:attachment":[{"href":"https:\/\/sitolor.hr\/hr\/wp-json\/wp\/v2\/media?parent=3140"}],"wp:term":[{"taxonomy":"category","embeddable":true,"href":"https:\/\/sitolor.hr\/hr\/wp-json\/wp\/v2\/categories?post=3140"},{"taxonomy":"post_tag","embeddable":true,"href":"https:\/\/sitolor.hr\/hr\/wp-json\/wp\/v2\/tags?post=3140"}],"curies":[{"name":"wp","href":"https:\/\/api.w.org\/{rel}","templated":true}]}}