{"id":3475,"date":"2019-08-30T04:12:47","date_gmt":"2019-08-30T04:12:47","guid":{"rendered":"https:\/\/sitolor.hr\/?page_id=3475"},"modified":"2022-01-26T09:06:38","modified_gmt":"2022-01-26T09:06:38","slug":"prijava","status":"publish","type":"page","link":"https:\/\/sitolor.hr\/hr\/prijava\/","title":{"rendered":"Prijava"},"content":{"rendered":"[vc_row thb_full_width=&#8221;true&#8221; thb_row_padding=&#8221;true&#8221; thb_column_padding=&#8221;true&#8221; css=&#8221;.vc_custom_1567138472386{padding-top: 4vh !important;padding-bottom: 2vh !important;background-color: #2e3292 !important;}&#8221; el_class=&#8221;align-center&#8221;][vc_column thb_color=&#8221;thb-light-column&#8221; css=&#8221;.vc_custom_1557843736454{padding-top: 7vh !important;padding-bottom: 4vh !important;}&#8221; el_class=&#8221;text-center&#8221;]\t<div id=\"thb-slidetype-69e0382604837\" class=\"thb-slidetype \" data-style=\"style1\">\n\t\t\n<h1><span class=\"thb-slidetype-entry\"><span class=\"lines\">Prijavite se za radno mjesto<\/span><\/span><\/h1>\n\t\t\t<\/div>\n\n\t[vc_column_text animation=&#8221;animation bottom-to-top&#8221;]\n<h4>Pridru\u017eite se na\u0161em timu<\/h4>\n[\/vc_column_text][\/vc_column][\/vc_row][vc_row css=&#8221;.vc_custom_1567139402844{padding-top: 10vh !important;padding-right: 2% !important;padding-bottom: 8vh !important;padding-left: 2% !important;}&#8221;][vc_column width=&#8221;1\/6&#8243;][\/vc_column][vc_column width=&#8221;2\/3&#8243;][vc_row_inner thb_max_width=&#8221;&#8221; box_shadow=&#8221;medium-shadow&#8221; css=&#8221;.vc_custom_1567138557777{padding: 6% !important;}&#8221;][vc_column_inner]<div role=\"form\" class=\"wpcf7\" id=\"wpcf7-f3399-o1\" lang=\"en-US\" dir=\"ltr\">\n<div class=\"screen-reader-response\"><p role=\"status\" aria-live=\"polite\" aria-atomic=\"true\"><\/p> <ul><\/ul><\/div>\n<form action=\"\/hr\/wp-json\/wp\/v2\/pages\/3475#wpcf7-f3399-o1\" method=\"post\" class=\"wpcf7-form init\" enctype=\"multipart\/form-data\" novalidate=\"novalidate\" data-status=\"init\">\n<div style=\"display: none;\">\n<input type=\"hidden\" name=\"_wpcf7\" value=\"3399\" \/>\n<input type=\"hidden\" name=\"_wpcf7_version\" value=\"5.5.6\" \/>\n<input type=\"hidden\" name=\"_wpcf7_locale\" value=\"en_US\" \/>\n<input type=\"hidden\" name=\"_wpcf7_unit_tag\" value=\"wpcf7-f3399-o1\" \/>\n<input type=\"hidden\" name=\"_wpcf7_container_post\" value=\"0\" \/>\n<input type=\"hidden\" name=\"_wpcf7_posted_data_hash\" value=\"\" \/>\n<input type=\"hidden\" name=\"_wpcf7cf_hidden_group_fields\" value=\"\" \/>\n<input type=\"hidden\" name=\"_wpcf7cf_hidden_groups\" value=\"\" \/>\n<input type=\"hidden\" name=\"_wpcf7cf_visible_groups\" value=\"\" \/>\n<input type=\"hidden\" name=\"_wpcf7cf_repeaters\" value=\"[]\" \/>\n<input type=\"hidden\" name=\"_wpcf7cf_steps\" value=\"{}\" \/>\n<input type=\"hidden\" name=\"_wpcf7cf_options\" value=\"{&quot;form_id&quot;:3399,&quot;conditions&quot;:[{&quot;then_field&quot;:&quot;-1&quot;,&quot;and_rules&quot;:[{&quot;if_field&quot;:&quot;dropdown-posao&quot;,&quot;operator&quot;:&quot;equals&quot;,&quot;if_value&quot;:&quot;VODITELJ GRADILI\\u0160TA-NJEMA\\u010cKA&quot;}]},{&quot;then_field&quot;:&quot;-1&quot;,&quot;and_rules&quot;:[{&quot;if_field&quot;:&quot;dropdown-posao&quot;,&quot;operator&quot;:&quot;equals&quot;,&quot;if_value&quot;:&quot;VODITELJ GRADILI\\u0160TA&quot;}]},{&quot;then_field&quot;:&quot;-1&quot;,&quot;and_rules&quot;:[{&quot;if_field&quot;:&quot;dropdown-posao&quot;,&quot;operator&quot;:&quot;equals&quot;,&quot;if_value&quot;:&quot;IN\\u017dENJER KALKULANTA&quot;}]},{&quot;then_field&quot;:&quot;-1&quot;,&quot;and_rules&quot;:[{&quot;if_field&quot;:&quot;dropdown-posao&quot;,&quot;operator&quot;:&quot;equals&quot;,&quot;if_value&quot;:&quot;ADMINISTRATIVNI TAJNIK&quot;}]},{&quot;then_field&quot;:&quot;-1&quot;,&quot;and_rules&quot;:[{&quot;if_field&quot;:&quot;dropdown-posao&quot;,&quot;operator&quot;:&quot;equals&quot;,&quot;if_value&quot;:&quot;IN\\u017dENJER GRA\\u0110EVINE-pripravnik&quot;}]},{&quot;then_field&quot;:&quot;-1&quot;,&quot;and_rules&quot;:[{&quot;if_field&quot;:&quot;dropdown-posao&quot;,&quot;operator&quot;:&quot;equals&quot;,&quot;if_value&quot;:&quot;IN\\u017dENJER NU\\u0110ENJA I UGOVARANJA&quot;}]},{&quot;then_field&quot;:&quot;-1&quot;,&quot;and_rules&quot;:[{&quot;if_field&quot;:&quot;dropdown-posao&quot;,&quot;operator&quot;:&quot;equals&quot;,&quot;if_value&quot;:&quot;SAMOSTALNI RA\\u010cUNOVO\\u0110A&quot;}]},{&quot;then_field&quot;:&quot;-1&quot;,&quot;and_rules&quot;:[{&quot;if_field&quot;:&quot;dropdown-posao&quot;,&quot;operator&quot;:&quot;equals&quot;,&quot;if_value&quot;:&quot;GLAVNI KNJIGOVO\\u0110A-BILANCIST&quot;}]}],&quot;settings&quot;:{&quot;animation&quot;:&quot;yes&quot;,&quot;animation_intime&quot;:200,&quot;animation_outtime&quot;:200,&quot;conditions_ui&quot;:&quot;normal&quot;,&quot;notice_dismissed&quot;:false,&quot;notice_dismissed_update-cf7-5.4.1&quot;:true}}\" \/>\n<\/div>\n<div class=\"row\">\n<div class=\"small-12 columns\">\n<h2 class=\"text-center\">Radno mjesto za koje se prijavljujete  <\/h2>\n<p><label> Odaberite jedno od ponu\u0111enih radnih mjesta * (obavezno)<\/label><br \/>\n<span class=\"wpcf7-form-control-wrap dropdown-posao\"><select name=\"dropdown-posao\" class=\"wpcf7-form-control wpcf7-select wpcf7-validates-as-required\" aria-required=\"true\" aria-invalid=\"false\"><option value=\"IN\u017dENJER U NABAVI\">IN\u017dENJER U NABAVI<\/option><option value=\"IN\u017dENJER NU\u0110ENJA I UGOVARANJA\">IN\u017dENJER NU\u0110ENJA I UGOVARANJA<\/option><option value=\"GLAVNI KNJIGOVO\u0110A-BILANCIST\">GLAVNI KNJIGOVO\u0110A-BILANCIST<\/option><option value=\"SAMOSTALNI RA\u010cUNOVO\u0110A\">SAMOSTALNI RA\u010cUNOVO\u0110A<\/option><option value=\"IN\u017dENJER GRA\u0110EVINE-pripravnik\">IN\u017dENJER GRA\u0110EVINE-pripravnik<\/option><option value=\"SPECIJALIST ZA LJUDSKE RESURSE\">SPECIJALIST ZA LJUDSKE RESURSE<\/option><option value=\"VODITELJ GRADILI\u0160TA-NJEMA\u010cKA\">VODITELJ GRADILI\u0160TA-NJEMA\u010cKA<\/option><option value=\"VODITELJ GRADILI\u0160TA\">VODITELJ GRADILI\u0160TA<\/option><option value=\"IN\u017dENJER KALKULANTA\">IN\u017dENJER KALKULANTA<\/option><option value=\"GRA\u0110EVINSKI RADNIK\">GRA\u0110EVINSKI RADNIK<\/option><option value=\"POSLOVO\u0110A\">POSLOVO\u0110A<\/option><option value=\"OTVORENE PRIJAVE\">OTVORENE PRIJAVE<\/option><option value=\"ADMINISTRATIVNI TAJNIK\">ADMINISTRATIVNI TAJNIK<\/option><\/select><\/span><\/p>\n<hr>\n<\/div>\n<\/div>\n<div class=\"row\">\n<hr>\n<div class=\"small-12 columns\">\n<h3 class=\"text-center\">Osobni podaci<\/h3>\n<\/div>\n<div class=\"small-12 large-6 columns\">\n<label> Va\u0161e ime i prezime * (obavezno)<\/label> <span class=\"wpcf7-form-control-wrap your-firstname\"><input type=\"text\" name=\"your-firstname\" value=\"\" size=\"40\" class=\"wpcf7-form-control wpcf7-text wpcf7-validates-as-required full\" aria-required=\"true\" aria-invalid=\"false\" \/><\/span>\n<\/div>\n<div class=\"small-12 large-6 columns\">\n<label>Va\u0161a e-po\u0161ta * (obavezno)<\/label> <span class=\"wpcf7-form-control-wrap your-email\"><input type=\"email\" name=\"your-email\" value=\"\" size=\"40\" class=\"wpcf7-form-control wpcf7-text wpcf7-email wpcf7-validates-as-required wpcf7-validates-as-email full\" aria-required=\"true\" aria-invalid=\"false\" \/><\/span>\n<\/div>\n<div class=\"small-12 large-6 columns\">\n<label>Datum i mjesto ro\u0111enja * (obavezno)<\/label> <span class=\"wpcf7-form-control-wrap your-birthdate\"><input type=\"text\" name=\"your-birthdate\" value=\"\" size=\"40\" class=\"wpcf7-form-control wpcf7-text wpcf7-validates-as-required full\" aria-required=\"true\" aria-invalid=\"false\" \/><\/span>\n<\/div>\n<div class=\"small-12 large-6 columns\">\n<label>Va\u0161 broj telefona 1 * (obavezno)<\/label> <span class=\"wpcf7-form-control-wrap your-tel\"><input type=\"tel\" name=\"your-tel\" value=\"\" size=\"40\" class=\"wpcf7-form-control wpcf7-text wpcf7-tel wpcf7-validates-as-required wpcf7-validates-as-tel full\" aria-required=\"true\" aria-invalid=\"false\" \/><\/span>\n<\/div>\n<div class=\"small-12 large-6 columns\">\n<label>Va\u0161a adresa * (obavezno)<\/label> <span class=\"wpcf7-form-control-wrap your-adress\"><input type=\"text\" name=\"your-adress\" value=\"\" size=\"40\" class=\"wpcf7-form-control wpcf7-text wpcf7-validates-as-required full\" aria-required=\"true\" aria-invalid=\"false\" \/><\/span>\n<\/div>\n<div class=\"small-12 large-6 columns\">\n<label>Va\u0161 broj telefona 2<\/label> <span class=\"wpcf7-form-control-wrap your-tel-2\"><input type=\"tel\" name=\"your-tel-2\" value=\"\" size=\"40\" class=\"wpcf7-form-control wpcf7-text wpcf7-tel wpcf7-validates-as-tel full\" aria-invalid=\"false\" \/><\/span>\n<\/div>\n<div class=\"small-12 columns\">\n<hr>\n<\/div>\n<\/div>\n<div class=\"row\">\n<div class=\"small-12 columns\">\n<h3 class=\"text-center\">Obrazovanje i usavr\u0161avanja<\/h3>\n<\/div>\n<div class=\"small-12 columns\">\n<label>Najvi\u0161e zavr\u0161eno obrazovanje * (obavezno)<\/label><br \/>\n<span class=\"wpcf7-form-control-wrap dropdown-shool\"><select name=\"dropdown-shool\" class=\"wpcf7-form-control wpcf7-select wpcf7-validates-as-required\" aria-required=\"true\" aria-invalid=\"false\"><option value=\"NK - bez osnovne \u0161kole\">NK - bez osnovne \u0161kole<\/option><option value=\"NSS - osnovna \u0161kola\">NSS - osnovna \u0161kola<\/option><option value=\"KV - srednja trogodi\u0161nja \u0161kola\">KV - srednja trogodi\u0161nja \u0161kola<\/option><option value=\"VKV - srednja trogodi\u0161nja \u0161kola s polo\u017eenim majstorkim ispitom\">VKV - srednja trogodi\u0161nja \u0161kola s polo\u017eenim majstorkim ispitom<\/option><option value=\"SSS- srednja \u010detverogodi\u0161nja \u0161kola\">SSS- srednja \u010detverogodi\u0161nja \u0161kola<\/option><option value=\"V\u0160S - trogodi\u0161nji studij\">V\u0160S - trogodi\u0161nji studij<\/option><option value=\"VSS - petogodi\u0161nji studij\">VSS - petogodi\u0161nji studij<\/option><option value=\"Specialisti\u010di studij\">Specialisti\u010di studij<\/option><\/select><\/span>\n<\/div>\n<div class=\"small-12 columns\">\n<label> Polo\u017een voza\u010dki ispit B kategorije * (obavezno)<\/label><br \/>\n<span class=\"wpcf7-form-control-wrap checkbox-vozacka\"><span class=\"wpcf7-form-control wpcf7-checkbox wpcf7-validates-as-required wpcf7-exclusive-checkbox\"><span class=\"wpcf7-list-item first\"><label><input type=\"checkbox\" name=\"checkbox-vozacka\" value=\"Da\" \/><span class=\"wpcf7-list-item-label\">Da<\/span><\/label><\/span><span class=\"wpcf7-list-item last\"><label><input type=\"checkbox\" name=\"checkbox-vozacka\" value=\"Ne\" \/><span class=\"wpcf7-list-item-label\">Ne<\/span><\/label><\/span><\/span><\/span>\n<\/div>\n<div class=\"small-12 columns\">\n<label> Polo\u017een stru\u010dni ispit za poslove sudionika u gradnji * (obavezno)<\/label><br \/>\n<span class=\"wpcf7-form-control-wrap checkbox-strucni\"><span class=\"wpcf7-form-control wpcf7-checkbox wpcf7-validates-as-required wpcf7-exclusive-checkbox\"><span class=\"wpcf7-list-item first\"><label><input type=\"checkbox\" name=\"checkbox-strucni\" value=\"Da\" \/><span class=\"wpcf7-list-item-label\">Da<\/span><\/label><\/span><span class=\"wpcf7-list-item last\"><label><input type=\"checkbox\" name=\"checkbox-strucni\" value=\"Ne\" \/><span class=\"wpcf7-list-item-label\">Ne<\/span><\/label><\/span><\/span><\/span>\n<\/div>\n<div class=\"small-12 columns\">\n<label> Upisan\/a u imenik ovla\u0161tenih voditelja gra\u0111enja pri Hrvatskoj komori in\u017eenjera gra\u0111evinarstva * (obavezno)<\/label><br \/>\n<span class=\"wpcf7-form-control-wrap checkbox-upisan\"><span class=\"wpcf7-form-control wpcf7-checkbox wpcf7-validates-as-required wpcf7-exclusive-checkbox\"><span class=\"wpcf7-list-item first\"><label><input type=\"checkbox\" name=\"checkbox-upisan\" value=\"Da\" \/><span class=\"wpcf7-list-item-label\">Da<\/span><\/label><\/span><span class=\"wpcf7-list-item last\"><label><input type=\"checkbox\" name=\"checkbox-upisan\" value=\"Ne\" \/><span class=\"wpcf7-list-item-label\">Ne<\/span><\/label><\/span><\/span><\/span>\n<\/div>\n<div class=\"small-12 columns\">\n<label> Dodatna obrazovanja i usavr\u0161avanja<br \/>\n(upi\u0161ite naziv\/e i opis u polje)<\/label><br \/>\n<span class=\"wpcf7-form-control-wrap textarea-367\"><textarea name=\"textarea-367\" cols=\"40\" rows=\"10\" maxlength=\"100\" class=\"wpcf7-form-control wpcf7-textarea full\" aria-invalid=\"false\"><\/textarea><\/span>\n<\/div>\n<div class=\"small-12 columns\">\n<label> Poznavanje stranog jezika * (obavezno)<br \/>\n(ozna\u010dite koje strane jezike poznajete i koristite ili dopi\u0161ite u polje ispod ako jezik nije naveden)<\/label><br \/>\n<span class=\"wpcf7-form-control-wrap checkbox-language\"><span class=\"wpcf7-form-control wpcf7-checkbox wpcf7-validates-as-required\"><span class=\"wpcf7-list-item first\"><label><input type=\"checkbox\" name=\"checkbox-language[]\" value=\"engleski jezik\" \/><span class=\"wpcf7-list-item-label\">engleski jezik<\/span><\/label><\/span><span class=\"wpcf7-list-item\"><label><input type=\"checkbox\" name=\"checkbox-language[]\" value=\"njema\u010dki jezik\" \/><span class=\"wpcf7-list-item-label\">njema\u010dki jezik<\/span><\/label><\/span><span class=\"wpcf7-list-item\"><label><input type=\"checkbox\" name=\"checkbox-language[]\" value=\"talijanski jezik\" \/><span class=\"wpcf7-list-item-label\">talijanski jezik<\/span><\/label><\/span><span class=\"wpcf7-list-item last\"><label><input type=\"checkbox\" name=\"checkbox-language[]\" value=\"niti jedan\" \/><span class=\"wpcf7-list-item-label\">niti jedan<\/span><\/label><\/span><\/span><\/span>\n<\/div>\n<div class=\"small-12 columns\">\n<span class=\"wpcf7-form-control-wrap your-language\"><input type=\"text\" name=\"your-language\" value=\"\" size=\"40\" class=\"wpcf7-form-control wpcf7-text full\" aria-invalid=\"false\" \/><\/span>\n<\/div>\n<div class=\"small-12 columns\">\n<hr>\n<\/div>\n<\/div>\n<div class=\"row\">\n<div class=\"small-12 columns\">\n<label> O\u010dekivana pla\u0107a<br \/>\nUpi\u0161ite koliku pla\u0107u o\u010dekujete u tvrtki Sitolor d.o.o.<\/label><br \/>\n<span class=\"wpcf7-form-control-wrap your-sallary\"><input type=\"text\" name=\"your-sallary\" value=\"\" size=\"40\" class=\"wpcf7-form-control wpcf7-text full\" aria-invalid=\"false\" \/><\/span><\/p>\n<hr>\n<\/div>\n<\/div>\n<div class=\"row\">\n<div class=\"small-12 columns\">\n<h3 class=\"text-center\">Prilozi<\/h3>\n<p><label>Molimo, dodajte u PDF, DOC ili DOCX formatu sljede\u0107e dokumente:<br \/>\nMaksimalna veli\u010dina datoteke 2MB.<\/label>\n<\/div>\n<div class=\"small-12 large-6 columns\">\n<label> \u017divotopis * (obavezno)  <\/label><br \/>\n<span class=\"wpcf7-form-control-wrap file-cv\"><input type=\"file\" name=\"file-cv\" size=\"40\" class=\"wpcf7-form-control wpcf7-file wpcf7-validates-as-required full\" accept=\".pdf,.doc,.docx\" aria-required=\"true\" aria-invalid=\"false\" \/><\/span>\n<\/div>\n<div class=\"small-12 large-6 columns\">\n<label> Pismo namjere * (obavezno) <\/label><br \/>\n<span class=\"wpcf7-form-control-wrap file-namjera\"><input type=\"file\" name=\"file-namjera\" size=\"40\" class=\"wpcf7-form-control wpcf7-file wpcf7-validates-as-required full\" accept=\".pdf,.doc,.docx\" aria-required=\"true\" aria-invalid=\"false\" \/><\/span>\n<\/div>\n<div class=\"small-12 large-6 columns\">\n<label> Ostalo <\/label><br \/>\n<span class=\"wpcf7-form-control-wrap file-other\"><input type=\"file\" name=\"file-other\" size=\"40\" class=\"wpcf7-form-control wpcf7-file full\" accept=\".pdf,.doc,.docx\" aria-invalid=\"false\" \/><\/span>\n<\/div>\n<div class=\"small-12 columns\">\n<hr>\n<\/div>\n<\/div>\n<div class=\"row\">\n<div class=\"small-12 columns\">\n<p><small>Za slanje ispunjene prijave obavezno ozna\u010dite polje \"Sla\u017eem se\" za prihva\u0107anje Politike Privatnosti.<\/small><\/p>\n<p><small>Vi\u0161e informacija pro\u010ditajte na stranici <a href=\"\/hr\/politika-privatnosti\" class=\"text-accent\">Politika Privatnosti<\/a> ili nas kontaktirajte na email <a href=\"mailto: info@sitolor.hr\" class=\"text-accent\">info@sitolor.hr<\/a><\/small> <\/p>\n<p><label>SUGLASNOST S POLITIKOM PRIVATNOSTI *<br \/>\nSla\u017eete li se s opisanom politikom privatnosti tvrtke Sitolor d.o.o.?<\/label><br \/>\n<span class=\"wpcf7-form-control-wrap your-consent\"><span class=\"wpcf7-form-control wpcf7-acceptance\"><span class=\"wpcf7-list-item\"><label><input type=\"checkbox\" name=\"your-consent\" value=\"1\" aria-invalid=\"false\" class=\"full\" \/><span class=\"wpcf7-list-item-label\">Sla\u017eem se s Politikom Privatnosti<\/span><\/label><\/span><\/span><\/span>\n<\/div>\n<div class=\"small-12 columns\">\n<span id=\"email\" class=\"wpcf7-form-control-wrap honeypot-email-2-wrap\" style=\"display:none !important; visibility:hidden !important;\"><label for=\"wpcf7-69e0382605fef-field\" class=\"hp-message\">Please leave this field empty.<\/label><input id=\"wpcf7-69e0382605fef-field\"  class=\"wpcf7-form-control wpcf7-text\" type=\"text\" name=\"honeypot-email-2\" value=\"\" size=\"40\" tabindex=\"-1\" autocomplete=\"new-password\" \/><\/span><br \/>\n<input type=\"submit\" value=\"Po\u0161alji\" class=\"wpcf7-form-control has-spinner wpcf7-submit\" \/>\n<\/div>\n<\/div>\n<div class=\"wpcf7-response-output\" aria-hidden=\"true\"><\/div><\/form><\/div>[\/vc_column_inner][\/vc_row_inner][vc_row_inner thb_max_width=&#8221;&#8221; css=&#8221;.vc_custom_1567138850726{padding-top: 6% !important;padding-right: 6% !important;padding-bottom: 6% !important;padding-left: 6% !important;}&#8221;][vc_column_inner][vc_column_text]Kandidati koji imaju V\u0160S\/VSS\/specijalisti\u010dki studij ili doktorat ispunjavaju cijeli obrazac.<br \/>\nKandidati koji imaju zavr\u0161enu SSS ili ni\u017ee obrazovanje ispunjavaju samo kategoriju pod nazivom &#8220;osobni podaci&#8221;.<br \/>\nPolja ozna\u010dena (*) su obavezna.<\/p>\n<p>Slanjem ovog obrasca prihva\u0107am Uvjete pru\u017eanja usluga i Politike privatnosti Sitolor d.o.o.[\/vc_column_text][\/vc_column_inner][\/vc_row_inner][\/vc_column][vc_column width=&#8221;1\/6&#8243;][\/vc_column][\/vc_row]\n","protected":false},"excerpt":{"rendered":"<p>[vc_row thb_full_width=&#8221;true&#8221; thb_row_padding=&#8221;true&#8221; thb_column_padding=&#8221;true&#8221; css=&#8221;.vc_custom_1567138472386{padding-top: 4vh !important;padding-bottom: 2vh !important;background-color: #2e3292 !important;}&#8221; el_class=&#8221;align-center&#8221;][vc_column thb_color=&#8221;thb-light-column&#8221; css=&#8221;.vc_custom_1557843736454{padding-top: 7vh !important;padding-bottom: 4vh !important;}&#8221; el_class=&#8221;text-center&#8221;][vc_column_text animation=&#8221;animation bottom-to-top&#8221;] Pridru\u017eite se na\u0161em timu [\/vc_column_text][\/vc_column][\/vc_row][vc_row css=&#8221;.vc_custom_1567139402844{padding-top: 10vh !important;padding-right: 2% !important;padding-bottom: 8vh !important;padding-left: 2% !important;}&#8221;][vc_column width=&#8221;1\/6&#8243;][\/vc_column][vc_column width=&#8221;2\/3&#8243;][vc_row_inner thb_max_width=&#8221;&#8221; box_shadow=&#8221;medium-shadow&#8221; css=&#8221;.vc_custom_1567138557777{padding: 6% !important;}&#8221;][vc_column_inner][\/vc_column_inner][\/vc_row_inner][vc_row_inner thb_max_width=&#8221;&#8221; css=&#8221;.vc_custom_1567138850726{padding-top: 6% !important;padding-right: 6% !important;padding-bottom: 6% !important;padding-left: 6% !important;}&#8221;][vc_column_inner][vc_column_text]Kandidati koji imaju V\u0160S\/VSS\/specijalisti\u010dki&hellip;<\/p>\n","protected":false},"author":1,"featured_media":0,"parent":0,"menu_order":0,"comment_status":"closed","ping_status":"closed","template":"","meta":[],"categories":[],"tags":[],"_links":{"self":[{"href":"https:\/\/sitolor.hr\/hr\/wp-json\/wp\/v2\/pages\/3475"}],"collection":[{"href":"https:\/\/sitolor.hr\/hr\/wp-json\/wp\/v2\/pages"}],"about":[{"href":"https:\/\/sitolor.hr\/hr\/wp-json\/wp\/v2\/types\/page"}],"author":[{"embeddable":true,"href":"https:\/\/sitolor.hr\/hr\/wp-json\/wp\/v2\/users\/1"}],"replies":[{"embeddable":true,"href":"https:\/\/sitolor.hr\/hr\/wp-json\/wp\/v2\/comments?post=3475"}],"version-history":[{"count":1,"href":"https:\/\/sitolor.hr\/hr\/wp-json\/wp\/v2\/pages\/3475\/revisions"}],"predecessor-version":[{"id":6562,"href":"https:\/\/sitolor.hr\/hr\/wp-json\/wp\/v2\/pages\/3475\/revisions\/6562"}],"wp:attachment":[{"href":"https:\/\/sitolor.hr\/hr\/wp-json\/wp\/v2\/media?parent=3475"}],"wp:term":[{"taxonomy":"category","embeddable":true,"href":"https:\/\/sitolor.hr\/hr\/wp-json\/wp\/v2\/categories?post=3475"},{"taxonomy":"post_tag","embeddable":true,"href":"https:\/\/sitolor.hr\/hr\/wp-json\/wp\/v2\/tags?post=3475"}],"curies":[{"name":"wp","href":"https:\/\/api.w.org\/{rel}","templated":true}]}}