{"id":3504,"date":"2019-08-30T09:35:15","date_gmt":"2019-08-30T09:35:15","guid":{"rendered":"https:\/\/sitolor.hr\/?page_id=3504"},"modified":"2021-07-28T12:07:12","modified_gmt":"2021-07-28T12:07:12","slug":"politika-privatnosti","status":"publish","type":"page","link":"https:\/\/sitolor.hr\/hr\/politika-privatnosti\/","title":{"rendered":"Politika privatnosti"},"content":{"rendered":"[vc_row][vc_column][vc_empty_space][vc_column_text]\n<h2>Politika Privatnosti<\/h2>\n[\/vc_column_text][vc_separator color=&#8221;custom&#8221; align=&#8221;align_left&#8221; el_width=&#8221;30&#8243; accent_color=&#8221;#2e3292&#8243;][vc_column_text]Ovom Politikom privatnosti Sitolor d.o.o. pru\u017ea informacije o \u00a0za\u0161tititi privatnosti korisnika i sigurnosti osobnih podataka prikupljenih pri va\u0161em posjetu na\u0161oj web stranici ili popunjavanjem obrazaca unutar nje.<\/p>\n<p>Va\u0161e osobne podatke prikupljamo samo kad ih sami dobrovoljno upi\u0161ete u obrasce dostupne na web stranici, a koji sadr\u017ee sljede\u0107e informacije: ime, prezime, datum i mjesto ro\u0111enja, e-mail adresa te broj mobilnog telefona kao i informacije koje pru\u017ea kandidat: poznavanje stranih jezika, diploma i drugi certifikati, profesionalno iskustvo i ostalo.<\/p>\n<p>Osobne podatke prikupljamo, pohranjujemo i obra\u0111ujemo prvenstveno u svrhu selekcijskog postupka za potencijalno zapo\u0161ljavanje kandidata; postupci obuhva\u0107aju administrativno upravljanje prijavama i razli\u010ditim fazama selekcijskog postupka.<\/p>\n<p>Dobrovoljnim upisivanjem svojih osobnih podataka u obrasce dajete nam svoju privolu za njihovo prikupljanje i daljnju obradu.<\/p>\n<p>Primatelji osobnih podataka kandidata je Sitolor d.o.o. kao voditelj obrade osobnih podataka u skladu s Uredbom EU 2016\/679 o za\u0161titi pojedinaca u vezi s obradom osobnih podataka i o slobodnom kretanju takvih podataka (Op\u0107a uredba o za\u0161titi podataka) i Zakonom o provedbi Op\u0107e uredbe o za\u0161titi podataka (Nar. novine, br. 42\/18.) te ostalim zakonskim propisima koji ure\u0111uju predmetno podru\u010dje.<\/p>\n<p>Svi podaci se bri\u0161u nakon prestanka svrhe za koju su prikupljeni, a najkasnije po isteku svih zakonskih obveza povezanih s \u010duvanjem osobnih podataka.<\/p>\n<p>U svakom trenutku mo\u017eete zatra\u017eiti ostvarivanje prava na pristup podacima i uvid u podatke, pravo na informiranost o obradi osobnih podataka, pravo na prenosivost podataka, pravo na podno\u0161enje prigovora te pravo na ispravak i promjenu osobnih podataka.<\/p>\n<p>Sitolor d.o.o. je imenovao slu\u017ebenika za za\u0161titu osobnih podataka kojeg mo\u017eete kontaktirati putem e-mail adrese: <a href=\"mailto:info@sitolor.hr\">info@sitolor.hr<\/a> .<\/p>\n[\/vc_column_text][\/vc_column][\/vc_row]\n","protected":false},"excerpt":{"rendered":"<p>[vc_row][vc_column][vc_empty_space][vc_column_text] Politika Privatnosti [\/vc_column_text][vc_separator color=&#8221;custom&#8221; align=&#8221;align_left&#8221; el_width=&#8221;30&#8243; accent_color=&#8221;#2e3292&#8243;][vc_column_text]Ovom Politikom privatnosti Sitolor d.o.o. pru\u017ea informacije o \u00a0za\u0161tititi privatnosti korisnika i sigurnosti osobnih podataka prikupljenih pri va\u0161em posjetu na\u0161oj web stranici ili popunjavanjem obrazaca unutar nje. Va\u0161e osobne podatke prikupljamo samo kad ih sami dobrovoljno upi\u0161ete u obrasce dostupne na web stranici, a koji sadr\u017ee sljede\u0107e informacije:&hellip;<\/p>\n","protected":false},"author":1,"featured_media":0,"parent":0,"menu_order":0,"comment_status":"closed","ping_status":"closed","template":"","meta":[],"categories":[],"tags":[],"_links":{"self":[{"href":"https:\/\/sitolor.hr\/hr\/wp-json\/wp\/v2\/pages\/3504"}],"collection":[{"href":"https:\/\/sitolor.hr\/hr\/wp-json\/wp\/v2\/pages"}],"about":[{"href":"https:\/\/sitolor.hr\/hr\/wp-json\/wp\/v2\/types\/page"}],"author":[{"embeddable":true,"href":"https:\/\/sitolor.hr\/hr\/wp-json\/wp\/v2\/users\/1"}],"replies":[{"embeddable":true,"href":"https:\/\/sitolor.hr\/hr\/wp-json\/wp\/v2\/comments?post=3504"}],"version-history":[{"count":5,"href":"https:\/\/sitolor.hr\/hr\/wp-json\/wp\/v2\/pages\/3504\/revisions"}],"predecessor-version":[{"id":6115,"href":"https:\/\/sitolor.hr\/hr\/wp-json\/wp\/v2\/pages\/3504\/revisions\/6115"}],"wp:attachment":[{"href":"https:\/\/sitolor.hr\/hr\/wp-json\/wp\/v2\/media?parent=3504"}],"wp:term":[{"taxonomy":"category","embeddable":true,"href":"https:\/\/sitolor.hr\/hr\/wp-json\/wp\/v2\/categories?post=3504"},{"taxonomy":"post_tag","embeddable":true,"href":"https:\/\/sitolor.hr\/hr\/wp-json\/wp\/v2\/tags?post=3504"}],"curies":[{"name":"wp","href":"https:\/\/api.w.org\/{rel}","templated":true}]}}