{"id":3532,"date":"2019-07-02T08:44:13","date_gmt":"2019-07-02T08:44:13","guid":{"rendered":"https:\/\/sitolor.hr\/?page_id=3532"},"modified":"2019-09-19T07:22:10","modified_gmt":"2019-09-19T07:22:10","slug":"gradenje-inzenjerskih-konstrukcija","status":"publish","type":"page","link":"https:\/\/sitolor.hr\/hr\/gradenje-inzenjerskih-konstrukcija\/","title":{"rendered":"Gra\u0111enje in\u017eenjerskih konstrukcija"},"content":{"rendered":"[vc_row thb_full_width=&#8221;true&#8221; thb_row_padding=&#8221;true&#8221; thb_column_padding=&#8221;true&#8221; parallax=&#8221;content-moving-fade&#8221; parallax_image=&#8221;2623&#8243; thb_scroll_bottom=&#8221;true&#8221; thb_scroll_bottom_style=&#8221;style3&#8243; thb_scroll_bottom_color=&#8221;light&#8221; css=&#8221;.vc_custom_1568877696721{padding-top: 30vh !important;padding-bottom: 15vh !important;background-color: #2e3292 !important;background-position: center;background-repeat: no-repeat !important;background-size: cover !important;}&#8221; bg_gradient1=&#8221;rgba(0,35,61,0.5)&#8221; bg_gradient2=&#8221;rgba(0,35,61,0.5)&#8221;][vc_column][vc_row_inner el_class=&#8221;align-center&#8221;][vc_column_inner thb_color=&#8221;thb-light-column&#8221; el_class=&#8221;text-center&#8221; offset=&#8221;vc_col-lg-7 vc_col-md-10&#8243;]\t<div id=\"thb-slidetype-69e93e35ec186\" class=\"thb-slidetype \" data-style=\"style1\">\n\t\t\n<h1><span class=\"thb-slidetype-entry\"><span class=\"lines\">Gra\u0111enje in\u017eenjerskih konstrukcija<\/span><\/span><\/h1>\n\t\t\t<\/div>\n\n\t[\/vc_column_inner][\/vc_row_inner][\/vc_column][\/vc_row][vc_row el_class=&#8221;align-center&#8221; css=&#8221;.vc_custom_1517307431134{padding-top: 12vh !important;padding-bottom: 12vh !important;}&#8221;][vc_column offset=&#8221;vc_col-lg-6 vc_col-md-6&#8243;][vc_column_text animation=&#8221;animation bottom-to-top&#8221;]Veliki gra\u0111evinski projekti su slo\u017eeni poduhvati koji \u010desto uklju\u010duju mno\u0161tvo kooperanata i dobavlja\u010da, a orkestriranje takvim operacijama zahtjeva prvoklasno upravljanje graditeljstvom. Proaktivnim pristupom i primjenom suvremenih tehnologija izvodimo najslo\u017eenije gra\u0111evinske projekte pri \u010demu posebnu pa\u017enju posve\u0107ujemo okoli\u0161u, kvaliteti, za\u0161titi na radu i zahtjevima investitora.<br \/>\n[\/vc_column_text][\/vc_column][\/vc_row][vc_row thb_full_width=&#8221;true&#8221; thb_row_padding=&#8221;true&#8221; thb_column_padding=&#8221;true&#8221; css=&#8221;.vc_custom_1565703341761{padding-top: 15vh !important;padding-bottom: 15vh !important;background-color: #eaf8fd !important;}&#8221;][vc_column][vc_row_inner][vc_column_inner width=&#8221;1\/2&#8243;]\t<div id=\"thb-slidetype-69e93e35ec1d9\" class=\"thb-slidetype \" data-style=\"style1\">\n\t\t\n<h2><span class=\"thb-slidetype-entry\"><span class=\"lines\">KRU\u017dNI TOK SLAVONSKI BROD, OSIJEK KOTEKS d.d,<\/span><\/span><\/h2>\n\t\t\t<\/div>\n\n\t[vc_column_text]2016.\/2017.rekonstrukcija i izgradnja spojne ceste i kru\u017enog toka s mostovima na kanalu Glogovica u Slavonskom Brodu.[\/vc_column_text][\/vc_column_inner][vc_column_inner width=&#8221;1\/2&#8243;]\t<div id=\"thb-image-slider-445\" class=\"thb-image-slider thb-carousel row mfp-gallery  thb_center thb_equal_height \" data-pagination=\"true\" data-center=\"true\" data-columns=\"1\" data-infinite=\"false\" data-autoplay=\"true\" data-autoplay-speed=\"4000\" data-navigation=\"\">\n\t\t\t\t\t\t<figure class=\"columns\">\n\t\t\t\t\t\t\t\t\t\t<a href=\"https:\/\/sitolor.hr\/wp-content\/uploads\/2019\/09\/sitolor-djelatnosti-gradenje-37-5.jpg\">\n\t\t\t\t\t\t\t\t\t<img width=\"300\" height=\"158\" src=\"data:image\/gif;base64,R0lGODlhAQABAAAAACH5BAEKAAEALAAAAAABAAEAAAICTAEAOw==\" class=\"attachment-medium thb-lazyload lazyload\" alt=\"\" title=\"sitolor-djelatnosti-gradenje-37 (5)\" sizes=\"(max-width: 300px) 100vw, 300px\" data-src=\"https:\/\/sitolor.hr\/wp-content\/uploads\/2019\/09\/sitolor-djelatnosti-gradenje-37-5-300x158.jpg\" data-sizes=\"auto\" data-srcset=\"https:\/\/sitolor.hr\/wp-content\/uploads\/2019\/09\/sitolor-djelatnosti-gradenje-37-5-300x158.jpg 300w, https:\/\/sitolor.hr\/wp-content\/uploads\/2019\/09\/sitolor-djelatnosti-gradenje-37-5-20x11.jpg 20w, https:\/\/sitolor.hr\/wp-content\/uploads\/2019\/09\/sitolor-djelatnosti-gradenje-37-5-190x100.jpg 190w\" \/>\t\t\t\t\t\t\t\t\t\t<\/a>\n\t\t\t\t\t\t\t\t\t<\/figure>\n\t\t\t\t\t\t\t<figure class=\"columns\">\n\t\t\t\t\t\t\t\t\t\t<a href=\"https:\/\/sitolor.hr\/wp-content\/uploads\/2019\/09\/sitolor-djelatnosti-gradenje-37-4.jpg\">\n\t\t\t\t\t\t\t\t\t<img width=\"300\" height=\"202\" src=\"data:image\/gif;base64,R0lGODlhAQABAAAAACH5BAEKAAEALAAAAAABAAEAAAICTAEAOw==\" class=\"attachment-medium thb-lazyload lazyload\" alt=\"\" title=\"SAMSUNG CAMERA PICTURES\" sizes=\"(max-width: 300px) 100vw, 300px\" data-src=\"https:\/\/sitolor.hr\/wp-content\/uploads\/2019\/09\/sitolor-djelatnosti-gradenje-37-4-300x202.jpg\" data-sizes=\"auto\" data-srcset=\"https:\/\/sitolor.hr\/wp-content\/uploads\/2019\/09\/sitolor-djelatnosti-gradenje-37-4-300x202.jpg 300w, https:\/\/sitolor.hr\/wp-content\/uploads\/2019\/09\/sitolor-djelatnosti-gradenje-37-4-190x128.jpg 190w, https:\/\/sitolor.hr\/wp-content\/uploads\/2019\/09\/sitolor-djelatnosti-gradenje-37-4-20x13.jpg 20w\" \/>\t\t\t\t\t\t\t\t\t\t<\/a>\n\t\t\t\t\t\t\t\t\t<\/figure>\n\t\t\t\t\t\t\t<figure class=\"columns\">\n\t\t\t\t\t\t\t\t\t\t<a href=\"https:\/\/sitolor.hr\/wp-content\/uploads\/2019\/09\/sitolor-djelatnosti-gradenje-37-3.jpg\">\n\t\t\t\t\t\t\t\t\t<img width=\"300\" height=\"224\" src=\"data:image\/gif;base64,R0lGODlhAQABAAAAACH5BAEKAAEALAAAAAABAAEAAAICTAEAOw==\" class=\"attachment-medium thb-lazyload lazyload\" alt=\"\" title=\"sitolor-djelatnosti-gradenje-37 (3)\" sizes=\"(max-width: 300px) 100vw, 300px\" data-src=\"https:\/\/sitolor.hr\/wp-content\/uploads\/2019\/09\/sitolor-djelatnosti-gradenje-37-3-300x224.jpg\" data-sizes=\"auto\" data-srcset=\"https:\/\/sitolor.hr\/wp-content\/uploads\/2019\/09\/sitolor-djelatnosti-gradenje-37-3-300x224.jpg 300w, https:\/\/sitolor.hr\/wp-content\/uploads\/2019\/09\/sitolor-djelatnosti-gradenje-37-3-20x15.jpg 20w, https:\/\/sitolor.hr\/wp-content\/uploads\/2019\/09\/sitolor-djelatnosti-gradenje-37-3-190x142.jpg 190w\" \/>\t\t\t\t\t\t\t\t\t\t<\/a>\n\t\t\t\t\t\t\t\t\t<\/figure>\n\t\t\t\t\t\t\t<figure class=\"columns\">\n\t\t\t\t\t\t\t\t\t\t<a href=\"https:\/\/sitolor.hr\/wp-content\/uploads\/2019\/09\/sitolor-djelatnosti-gradenje-37-2.jpg\">\n\t\t\t\t\t\t\t\t\t<img width=\"300\" height=\"161\" src=\"data:image\/gif;base64,R0lGODlhAQABAAAAACH5BAEKAAEALAAAAAABAAEAAAICTAEAOw==\" class=\"attachment-medium thb-lazyload lazyload\" alt=\"\" title=\"sitolor-djelatnosti-gradenje-37 (2)\" sizes=\"(max-width: 300px) 100vw, 300px\" data-src=\"https:\/\/sitolor.hr\/wp-content\/uploads\/2019\/09\/sitolor-djelatnosti-gradenje-37-2-300x161.jpg\" data-sizes=\"auto\" data-srcset=\"https:\/\/sitolor.hr\/wp-content\/uploads\/2019\/09\/sitolor-djelatnosti-gradenje-37-2-300x161.jpg 300w, https:\/\/sitolor.hr\/wp-content\/uploads\/2019\/09\/sitolor-djelatnosti-gradenje-37-2-20x11.jpg 20w, https:\/\/sitolor.hr\/wp-content\/uploads\/2019\/09\/sitolor-djelatnosti-gradenje-37-2-190x102.jpg 190w\" \/>\t\t\t\t\t\t\t\t\t\t<\/a>\n\t\t\t\t\t\t\t\t\t<\/figure>\n\t\t\t\t\t\t\t<figure class=\"columns\">\n\t\t\t\t\t\t\t\t\t\t<a href=\"https:\/\/sitolor.hr\/wp-content\/uploads\/2019\/09\/sitolor-djelatnosti-gradenje-37-1.jpg\">\n\t\t\t\t\t\t\t\t\t<img width=\"300\" height=\"158\" src=\"data:image\/gif;base64,R0lGODlhAQABAAAAACH5BAEKAAEALAAAAAABAAEAAAICTAEAOw==\" class=\"attachment-medium thb-lazyload lazyload\" alt=\"\" title=\"sitolor-djelatnosti-gradenje-37 (1)\" sizes=\"(max-width: 300px) 100vw, 300px\" data-src=\"https:\/\/sitolor.hr\/wp-content\/uploads\/2019\/09\/sitolor-djelatnosti-gradenje-37-1-300x158.jpg\" data-sizes=\"auto\" data-srcset=\"https:\/\/sitolor.hr\/wp-content\/uploads\/2019\/09\/sitolor-djelatnosti-gradenje-37-1-300x158.jpg 300w, https:\/\/sitolor.hr\/wp-content\/uploads\/2019\/09\/sitolor-djelatnosti-gradenje-37-1-20x11.jpg 20w, https:\/\/sitolor.hr\/wp-content\/uploads\/2019\/09\/sitolor-djelatnosti-gradenje-37-1-190x100.jpg 190w\" \/>\t\t\t\t\t\t\t\t\t\t<\/a>\n\t\t\t\t\t\t\t\t\t<\/figure>\n\t\t\t\t<\/div>\n\t[\/vc_column_inner][\/vc_row_inner][vc_empty_space height=&#8221;60px&#8221;][\/vc_column][\/vc_row]\n","protected":false},"excerpt":{"rendered":"<p>[vc_row thb_full_width=&#8221;true&#8221; thb_row_padding=&#8221;true&#8221; thb_column_padding=&#8221;true&#8221; parallax=&#8221;content-moving-fade&#8221; parallax_image=&#8221;2623&#8243; thb_scroll_bottom=&#8221;true&#8221; thb_scroll_bottom_style=&#8221;style3&#8243; thb_scroll_bottom_color=&#8221;light&#8221; css=&#8221;.vc_custom_1568877696721{padding-top: 30vh !important;padding-bottom: 15vh !important;background-color: #2e3292 !important;background-position: center;background-repeat: no-repeat !important;background-size: cover !important;}&#8221; bg_gradient1=&#8221;rgba(0,35,61,0.5)&#8221; bg_gradient2=&#8221;rgba(0,35,61,0.5)&#8221;][vc_column][vc_row_inner el_class=&#8221;align-center&#8221;][vc_column_inner thb_color=&#8221;thb-light-column&#8221; el_class=&#8221;text-center&#8221; offset=&#8221;vc_col-lg-7 vc_col-md-10&#8243;][\/vc_column_inner][\/vc_row_inner][\/vc_column][\/vc_row][vc_row el_class=&#8221;align-center&#8221; css=&#8221;.vc_custom_1517307431134{padding-top: 12vh !important;padding-bottom: 12vh !important;}&#8221;][vc_column offset=&#8221;vc_col-lg-6 vc_col-md-6&#8243;][vc_column_text animation=&#8221;animation bottom-to-top&#8221;]Veliki gra\u0111evinski projekti su slo\u017eeni poduhvati koji \u010desto uklju\u010duju mno\u0161tvo kooperanata i dobavlja\u010da, a orkestriranje takvim operacijama zahtjeva&hellip;<\/p>\n","protected":false},"author":1,"featured_media":0,"parent":0,"menu_order":0,"comment_status":"closed","ping_status":"closed","template":"","meta":[],"categories":[129],"tags":[],"_links":{"self":[{"href":"https:\/\/sitolor.hr\/hr\/wp-json\/wp\/v2\/pages\/3532"}],"collection":[{"href":"https:\/\/sitolor.hr\/hr\/wp-json\/wp\/v2\/pages"}],"about":[{"href":"https:\/\/sitolor.hr\/hr\/wp-json\/wp\/v2\/types\/page"}],"author":[{"embeddable":true,"href":"https:\/\/sitolor.hr\/hr\/wp-json\/wp\/v2\/users\/1"}],"replies":[{"embeddable":true,"href":"https:\/\/sitolor.hr\/hr\/wp-json\/wp\/v2\/comments?post=3532"}],"version-history":[{"count":5,"href":"https:\/\/sitolor.hr\/hr\/wp-json\/wp\/v2\/pages\/3532\/revisions"}],"predecessor-version":[{"id":3960,"href":"https:\/\/sitolor.hr\/hr\/wp-json\/wp\/v2\/pages\/3532\/revisions\/3960"}],"wp:attachment":[{"href":"https:\/\/sitolor.hr\/hr\/wp-json\/wp\/v2\/media?parent=3532"}],"wp:term":[{"taxonomy":"category","embeddable":true,"href":"https:\/\/sitolor.hr\/hr\/wp-json\/wp\/v2\/categories?post=3532"},{"taxonomy":"post_tag","embeddable":true,"href":"https:\/\/sitolor.hr\/hr\/wp-json\/wp\/v2\/tags?post=3532"}],"curies":[{"name":"wp","href":"https:\/\/api.w.org\/{rel}","templated":true}]}}