{"id":3582,"date":"2019-05-01T09:22:47","date_gmt":"2019-05-01T09:22:47","guid":{"rendered":"https:\/\/sitolor.hr\/?page_id=3582"},"modified":"2019-09-19T04:54:32","modified_gmt":"2019-09-19T04:54:32","slug":"investicijski-projekti-nekretnine-2","status":"publish","type":"page","link":"https:\/\/sitolor.hr\/hr\/investicijski-projekti-nekretnine-2\/","title":{"rendered":"Investicijski projekti \/ nekretnine"},"content":{"rendered":"[vc_row thb_full_width=&#8221;true&#8221; thb_row_padding=&#8221;true&#8221; thb_column_padding=&#8221;true&#8221; parallax=&#8221;content-moving-fade&#8221; parallax_image=&#8221;2849&#8243; thb_scroll_bottom=&#8221;true&#8221; thb_scroll_bottom_style=&#8221;style3&#8243; thb_scroll_bottom_color=&#8221;light&#8221; css=&#8221;.vc_custom_1567560293414{padding-top: 30vh !important;padding-bottom: 15vh !important;background-color: #2e3292 !important;background-position: center;background-repeat: no-repeat !important;background-size: cover !important;}&#8221; bg_gradient1=&#8221;rgba(0,35,61,0.5)&#8221; bg_gradient2=&#8221;rgba(0,35,61,0.5)&#8221;][vc_column][vc_row_inner el_class=&#8221;align-center&#8221;][vc_column_inner thb_color=&#8221;thb-light-column&#8221; el_class=&#8221;text-center&#8221; offset=&#8221;vc_col-lg-7 vc_col-md-10&#8243;]\t<div id=\"thb-slidetype-69dfc5d6908f1\" class=\"thb-slidetype \" data-style=\"style1\">\n\t\t\n<h1><span class=\"thb-slidetype-entry\"><span class=\"lines\">Investicijski projekti \/ nekretnine<\/span><\/span><\/h1>\n\t\t\t<\/div>\n\n\t[\/vc_column_inner][\/vc_row_inner][\/vc_column][\/vc_row][vc_row el_class=&#8221;align-center&#8221; css=&#8221;.vc_custom_1517307431134{padding-top: 12vh !important;padding-bottom: 12vh !important;}&#8221;][vc_column offset=&#8221;vc_col-lg-6 vc_col-md-6&#8243;][vc_column_text animation=&#8221;animation bottom-to-top&#8221;]U svojoj ponudi imamo apartmane i luksuzne vile koji udovoljavaju najvi\u0161im standardima u gra\u0111evinarstvu i arhitekturi. Tehni\u010dki, estetski i prije svega funkcionalni zahtjevi savr\u0161eno su ukomponirani u izgradnji i opremanju na\u0161ih vila i apartmana koje su smje\u0161tene na najljep\u0161im lokacijama Jadranske obale.[\/vc_column_text][\/vc_column][\/vc_row][vc_row thb_full_width=&#8221;true&#8221; thb_row_padding=&#8221;true&#8221; thb_column_padding=&#8221;true&#8221; css=&#8221;.vc_custom_1565703341761{padding-top: 15vh !important;padding-bottom: 15vh !important;background-color: #eaf8fd !important;}&#8221;][vc_column][vc_row_inner][vc_column_inner width=&#8221;5\/12&#8243;]\t<div id=\"thb-slidetype-69dfc5d6909d2\" class=\"thb-slidetype \" data-style=\"style1\">\n\t\t\n<h2><span class=\"thb-slidetype-entry\"><span class=\"lines\">Poville Residence<\/span><\/span><\/h2>\n\t\t\t<\/div>\n\n\t[vc_column_text]Svoje znanje i iskustvo u gra\u0111enju iskoristili smo kako bismo izgradili luksuzne vile i apartmane na idili\u010dnim lokacijama. Djelatnost nekretnina sastoji se od Poville Residence, rezidencijalnog naselja s pet mediteranskih vila u mjestu Povile, slikovitom mjestu pokraj Novog Vinodolskog te tri vile u ribarskom mjestu Postire na sjevernoj strani otoka Bra\u010da.[\/vc_column_text][\/vc_column_inner][vc_column_inner width=&#8221;7\/12&#8243;][\/vc_column_inner][\/vc_row_inner][vc_empty_space height=&#8221;60px&#8221;][vc_row_inner][vc_column_inner width=&#8221;2\/3&#8243;]\t<div id=\"thb-image-slider-465\" class=\"thb-image-slider thb-carousel row mfp-gallery overflow-visible   \" data-pagination=\"true\" data-center=\"\" data-columns=\"1\" data-infinite=\"false\" data-autoplay=\"\" data-autoplay-speed=\"4000\" data-navigation=\"\">\n\t\t\t\t\t\t<figure class=\"columns\">\n\t\t\t\t\t\t\t\t\t\t<a href=\"https:\/\/sitolor.hr\/wp-content\/uploads\/2019\/07\/sitolor-investicije-960-001.jpg\">\n\t\t\t\t\t\t\t\t\t<img width=\"960\" height=\"760\" src=\"data:image\/gif;base64,R0lGODlhAQABAAAAACH5BAEKAAEALAAAAAABAAEAAAICTAEAOw==\" class=\"attachment-full thb-lazyload lazyload\" alt=\"\" title=\"sitolor-investicije-960-001\" sizes=\"(max-width: 960px) 100vw, 960px\" data-src=\"https:\/\/sitolor.hr\/wp-content\/uploads\/2019\/07\/sitolor-investicije-960-001.jpg\" data-sizes=\"auto\" data-srcset=\"https:\/\/sitolor.hr\/wp-content\/uploads\/2019\/07\/sitolor-investicije-960-001.jpg 960w, https:\/\/sitolor.hr\/wp-content\/uploads\/2019\/07\/sitolor-investicije-960-001-300x238.jpg 300w, https:\/\/sitolor.hr\/wp-content\/uploads\/2019\/07\/sitolor-investicije-960-001-768x608.jpg 768w, https:\/\/sitolor.hr\/wp-content\/uploads\/2019\/07\/sitolor-investicije-960-001-380x301.jpg 380w, https:\/\/sitolor.hr\/wp-content\/uploads\/2019\/07\/sitolor-investicije-960-001-20x16.jpg 20w, https:\/\/sitolor.hr\/wp-content\/uploads\/2019\/07\/sitolor-investicije-960-001-190x150.jpg 190w, https:\/\/sitolor.hr\/wp-content\/uploads\/2019\/07\/sitolor-investicije-960-001-760x602.jpg 760w\" \/>\t\t\t\t\t\t\t\t\t\t<\/a>\n\t\t\t\t\t\t\t\t\t<\/figure>\n\t\t\t\t\t\t\t<figure class=\"columns\">\n\t\t\t\t\t\t\t\t\t\t<a href=\"https:\/\/sitolor.hr\/wp-content\/uploads\/2019\/07\/sitolor-investicije-960-002.jpg\">\n\t\t\t\t\t\t\t\t\t<img width=\"960\" height=\"768\" src=\"data:image\/gif;base64,R0lGODlhAQABAAAAACH5BAEKAAEALAAAAAABAAEAAAICTAEAOw==\" class=\"attachment-full thb-lazyload lazyload\" alt=\"\" title=\"sitolor-investicije-960-002\" sizes=\"(max-width: 960px) 100vw, 960px\" data-src=\"https:\/\/sitolor.hr\/wp-content\/uploads\/2019\/07\/sitolor-investicije-960-002.jpg\" data-sizes=\"auto\" data-srcset=\"https:\/\/sitolor.hr\/wp-content\/uploads\/2019\/07\/sitolor-investicije-960-002.jpg 960w, https:\/\/sitolor.hr\/wp-content\/uploads\/2019\/07\/sitolor-investicije-960-002-300x240.jpg 300w, https:\/\/sitolor.hr\/wp-content\/uploads\/2019\/07\/sitolor-investicije-960-002-768x614.jpg 768w, https:\/\/sitolor.hr\/wp-content\/uploads\/2019\/07\/sitolor-investicije-960-002-380x304.jpg 380w, https:\/\/sitolor.hr\/wp-content\/uploads\/2019\/07\/sitolor-investicije-960-002-20x16.jpg 20w, https:\/\/sitolor.hr\/wp-content\/uploads\/2019\/07\/sitolor-investicije-960-002-190x152.jpg 190w, https:\/\/sitolor.hr\/wp-content\/uploads\/2019\/07\/sitolor-investicije-960-002-760x608.jpg 760w\" \/>\t\t\t\t\t\t\t\t\t\t<\/a>\n\t\t\t\t\t\t\t\t\t<\/figure>\n\t\t\t\t\t\t\t<figure class=\"columns\">\n\t\t\t\t\t\t\t\t\t\t<a href=\"https:\/\/sitolor.hr\/wp-content\/uploads\/2019\/07\/sitolor-investicije-960-003.jpg\">\n\t\t\t\t\t\t\t\t\t<img width=\"960\" height=\"768\" src=\"data:image\/gif;base64,R0lGODlhAQABAAAAACH5BAEKAAEALAAAAAABAAEAAAICTAEAOw==\" class=\"attachment-full thb-lazyload lazyload\" alt=\"\" title=\"sitolor-investicije-960-003\" sizes=\"(max-width: 960px) 100vw, 960px\" data-src=\"https:\/\/sitolor.hr\/wp-content\/uploads\/2019\/07\/sitolor-investicije-960-003.jpg\" data-sizes=\"auto\" data-srcset=\"https:\/\/sitolor.hr\/wp-content\/uploads\/2019\/07\/sitolor-investicije-960-003.jpg 960w, https:\/\/sitolor.hr\/wp-content\/uploads\/2019\/07\/sitolor-investicije-960-003-300x240.jpg 300w, https:\/\/sitolor.hr\/wp-content\/uploads\/2019\/07\/sitolor-investicije-960-003-768x614.jpg 768w, https:\/\/sitolor.hr\/wp-content\/uploads\/2019\/07\/sitolor-investicije-960-003-380x304.jpg 380w, https:\/\/sitolor.hr\/wp-content\/uploads\/2019\/07\/sitolor-investicije-960-003-20x16.jpg 20w, https:\/\/sitolor.hr\/wp-content\/uploads\/2019\/07\/sitolor-investicije-960-003-190x152.jpg 190w, https:\/\/sitolor.hr\/wp-content\/uploads\/2019\/07\/sitolor-investicije-960-003-760x608.jpg 760w\" \/>\t\t\t\t\t\t\t\t\t\t<\/a>\n\t\t\t\t\t\t\t\t\t<\/figure>\n\t\t\t\t\t\t\t<figure class=\"columns\">\n\t\t\t\t\t\t\t\t\t\t<a href=\"https:\/\/sitolor.hr\/wp-content\/uploads\/2019\/07\/sitolor-investicije-960-004.jpg\">\n\t\t\t\t\t\t\t\t\t<img width=\"960\" height=\"768\" src=\"data:image\/gif;base64,R0lGODlhAQABAAAAACH5BAEKAAEALAAAAAABAAEAAAICTAEAOw==\" class=\"attachment-full thb-lazyload lazyload\" alt=\"\" title=\"sitolor-investicije-960-004\" sizes=\"(max-width: 960px) 100vw, 960px\" data-src=\"https:\/\/sitolor.hr\/wp-content\/uploads\/2019\/07\/sitolor-investicije-960-004.jpg\" data-sizes=\"auto\" data-srcset=\"https:\/\/sitolor.hr\/wp-content\/uploads\/2019\/07\/sitolor-investicije-960-004.jpg 960w, https:\/\/sitolor.hr\/wp-content\/uploads\/2019\/07\/sitolor-investicije-960-004-300x240.jpg 300w, https:\/\/sitolor.hr\/wp-content\/uploads\/2019\/07\/sitolor-investicije-960-004-768x614.jpg 768w, https:\/\/sitolor.hr\/wp-content\/uploads\/2019\/07\/sitolor-investicije-960-004-380x304.jpg 380w, https:\/\/sitolor.hr\/wp-content\/uploads\/2019\/07\/sitolor-investicije-960-004-20x16.jpg 20w, https:\/\/sitolor.hr\/wp-content\/uploads\/2019\/07\/sitolor-investicije-960-004-190x152.jpg 190w, https:\/\/sitolor.hr\/wp-content\/uploads\/2019\/07\/sitolor-investicije-960-004-760x608.jpg 760w\" \/>\t\t\t\t\t\t\t\t\t\t<\/a>\n\t\t\t\t\t\t\t\t\t<\/figure>\n\t\t\t\t\t\t\t<figure class=\"columns\">\n\t\t\t\t\t\t\t\t\t\t<a href=\"https:\/\/sitolor.hr\/wp-content\/uploads\/2019\/07\/sitolor-investicije-960-005.jpg\">\n\t\t\t\t\t\t\t\t\t<img width=\"960\" height=\"768\" src=\"data:image\/gif;base64,R0lGODlhAQABAAAAACH5BAEKAAEALAAAAAABAAEAAAICTAEAOw==\" class=\"attachment-full thb-lazyload lazyload\" alt=\"\" title=\"sitolor-investicije-960-005\" sizes=\"(max-width: 960px) 100vw, 960px\" data-src=\"https:\/\/sitolor.hr\/wp-content\/uploads\/2019\/07\/sitolor-investicije-960-005.jpg\" data-sizes=\"auto\" data-srcset=\"https:\/\/sitolor.hr\/wp-content\/uploads\/2019\/07\/sitolor-investicije-960-005.jpg 960w, https:\/\/sitolor.hr\/wp-content\/uploads\/2019\/07\/sitolor-investicije-960-005-300x240.jpg 300w, https:\/\/sitolor.hr\/wp-content\/uploads\/2019\/07\/sitolor-investicije-960-005-768x614.jpg 768w, https:\/\/sitolor.hr\/wp-content\/uploads\/2019\/07\/sitolor-investicije-960-005-380x304.jpg 380w, https:\/\/sitolor.hr\/wp-content\/uploads\/2019\/07\/sitolor-investicije-960-005-20x16.jpg 20w, https:\/\/sitolor.hr\/wp-content\/uploads\/2019\/07\/sitolor-investicije-960-005-190x152.jpg 190w, https:\/\/sitolor.hr\/wp-content\/uploads\/2019\/07\/sitolor-investicije-960-005-760x608.jpg 760w\" \/>\t\t\t\t\t\t\t\t\t\t<\/a>\n\t\t\t\t\t\t\t\t\t<\/figure>\n\t\t\t\t\t\t\t<figure class=\"columns\">\n\t\t\t\t\t\t\t\t\t\t<a href=\"https:\/\/sitolor.hr\/wp-content\/uploads\/2019\/07\/sitolor-investicije-960-006.jpg\">\n\t\t\t\t\t\t\t\t\t<img width=\"960\" height=\"768\" src=\"data:image\/gif;base64,R0lGODlhAQABAAAAACH5BAEKAAEALAAAAAABAAEAAAICTAEAOw==\" class=\"attachment-full thb-lazyload lazyload\" alt=\"\" title=\"sitolor-investicije-960-006\" sizes=\"(max-width: 960px) 100vw, 960px\" data-src=\"https:\/\/sitolor.hr\/wp-content\/uploads\/2019\/07\/sitolor-investicije-960-006.jpg\" data-sizes=\"auto\" data-srcset=\"https:\/\/sitolor.hr\/wp-content\/uploads\/2019\/07\/sitolor-investicije-960-006.jpg 960w, https:\/\/sitolor.hr\/wp-content\/uploads\/2019\/07\/sitolor-investicije-960-006-300x240.jpg 300w, https:\/\/sitolor.hr\/wp-content\/uploads\/2019\/07\/sitolor-investicije-960-006-768x614.jpg 768w, https:\/\/sitolor.hr\/wp-content\/uploads\/2019\/07\/sitolor-investicije-960-006-380x304.jpg 380w, https:\/\/sitolor.hr\/wp-content\/uploads\/2019\/07\/sitolor-investicije-960-006-20x16.jpg 20w, https:\/\/sitolor.hr\/wp-content\/uploads\/2019\/07\/sitolor-investicije-960-006-190x152.jpg 190w, https:\/\/sitolor.hr\/wp-content\/uploads\/2019\/07\/sitolor-investicije-960-006-760x608.jpg 760w\" \/>\t\t\t\t\t\t\t\t\t\t<\/a>\n\t\t\t\t\t\t\t\t\t<\/figure>\n\t\t\t\t\t\t\t<figure class=\"columns\">\n\t\t\t\t\t\t\t\t\t\t<a href=\"https:\/\/sitolor.hr\/wp-content\/uploads\/2019\/07\/sitolor-investicije-960-007.jpg\">\n\t\t\t\t\t\t\t\t\t<img width=\"960\" height=\"768\" src=\"data:image\/gif;base64,R0lGODlhAQABAAAAACH5BAEKAAEALAAAAAABAAEAAAICTAEAOw==\" class=\"attachment-full thb-lazyload lazyload\" alt=\"\" title=\"sitolor-investicije-960-007\" sizes=\"(max-width: 960px) 100vw, 960px\" data-src=\"https:\/\/sitolor.hr\/wp-content\/uploads\/2019\/07\/sitolor-investicije-960-007.jpg\" data-sizes=\"auto\" data-srcset=\"https:\/\/sitolor.hr\/wp-content\/uploads\/2019\/07\/sitolor-investicije-960-007.jpg 960w, https:\/\/sitolor.hr\/wp-content\/uploads\/2019\/07\/sitolor-investicije-960-007-300x240.jpg 300w, https:\/\/sitolor.hr\/wp-content\/uploads\/2019\/07\/sitolor-investicije-960-007-768x614.jpg 768w, https:\/\/sitolor.hr\/wp-content\/uploads\/2019\/07\/sitolor-investicije-960-007-380x304.jpg 380w, https:\/\/sitolor.hr\/wp-content\/uploads\/2019\/07\/sitolor-investicije-960-007-20x16.jpg 20w, https:\/\/sitolor.hr\/wp-content\/uploads\/2019\/07\/sitolor-investicije-960-007-190x152.jpg 190w, https:\/\/sitolor.hr\/wp-content\/uploads\/2019\/07\/sitolor-investicije-960-007-760x608.jpg 760w\" \/>\t\t\t\t\t\t\t\t\t\t<\/a>\n\t\t\t\t\t\t\t\t\t<\/figure>\n\t\t\t\t\t\t\t<figure class=\"columns\">\n\t\t\t\t\t\t\t\t\t\t<a href=\"https:\/\/sitolor.hr\/wp-content\/uploads\/2019\/07\/sitolor-investicije-960-008.jpg\">\n\t\t\t\t\t\t\t\t\t<img width=\"960\" height=\"768\" src=\"data:image\/gif;base64,R0lGODlhAQABAAAAACH5BAEKAAEALAAAAAABAAEAAAICTAEAOw==\" class=\"attachment-full thb-lazyload lazyload\" alt=\"\" title=\"sitolor-investicije-960-008\" sizes=\"(max-width: 960px) 100vw, 960px\" data-src=\"https:\/\/sitolor.hr\/wp-content\/uploads\/2019\/07\/sitolor-investicije-960-008.jpg\" data-sizes=\"auto\" data-srcset=\"https:\/\/sitolor.hr\/wp-content\/uploads\/2019\/07\/sitolor-investicije-960-008.jpg 960w, https:\/\/sitolor.hr\/wp-content\/uploads\/2019\/07\/sitolor-investicije-960-008-300x240.jpg 300w, https:\/\/sitolor.hr\/wp-content\/uploads\/2019\/07\/sitolor-investicije-960-008-768x614.jpg 768w, https:\/\/sitolor.hr\/wp-content\/uploads\/2019\/07\/sitolor-investicije-960-008-380x304.jpg 380w, https:\/\/sitolor.hr\/wp-content\/uploads\/2019\/07\/sitolor-investicije-960-008-20x16.jpg 20w, https:\/\/sitolor.hr\/wp-content\/uploads\/2019\/07\/sitolor-investicije-960-008-190x152.jpg 190w, https:\/\/sitolor.hr\/wp-content\/uploads\/2019\/07\/sitolor-investicije-960-008-760x608.jpg 760w\" \/>\t\t\t\t\t\t\t\t\t\t<\/a>\n\t\t\t\t\t\t\t\t\t<\/figure>\n\t\t\t\t\t\t\t<figure class=\"columns\">\n\t\t\t\t\t\t\t\t\t\t<a href=\"https:\/\/sitolor.hr\/wp-content\/uploads\/2019\/07\/sitolor-investicije-960-009.jpg\">\n\t\t\t\t\t\t\t\t\t<img width=\"960\" height=\"768\" src=\"data:image\/gif;base64,R0lGODlhAQABAAAAACH5BAEKAAEALAAAAAABAAEAAAICTAEAOw==\" class=\"attachment-full thb-lazyload lazyload\" alt=\"\" title=\"sitolor-investicije-960-009\" sizes=\"(max-width: 960px) 100vw, 960px\" data-src=\"https:\/\/sitolor.hr\/wp-content\/uploads\/2019\/07\/sitolor-investicije-960-009.jpg\" data-sizes=\"auto\" data-srcset=\"https:\/\/sitolor.hr\/wp-content\/uploads\/2019\/07\/sitolor-investicije-960-009.jpg 960w, https:\/\/sitolor.hr\/wp-content\/uploads\/2019\/07\/sitolor-investicije-960-009-300x240.jpg 300w, https:\/\/sitolor.hr\/wp-content\/uploads\/2019\/07\/sitolor-investicije-960-009-768x614.jpg 768w, https:\/\/sitolor.hr\/wp-content\/uploads\/2019\/07\/sitolor-investicije-960-009-380x304.jpg 380w, https:\/\/sitolor.hr\/wp-content\/uploads\/2019\/07\/sitolor-investicije-960-009-20x16.jpg 20w, https:\/\/sitolor.hr\/wp-content\/uploads\/2019\/07\/sitolor-investicije-960-009-190x152.jpg 190w, https:\/\/sitolor.hr\/wp-content\/uploads\/2019\/07\/sitolor-investicije-960-009-760x608.jpg 760w\" \/>\t\t\t\t\t\t\t\t\t\t<\/a>\n\t\t\t\t\t\t\t\t\t<\/figure>\n\t\t\t\t\t\t\t<figure class=\"columns\">\n\t\t\t\t\t\t\t\t\t\t<a href=\"https:\/\/sitolor.hr\/wp-content\/uploads\/2019\/07\/sitolor-investicije-960-010.jpg\">\n\t\t\t\t\t\t\t\t\t<img width=\"960\" height=\"768\" src=\"data:image\/gif;base64,R0lGODlhAQABAAAAACH5BAEKAAEALAAAAAABAAEAAAICTAEAOw==\" class=\"attachment-full thb-lazyload lazyload\" alt=\"\" title=\"sitolor-investicije-960-010\" sizes=\"(max-width: 960px) 100vw, 960px\" data-src=\"https:\/\/sitolor.hr\/wp-content\/uploads\/2019\/07\/sitolor-investicije-960-010.jpg\" data-sizes=\"auto\" data-srcset=\"https:\/\/sitolor.hr\/wp-content\/uploads\/2019\/07\/sitolor-investicije-960-010.jpg 960w, https:\/\/sitolor.hr\/wp-content\/uploads\/2019\/07\/sitolor-investicije-960-010-300x240.jpg 300w, https:\/\/sitolor.hr\/wp-content\/uploads\/2019\/07\/sitolor-investicije-960-010-768x614.jpg 768w, https:\/\/sitolor.hr\/wp-content\/uploads\/2019\/07\/sitolor-investicije-960-010-380x304.jpg 380w, https:\/\/sitolor.hr\/wp-content\/uploads\/2019\/07\/sitolor-investicije-960-010-20x16.jpg 20w, https:\/\/sitolor.hr\/wp-content\/uploads\/2019\/07\/sitolor-investicije-960-010-190x152.jpg 190w, https:\/\/sitolor.hr\/wp-content\/uploads\/2019\/07\/sitolor-investicije-960-010-760x608.jpg 760w\" \/>\t\t\t\t\t\t\t\t\t\t<\/a>\n\t\t\t\t\t\t\t\t\t<\/figure>\n\t\t\t\t<\/div>\n\t[\/vc_column_inner][vc_column_inner width=&#8221;1\/3&#8243;][\/vc_column_inner][\/vc_row_inner][\/vc_column][\/vc_row]\n","protected":false},"excerpt":{"rendered":"<p>[vc_row thb_full_width=&#8221;true&#8221; thb_row_padding=&#8221;true&#8221; thb_column_padding=&#8221;true&#8221; parallax=&#8221;content-moving-fade&#8221; parallax_image=&#8221;2849&#8243; thb_scroll_bottom=&#8221;true&#8221; thb_scroll_bottom_style=&#8221;style3&#8243; thb_scroll_bottom_color=&#8221;light&#8221; css=&#8221;.vc_custom_1567560293414{padding-top: 30vh !important;padding-bottom: 15vh !important;background-color: #2e3292 !important;background-position: center;background-repeat: no-repeat !important;background-size: cover !important;}&#8221; bg_gradient1=&#8221;rgba(0,35,61,0.5)&#8221; bg_gradient2=&#8221;rgba(0,35,61,0.5)&#8221;][vc_column][vc_row_inner el_class=&#8221;align-center&#8221;][vc_column_inner thb_color=&#8221;thb-light-column&#8221; el_class=&#8221;text-center&#8221; offset=&#8221;vc_col-lg-7 vc_col-md-10&#8243;][\/vc_column_inner][\/vc_row_inner][\/vc_column][\/vc_row][vc_row el_class=&#8221;align-center&#8221; css=&#8221;.vc_custom_1517307431134{padding-top: 12vh !important;padding-bottom: 12vh !important;}&#8221;][vc_column offset=&#8221;vc_col-lg-6 vc_col-md-6&#8243;][vc_column_text animation=&#8221;animation bottom-to-top&#8221;]U svojoj ponudi imamo apartmane i luksuzne vile koji udovoljavaju najvi\u0161im standardima u gra\u0111evinarstvu i arhitekturi. Tehni\u010dki, estetski&hellip;<\/p>\n","protected":false},"author":1,"featured_media":0,"parent":0,"menu_order":0,"comment_status":"closed","ping_status":"closed","template":"","meta":[],"categories":[129],"tags":[],"_links":{"self":[{"href":"https:\/\/sitolor.hr\/hr\/wp-json\/wp\/v2\/pages\/3582"}],"collection":[{"href":"https:\/\/sitolor.hr\/hr\/wp-json\/wp\/v2\/pages"}],"about":[{"href":"https:\/\/sitolor.hr\/hr\/wp-json\/wp\/v2\/types\/page"}],"author":[{"embeddable":true,"href":"https:\/\/sitolor.hr\/hr\/wp-json\/wp\/v2\/users\/1"}],"replies":[{"embeddable":true,"href":"https:\/\/sitolor.hr\/hr\/wp-json\/wp\/v2\/comments?post=3582"}],"version-history":[{"count":2,"href":"https:\/\/sitolor.hr\/hr\/wp-json\/wp\/v2\/pages\/3582\/revisions"}],"predecessor-version":[{"id":3586,"href":"https:\/\/sitolor.hr\/hr\/wp-json\/wp\/v2\/pages\/3582\/revisions\/3586"}],"wp:attachment":[{"href":"https:\/\/sitolor.hr\/hr\/wp-json\/wp\/v2\/media?parent=3582"}],"wp:term":[{"taxonomy":"category","embeddable":true,"href":"https:\/\/sitolor.hr\/hr\/wp-json\/wp\/v2\/categories?post=3582"},{"taxonomy":"post_tag","embeddable":true,"href":"https:\/\/sitolor.hr\/hr\/wp-json\/wp\/v2\/tags?post=3582"}],"curies":[{"name":"wp","href":"https:\/\/api.w.org\/{rel}","templated":true}]}}