{"id":4175,"date":"2019-09-26T08:50:39","date_gmt":"2019-09-26T08:50:39","guid":{"rendered":"https:\/\/sitolor.hr\/?page_id=4175"},"modified":"2019-09-27T07:38:31","modified_gmt":"2019-09-27T07:38:31","slug":"projekti-2","status":"publish","type":"page","link":"https:\/\/sitolor.hr\/hr\/projekti-2\/","title":{"rendered":"Projekti"},"content":{"rendered":"[vc_row thb_full_width=&#8221;true&#8221; thb_row_padding=&#8221;true&#8221; thb_column_padding=&#8221;true&#8221; parallax=&#8221;content-moving-fade&#8221; parallax_image=&#8221;4247&#8243; thb_scroll_bottom=&#8221;true&#8221; thb_scroll_bottom_style=&#8221;style3&#8243; thb_scroll_bottom_color=&#8221;light&#8221; css=&#8221;.vc_custom_1569569903348{padding-top: 24vh !important;padding-bottom: 24vh !important;background: #2e3292 url(https:\/\/sitolor.hr\/wp-content\/uploads\/2019\/07\/sitolor-tomic-bg-blue.jpg?id=1538);background-position: center;background-repeat: no-repeat !important;background-size: cover !important;}&#8221;][vc_column][vc_row_inner el_class=&#8221;align-center&#8221;][vc_column_inner thb_color=&#8221;thb-light-column&#8221; el_class=&#8221;text-center&#8221; offset=&#8221;vc_col-lg-7 vc_col-md-10&#8243;]\t<div id=\"thb-slidetype-69e94e6c76e8c\" class=\"thb-slidetype \" data-style=\"style1\">\n\t\t\n<h1><span class=\"thb-slidetype-entry\"><span class=\"lines\">Projekti<\/span><\/span><\/h1>\n\t\t\t<\/div>\n\n\t[vc_column_text animation=&#8221;animation bottom-to-top&#8221;]\n<h4><strong>Kvaliteta, veli\u010dina i raznolikost portfelja na\u0161eg poslovanja omogu\u0107uje nam fleksibilnost da iskoristimo mogu\u0107nosti i podupiremo budu\u0107i rast koji nam osigurava financijske i poslovne rezultate za stvaranje dugoro\u010dne vrijednosti kompanije i branda SITOLOR. O na\u0161em dugogodi\u0161njem iskustvu i radu te dokazanoj kvaliteti svjedo\u010di i velik broj uspje\u0161no odra\u0111enih projekata diljem Hrvatske.<\/strong><\/h4>\n[\/vc_column_text][\/vc_column_inner][\/vc_row_inner][\/vc_column][\/vc_row][vc_row thb_full_width=&#8221;true&#8221; thb_row_padding=&#8221;true&#8221; thb_column_padding=&#8221;true&#8221; css=&#8221;.vc_custom_1562513663834{padding-top: 12vh !important;padding-bottom: 20vh !important;background-color: #e0e1e2 !important;}&#8221;][vc_column][vc_row_inner el_class=&#8221;align-center&#8221;][vc_column_inner el_class=&#8221;text-center&#8221; offset=&#8221;vc_col-lg-7 vc_col-md-8&#8243;][vc_column_text animation=&#8221;animation bottom-to-top&#8221;]\n<h3>Odabrani projekti<\/h3>\n[\/vc_column_text][\/vc_column_inner][\/vc_row_inner][\/vc_column][\/vc_row][vc_row css=&#8221;.vc_custom_1562535892543{margin-top: -15vh !important;padding-bottom: 20vh !important;}&#8221;][vc_column]\t\t<section class=\"thb-portfolio masonry row regular-padding thb-portfolio-style-style6 thb-true-aspect-  mfp-gallery\" data-loadmore=\"#loadmore-699\" data-filter=\"thb-filter-699\" data-layoutmode=\"packery\" data-thb-animation=\"thb-animate-from-bottom\" data-security=\"cfc3a42dc7\">\n\t\t<div class=\"columns type-portfolio style6 small-12 large-4  light-title  thb-cat-izgradnja-sanacija portfolio-id-3458-69e94e6c78485 post-3458 portfolio status-publish has-post-thumbnail hentry portfolio-category-izgradnja-sanacija\" id=\"portfolio-3458\">\n\t<div class=\"portfolio-holder\">\n\t\t<div class=\"thb-portfolio-image thb_panr\">\n\t\t  \t\t  <img width=\"760\" height=\"540\" src=\"https:\/\/sitolor.hr\/wp-content\/uploads\/2019\/07\/krcki-most-sitolor-projekti-960-011-20x18.jpg\" class=\"attachment-revolution-square-x2 size-revolution-square-x2 thb-lazyload lazyload wp-post-image\" alt=\"\" loading=\"lazy\" sizes=\"(max-width: 760px) 100vw, 760px\" data-src=\"https:\/\/sitolor.hr\/wp-content\/uploads\/2019\/07\/krcki-most-sitolor-projekti-960-011-760x540.jpg\" data-sizes=\"auto\" data-srcset=\"https:\/\/sitolor.hr\/wp-content\/uploads\/2019\/07\/krcki-most-sitolor-projekti-960-011-760x540.jpg 760w, https:\/\/sitolor.hr\/wp-content\/uploads\/2019\/07\/krcki-most-sitolor-projekti-960-011-20x15.jpg 20w\" \/>\t\t<\/div>\n\t\t<a href=\"https:\/\/sitolor.hr\/hr\/projects\/sanacija-mosta-krk-2\/\" class=\"thb-portfolio-link\"><\/a>\n\t\t<div class=\"thb-portfolio-hover\"><\/div>\n\t\t<div class=\"thb-portfolio-content\">\n\t\t\t\t<h3>Sanacija mosta Krk<\/h3>\n\t\t\t\t\t\t\t\t<aside class=\"thb-categories\"><span>Izgradnja i sanacija<\/span><\/aside>\n\t\t\t\t\t\t<\/div>\n\t<\/div>\n\t\t<style>\n\t\t.portfolio-id-3458-69e94e6c78485.style6 .thb-portfolio-hover {\n\t\t\tbackground:rgba(46,50,146,0.6);background:linear-gradient( -135deg,,rgba(46,50,146,0.6) );\t\t}\n\t<\/style>\n\t<\/div>\n<div class=\"columns type-portfolio style6 small-12 large-4  light-title  thb-cat-izgradnja-sanacija portfolio-id-3453-69e94e6c7b504 post-3453 portfolio status-publish has-post-thumbnail hentry portfolio-category-izgradnja-sanacija\" id=\"portfolio-3453\">\n\t<div class=\"portfolio-holder\">\n\t\t<div class=\"thb-portfolio-image thb_panr\">\n\t\t  \t\t  <img width=\"760\" height=\"540\" src=\"https:\/\/sitolor.hr\/wp-content\/uploads\/2019\/07\/jaruge-sitolor-projekti-960-009-20x18.jpg\" class=\"attachment-revolution-square-x2 size-revolution-square-x2 thb-lazyload lazyload wp-post-image\" alt=\"\" loading=\"lazy\" sizes=\"(max-width: 760px) 100vw, 760px\" data-src=\"https:\/\/sitolor.hr\/wp-content\/uploads\/2019\/07\/jaruge-sitolor-projekti-960-009-760x540.jpg\" data-sizes=\"auto\" data-srcset=\"https:\/\/sitolor.hr\/wp-content\/uploads\/2019\/07\/jaruge-sitolor-projekti-960-009-760x540.jpg 760w, https:\/\/sitolor.hr\/wp-content\/uploads\/2019\/07\/jaruge-sitolor-projekti-960-009-20x15.jpg 20w\" \/>\t\t<\/div>\n\t\t<a href=\"https:\/\/sitolor.hr\/hr\/projects\/izgradnja-crpne-stanice-jaruge\/\" class=\"thb-portfolio-link\"><\/a>\n\t\t<div class=\"thb-portfolio-hover\"><\/div>\n\t\t<div class=\"thb-portfolio-content\">\n\t\t\t\t<h3>Izgradnja crpne stanice &#8220;Jaruge&#8221;<\/h3>\n\t\t\t\t\t\t\t\t<aside class=\"thb-categories\"><span>Izgradnja i sanacija<\/span><\/aside>\n\t\t\t\t\t\t<\/div>\n\t<\/div>\n\t\t<style>\n\t\t.portfolio-id-3453-69e94e6c7b504.style6 .thb-portfolio-hover {\n\t\t\tbackground:rgba(46,50,146,0.6);background:linear-gradient( -135deg,,rgba(46,50,146,0.6) );\t\t}\n\t<\/style>\n\t<\/div>\n<div class=\"columns type-portfolio style6 small-12 large-4  light-title  thb-cat-izgradnja-sanacija portfolio-id-3447-69e94e6c7cab8 post-3447 portfolio status-publish has-post-thumbnail hentry portfolio-category-izgradnja-sanacija\" id=\"portfolio-3447\">\n\t<div class=\"portfolio-holder\">\n\t\t<div class=\"thb-portfolio-image thb_panr\">\n\t\t  \t\t  <img width=\"760\" height=\"540\" src=\"https:\/\/sitolor.hr\/wp-content\/uploads\/2019\/07\/zet-zagreb-sitolor-projekti-960-007-20x18.jpg\" class=\"attachment-revolution-square-x2 size-revolution-square-x2 thb-lazyload lazyload wp-post-image\" alt=\"\" loading=\"lazy\" sizes=\"(max-width: 760px) 100vw, 760px\" data-src=\"https:\/\/sitolor.hr\/wp-content\/uploads\/2019\/07\/zet-zagreb-sitolor-projekti-960-007-760x540.jpg\" data-sizes=\"auto\" data-srcset=\"https:\/\/sitolor.hr\/wp-content\/uploads\/2019\/07\/zet-zagreb-sitolor-projekti-960-007-760x540.jpg 760w, https:\/\/sitolor.hr\/wp-content\/uploads\/2019\/07\/zet-zagreb-sitolor-projekti-960-007-20x15.jpg 20w\" \/>\t\t<\/div>\n\t\t<a href=\"https:\/\/sitolor.hr\/hr\/projects\/obnova-tramvajskih-pruga-u-zagrebu-zet\/\" class=\"thb-portfolio-link\"><\/a>\n\t\t<div class=\"thb-portfolio-hover\"><\/div>\n\t\t<div class=\"thb-portfolio-content\">\n\t\t\t\t<h3>Obnova tramvajskih pruga u Zagrebu, ZET<\/h3>\n\t\t\t\t\t\t\t\t<aside class=\"thb-categories\"><span>Izgradnja i sanacija<\/span><\/aside>\n\t\t\t\t\t\t<\/div>\n\t<\/div>\n\t\t<style>\n\t\t.portfolio-id-3447-69e94e6c7cab8.style6 .thb-portfolio-hover {\n\t\t\tbackground:rgba(46,50,146,0.6);background:linear-gradient( -135deg,,rgba(46,50,146,0.6) );\t\t}\n\t<\/style>\n\t<\/div>\n\t<\/section>\n\t\n\t[\/vc_column][\/vc_row][vc_row thb_full_width=&#8221;true&#8221; thb_row_padding=&#8221;true&#8221; thb_column_padding=&#8221;true&#8221; css=&#8221;.vc_custom_1565085467302{background-image: url(http:\/\/revolution.fuelthemes.net\/revolution-corporate-agency\/wp-content\/uploads\/sites\/5\/2018\/02\/corporate_footer_bg.jpg?id=189) !important;background-position: center !important;background-repeat: no-repeat !important;background-size: cover !important;}&#8221;][vc_column][vc_row_inner content_placement=&#8221;middle&#8221; el_class=&#8221;align-center&#8221; css=&#8221;.vc_custom_1565085919054{padding-top: 10vh !important;padding-bottom: 10vh !important;}&#8221;][vc_column_inner thb_color=&#8221;thb-light-column&#8221; el_class=&#8221;text-center&#8221; offset=&#8221;vc_col-lg-7 vc_col-md-10&#8243;]\t<div id=\"thb-slidetype-69e94e6c7df76\" class=\"thb-slidetype \" data-style=\"style1\">\n\t\t\n<h2><strong><span class=\"thb-slidetype-entry\"><span class=\"lines\">Imate ideju za projekt?<\/span><\/span><\/strong><\/h2>\n\t\t\t<\/div>\n\n\t\t<a id=\"thb-button-69e94e6c7e00b\" class=\"btn style2 large  white no-radius animation bottom-to-top   arrow-enabled\" href=\"https:\/\/sitolor.hr\/hr\/kontakt\/\" target=\"_self\" role=\"button\">\n\t\t<span>Kontaktirajte nas<\/span>\n\t<svg xmlns=\"http:\/\/www.w3.org\/2000\/svg\" xmlns:xlink=\"http:\/\/www.w3.org\/1999\/xlink\" x=\"0px\" y=\"0px\"\r\n\t width=\"30px\" height=\"18px\" viewBox=\"0 0 30 18\" enable-background=\"new 0 0 30 18\" xml:space=\"preserve\">\r\n<path class=\"handle\" d=\"M20.305,16.212c-0.407,0.409-0.407,1.071,0,1.479s1.068,0.408,1.476,0l7.914-7.952c0.408-0.409,0.408-1.071,0-1.481\r\n\tl-7.914-7.952c-0.407-0.409-1.068-0.409-1.476,0s-0.407,1.071,0,1.48l7.185,7.221L20.305,16.212z\"\/>\r\n<path class=\"bar\" fill-rule=\"evenodd\" clip-rule=\"evenodd\" d=\"M1,8h28.001c0.551,0,1,0.448,1,1c0,0.553-0.449,1-1,1H1c-0.553,0-1-0.447-1-1\r\n\tC0,8.448,0.447,8,1,8z\"\/>\r\n<\/svg>\r\n\t\t<\/a>\n\t\t[\/vc_column_inner][\/vc_row_inner][\/vc_column][\/vc_row][vc_row thb_full_width=&#8221;true&#8221; thb_row_padding=&#8221;true&#8221; thb_column_padding=&#8221;true&#8221; css=&#8221;.vc_custom_1562538054123{background: #2e3292 url(https:\/\/sitolor.hr\/wp-content\/uploads\/2019\/07\/sitolor-tomic-bg-blue.jpg?id=1538) !important;background-position: center !important;background-repeat: no-repeat !important;background-size: cover !important;}&#8221;][vc_column][vc_row_inner content_placement=&#8221;middle&#8221; el_class=&#8221;align-center&#8221; css=&#8221;.vc_custom_1518028522117{padding-top: 15vh !important;padding-bottom: 15vh !important;}&#8221;][vc_column_inner thb_color=&#8221;thb-light-column&#8221; el_class=&#8221;text-center&#8221; offset=&#8221;vc_col-lg-7 vc_col-md-10&#8243;]\t<div id=\"thb-slidetype-69e94e6c7e090\" class=\"thb-slidetype \" data-style=\"style1\">\n\t\t\n<h3><span class=\"thb-slidetype-entry\"><span class=\"lines\">Proaktivnim pristupom u stanju smo provesti najslo\u017eenije gra\u0111evinske projekte pri \u010demu posebnu pa\u017enju posve\u0107ujemo okoli\u0161u, kvaliteti, za\u0161titi na radu i zahtjevima investitora.<\/span><\/span><\/h3>\n\t\t\t<\/div>\n\n\t[vc_empty_space]\t<a id=\"thb-button-69e94e6c7e0d3\" class=\"btn style2 medium  white no-radius animation bottom-to-top   arrow-enabled\" href=\"https:\/\/sitolor.hr\/hr\/djelatnosti\/\" target=\"_self\" role=\"button\">\n\t\t<span>Pogledajte djelatnosti<\/span>\n\t<svg xmlns=\"http:\/\/www.w3.org\/2000\/svg\" xmlns:xlink=\"http:\/\/www.w3.org\/1999\/xlink\" x=\"0px\" y=\"0px\"\r\n\t width=\"30px\" height=\"18px\" viewBox=\"0 0 30 18\" enable-background=\"new 0 0 30 18\" xml:space=\"preserve\">\r\n<path class=\"handle\" d=\"M20.305,16.212c-0.407,0.409-0.407,1.071,0,1.479s1.068,0.408,1.476,0l7.914-7.952c0.408-0.409,0.408-1.071,0-1.481\r\n\tl-7.914-7.952c-0.407-0.409-1.068-0.409-1.476,0s-0.407,1.071,0,1.48l7.185,7.221L20.305,16.212z\"\/>\r\n<path class=\"bar\" fill-rule=\"evenodd\" clip-rule=\"evenodd\" d=\"M1,8h28.001c0.551,0,1,0.448,1,1c0,0.553-0.449,1-1,1H1c-0.553,0-1-0.447-1-1\r\n\tC0,8.448,0.447,8,1,8z\"\/>\r\n<\/svg>\r\n\t\t<\/a>\n\t\t[\/vc_column_inner][\/vc_row_inner][\/vc_column][\/vc_row]\n","protected":false},"excerpt":{"rendered":"<p>[vc_row thb_full_width=&#8221;true&#8221; thb_row_padding=&#8221;true&#8221; thb_column_padding=&#8221;true&#8221; parallax=&#8221;content-moving-fade&#8221; parallax_image=&#8221;4247&#8243; thb_scroll_bottom=&#8221;true&#8221; thb_scroll_bottom_style=&#8221;style3&#8243; thb_scroll_bottom_color=&#8221;light&#8221; css=&#8221;.vc_custom_1569569903348{padding-top: 24vh !important;padding-bottom: 24vh !important;background: #2e3292 url(https:\/\/sitolor.hr\/wp-content\/uploads\/2019\/07\/sitolor-tomic-bg-blue.jpg?id=1538);background-position: center;background-repeat: no-repeat !important;background-size: cover !important;}&#8221;][vc_column][vc_row_inner el_class=&#8221;align-center&#8221;][vc_column_inner thb_color=&#8221;thb-light-column&#8221; el_class=&#8221;text-center&#8221; offset=&#8221;vc_col-lg-7 vc_col-md-10&#8243;][vc_column_text animation=&#8221;animation bottom-to-top&#8221;] Kvaliteta, veli\u010dina i raznolikost portfelja na\u0161eg poslovanja omogu\u0107uje nam fleksibilnost da iskoristimo mogu\u0107nosti i podupiremo budu\u0107i rast koji nam osigurava financijske i poslovne rezultate za stvaranje dugoro\u010dne&hellip;<\/p>\n","protected":false},"author":5,"featured_media":0,"parent":0,"menu_order":0,"comment_status":"closed","ping_status":"closed","template":"","meta":[],"categories":[],"tags":[],"_links":{"self":[{"href":"https:\/\/sitolor.hr\/hr\/wp-json\/wp\/v2\/pages\/4175"}],"collection":[{"href":"https:\/\/sitolor.hr\/hr\/wp-json\/wp\/v2\/pages"}],"about":[{"href":"https:\/\/sitolor.hr\/hr\/wp-json\/wp\/v2\/types\/page"}],"author":[{"embeddable":true,"href":"https:\/\/sitolor.hr\/hr\/wp-json\/wp\/v2\/users\/5"}],"replies":[{"embeddable":true,"href":"https:\/\/sitolor.hr\/hr\/wp-json\/wp\/v2\/comments?post=4175"}],"version-history":[{"count":5,"href":"https:\/\/sitolor.hr\/hr\/wp-json\/wp\/v2\/pages\/4175\/revisions"}],"predecessor-version":[{"id":4318,"href":"https:\/\/sitolor.hr\/hr\/wp-json\/wp\/v2\/pages\/4175\/revisions\/4318"}],"wp:attachment":[{"href":"https:\/\/sitolor.hr\/hr\/wp-json\/wp\/v2\/media?parent=4175"}],"wp:term":[{"taxonomy":"category","embeddable":true,"href":"https:\/\/sitolor.hr\/hr\/wp-json\/wp\/v2\/categories?post=4175"},{"taxonomy":"post_tag","embeddable":true,"href":"https:\/\/sitolor.hr\/hr\/wp-json\/wp\/v2\/tags?post=4175"}],"curies":[{"name":"wp","href":"https:\/\/api.w.org\/{rel}","templated":true}]}}