{"id":4358,"date":"2019-10-11T12:28:43","date_gmt":"2019-10-11T12:28:43","guid":{"rendered":"https:\/\/sitolor.hr\/?page_id=4358"},"modified":"2019-10-11T12:28:43","modified_gmt":"2019-10-11T12:28:43","slug":"uber-uns","status":"publish","type":"page","link":"https:\/\/sitolor.hr\/hr\/uber-uns\/","title":{"rendered":"\u00dcber uns"},"content":{"rendered":"[vc_row thb_full_width=&#8221;true&#8221; thb_row_padding=&#8221;true&#8221; thb_column_padding=&#8221;true&#8221; content_placement=&#8221;middle&#8221;][vc_column thb_color=&#8221;thb-light-column&#8221; width=&#8221;1\/2&#8243; css=&#8221;.vc_custom_1562569080822{padding-top: 10% !important;padding-right: 20% !important;padding-bottom: 10% !important;padding-left: 20% !important;background-color: #2e3292 !important;}&#8221;][vc_empty_space height=&#8221;62px&#8221;]\t<div id=\"thb-slidetype-69f3ed8112e80\" class=\"thb-slidetype \" data-style=\"style1\">\n\t\t\n<h1><span class=\"thb-slidetype-entry\"><span class=\"lines\">Sitolor d.o.o.<\/span><\/span><\/h1>\n\t\t\t<\/div>\n\n\t[vc_column_text animation=&#8221;animation fade-in&#8221;]\n<p><strong>Verl\u00e4sslicher Partner f\u00fcr Ausbau, Sanierung und Rekonstruktion von Ingenieurkonstruktionen und f\u00fcr Ausf\u00fchrung von Baut\u00e4tigkeiten<\/strong><\/p>\n[\/vc_column_text][vc_empty_space height=&#8221;12px&#8221;]\t<div id=\"thb-image-69f3ed8112ee7\" class=\"caption-style1  alignleft   thb_image_link wp-caption \">\n\t\t\t<div class=\"thb-image-inner size_100\">\n\t\t\t<img width=\"272\" height=\"348\" src=\"data:image\/gif;base64,R0lGODlhAQABAAAAACH5BAEKAAEALAAAAAABAAEAAAICTAEAOw==\" class=\"thb_image retina_size   attachment-full thb-lazyload lazyload\" alt=\"\" title=\"Sitolor 30 W@2x\" sizes=\"(max-width: 272px) 100vw, 272px\" data-src=\"https:\/\/sitolor.hr\/wp-content\/uploads\/2019\/06\/Sitolor-30-W@2x.png\" data-sizes=\"auto\" data-srcset=\"https:\/\/sitolor.hr\/wp-content\/uploads\/2019\/06\/Sitolor-30-W@2x.png 272w, https:\/\/sitolor.hr\/wp-content\/uploads\/2019\/06\/Sitolor-30-W@2x-234x300.png 234w, https:\/\/sitolor.hr\/wp-content\/uploads\/2019\/06\/Sitolor-30-W@2x-190x243.png 190w, https:\/\/sitolor.hr\/wp-content\/uploads\/2019\/06\/Sitolor-30-W@2x-20x26.png 20w\" \/>\t\t\t\t\t<\/div>\n\t\t\t\t\t<\/div>\n\t[\/vc_column][vc_column width=&#8221;1\/2&#8243; css=&#8221;.vc_custom_1563442753729{padding-top: 30% !important;padding-right: 30% !important;padding-bottom: 30% !important;padding-left: 30% !important;background-image: url(https:\/\/sitolor.hr\/wp-content\/uploads\/2019\/07\/sitolor-radnici-gradnja-1366.jpg?id=2646) !important;background-position: center !important;background-repeat: no-repeat !important;background-size: cover !important;}&#8221; el_class=&#8221;text-center&#8221;][vc_empty_space][\/vc_column][\/vc_row][vc_row el_class=&#8221;align-center&#8221; css=&#8221;.vc_custom_1562600301282{padding-top: 120px !important;}&#8221;][vc_column width=&#8221;1\/2&#8243; offset=&#8221;vc_col-lg-7 vc_col-md-10&#8243; el_class=&#8221;text-center&#8221;]\t<div id=\"thb-slidetype-69f3ed8113f2e\" class=\"thb-slidetype \" data-style=\"style1\">\n\t\t\n<h2><span class=\"thb-slidetype-entry\"><span class=\"lines\">Stolz darauf, was wir machen<br \/>\nschon 30 Jahre<br \/><\/span><\/span><\/h2>\n\t\t\t<\/div>\n\n\t[vc_empty_space height=&#8221;12px&#8221;][vc_column_text animation=&#8221;animation bottom-to-top&#8221;]Die Gesellschaft Sitolor d.o.o (GmbH) Slavonski Brod, Kroatien (EU) ist ein projektorganisiertes, marktorientiertes und dynamisches Bauunternehmen, das 1989 gegr\u00fcndet wurde. In 30 Jahren der Gesch\u00e4ftst\u00e4tigkeiten in Kroatien und in der Region entwickelte sich Sitolor d.o.o Slavonski Brod zu einem Unternehmen, das aufgrund seiner Gesch\u00e4ftsergebnisse zu den f\u00fchrenden Unternehmen f\u00fcr Ausbau, Sanierung und Rekonstruktion von Ingenieurkonstruktionen und Ausf\u00fchrung von speziellen Baut\u00e4tigkeiten geh\u00f6rt.<\/p>\n<p>Das Unternehmen ist 100% im Privatbesitz. Es ist mit eigenem Verwaltungsgeb\u00e4ude, Herstellungshalle, Ausstattung, Maschinen und Fuhrpark ausgestattet. Von seiner Gr\u00fcndung bis heute hat Sitolor d.o.o an Rekonstruktionen und Sanierungen verschiedener Objekte, einschlie\u00dflich der Objekte der Stra\u00dfen- und Bahninfrastruktur, Energieinfrastruktur und Geb\u00e4uden des Industrie- und Ern\u00e4hrungssektors teilgenommen. Sitolor d.o.o nimmt auch erfolgreich an dem Immobilienmarkt durch die Realisation eigener Investitionsprojekten teil.<\/p>\n<p>Unser Familienerbe dauert mehr als 30 Jahre, wir machen mit verantwortlicher Gesch\u00e4ftst\u00e4tigkeit weiter und entwickeln Ausf\u00fchrungssynergie verschiedener Kompetenzen bei jeder Projektrealisation.[\/vc_column_text][vc_row_inner thb_max_width=&#8221;&#8221; content_placement=&#8221;middle&#8221; el_class=&#8221;align-center&#8221;][vc_column_inner width=&#8221;1\/3&#8243;]\t<div id=\"thb-image-69f3ed8113f75\" class=\"caption-style1  aligncenter   thb_image_link wp-caption \">\n\t\t\t<div class=\"thb-image-inner size_100\">\n\t\t\t<img width=\"400\" height=\"400\" src=\"data:image\/gif;base64,R0lGODlhAQABAAAAACH5BAEKAAEALAAAAAABAAEAAAICTAEAOw==\" class=\"thb_image retina_size   attachment-full thb-lazyload lazyload\" alt=\"\" title=\"sitolor-izvrsnost\" data-src=\"https:\/\/sitolor.hr\/wp-content\/uploads\/2019\/07\/sitolor-izvrsnost-e1562577010231.jpg\" data-sizes=\"auto\" \/>\t\t\t\t\t<\/div>\n\t\t\t\t\t<\/div>\n\t[\/vc_column_inner][vc_column_inner width=&#8221;1\/3&#8243;]\t<div id=\"thb-image-69f3ed8114d57\" class=\"caption-style1  aligncenter   thb_image_link wp-caption \">\n\t\t\t<div class=\"thb-image-inner size_100\">\n\t\t\t\t\t\t\t\t<\/div>\n\t\t\t\t\t<\/div>\n\t[\/vc_column_inner][vc_column_inner width=&#8221;1\/3&#8243;]\t<div id=\"thb-image-69f3ed81158ca\" class=\"caption-style1  aligncenter   thb_image_link wp-caption \">\n\t\t\t<div class=\"thb-image-inner size_100\">\n\t\t\t<img width=\"200\" height=\"200\" src=\"data:image\/gif;base64,R0lGODlhAQABAAAAACH5BAEKAAEALAAAAAABAAEAAAICTAEAOw==\" class=\"thb_image    attachment-full thb-lazyload lazyload\" alt=\"\" title=\"bv\" data-src=\"https:\/\/sitolor.hr\/wp-content\/uploads\/2019\/09\/bv.gif\" data-sizes=\"auto\" \/>\t\t\t\t\t<\/div>\n\t\t\t\t\t<\/div>\n\t[\/vc_column_inner][\/vc_row_inner][\/vc_column][\/vc_row][vc_row thb_full_width=&#8221;true&#8221; thb_row_padding=&#8221;true&#8221; thb_column_padding=&#8221;true&#8221; css=&#8221;.vc_custom_1557834822440{padding-top: 100px !important;}&#8221;][vc_column thb_color=&#8221;thb-light-column&#8221; width=&#8221;1\/2&#8243;][vc_row_inner thb_max_width=&#8221;&#8221; thb_column_padding=&#8221;true&#8221; css=&#8221;.vc_custom_1560437086515{background-color: #2eb8f6 !important;}&#8221;][vc_column_inner width=&#8221;1\/2&#8243; css=&#8221;.vc_custom_1560484906089{padding-top: 20% !important;padding-right: 20% !important;padding-bottom: 20% !important;padding-left: 20% !important;background-image: url(https:\/\/sitolor.hr\/wp-content\/uploads\/2019\/06\/Sitolor-2.jpg?id=524) !important;background-position: center !important;background-repeat: no-repeat !important;background-size: cover !important;}&#8221;][\/vc_column_inner][vc_column_inner width=&#8221;1\/2&#8243; css=&#8221;.vc_custom_1534086258124{padding: 12% !important;}&#8221;][vc_column_text css=&#8221;.vc_custom_1570796062509{padding-right: 10% !important;}&#8221;]\n<h3>Wie arbeiten wir- Gesch\u00e4ftspolitik<\/h3>\n[\/vc_column_text][vc_empty_space height=&#8221;7vh&#8221;]\t<a id=\"thb-button-69f3ed8116733\" class=\"btn style2 medium  white no-radius animation fade-in   arrow-enabled\" href=\"https:\/\/sitolor.hr\/hr\/politika-kvalitete\/\" target=\"_self\" role=\"button\">\n\t\t<span>Mehr<\/span>\n\t<svg xmlns=\"http:\/\/www.w3.org\/2000\/svg\" xmlns:xlink=\"http:\/\/www.w3.org\/1999\/xlink\" x=\"0px\" y=\"0px\"\r\n\t width=\"30px\" height=\"18px\" viewBox=\"0 0 30 18\" enable-background=\"new 0 0 30 18\" xml:space=\"preserve\">\r\n<path class=\"handle\" d=\"M20.305,16.212c-0.407,0.409-0.407,1.071,0,1.479s1.068,0.408,1.476,0l7.914-7.952c0.408-0.409,0.408-1.071,0-1.481\r\n\tl-7.914-7.952c-0.407-0.409-1.068-0.409-1.476,0s-0.407,1.071,0,1.48l7.185,7.221L20.305,16.212z\"\/>\r\n<path class=\"bar\" fill-rule=\"evenodd\" clip-rule=\"evenodd\" d=\"M1,8h28.001c0.551,0,1,0.448,1,1c0,0.553-0.449,1-1,1H1c-0.553,0-1-0.447-1-1\r\n\tC0,8.448,0.447,8,1,8z\"\/>\r\n<\/svg>\r\n\t\t<\/a>\n\t\t[\/vc_column_inner][\/vc_row_inner][vc_row_inner thb_max_width=&#8221;&#8221; thb_column_padding=&#8221;true&#8221; css=&#8221;.vc_custom_1557835036108{background-color: #bcbcbc !important;}&#8221;][vc_column_inner width=&#8221;1\/2&#8243; css=&#8221;.vc_custom_1534086265148{padding: 12% !important;}&#8221;][vc_column_text css=&#8221;.vc_custom_1570796169716{padding-right: 10% !important;}&#8221;]\n<h3>Unser team<\/h3>\n[\/vc_column_text][vc_empty_space height=&#8221;7vh&#8221;]\t<a id=\"thb-button-69f3ed8116804\" class=\"btn style2 medium  white no-radius animation fade-in   arrow-enabled\" href=\"https:\/\/sitolor.hr\/hr\/nas-tim\/\" target=\"_self\" role=\"button\">\n\t\t<span>Mehr<\/span>\n\t<svg xmlns=\"http:\/\/www.w3.org\/2000\/svg\" xmlns:xlink=\"http:\/\/www.w3.org\/1999\/xlink\" x=\"0px\" y=\"0px\"\r\n\t width=\"30px\" height=\"18px\" viewBox=\"0 0 30 18\" enable-background=\"new 0 0 30 18\" xml:space=\"preserve\">\r\n<path class=\"handle\" d=\"M20.305,16.212c-0.407,0.409-0.407,1.071,0,1.479s1.068,0.408,1.476,0l7.914-7.952c0.408-0.409,0.408-1.071,0-1.481\r\n\tl-7.914-7.952c-0.407-0.409-1.068-0.409-1.476,0s-0.407,1.071,0,1.48l7.185,7.221L20.305,16.212z\"\/>\r\n<path class=\"bar\" fill-rule=\"evenodd\" clip-rule=\"evenodd\" d=\"M1,8h28.001c0.551,0,1,0.448,1,1c0,0.553-0.449,1-1,1H1c-0.553,0-1-0.447-1-1\r\n\tC0,8.448,0.447,8,1,8z\"\/>\r\n<\/svg>\r\n\t\t<\/a>\n\t\t[\/vc_column_inner][vc_column_inner width=&#8221;1\/2&#8243; css=&#8221;.vc_custom_1563442790335{padding-top: 20% !important;padding-right: 20% !important;padding-bottom: 20% !important;padding-left: 20% !important;background-image: url(https:\/\/sitolor.hr\/wp-content\/uploads\/2019\/07\/sitolor-radnici-usavrsavanje-1366.jpg?id=2652) !important;background-position: center !important;background-repeat: no-repeat !important;background-size: cover !important;}&#8221;][\/vc_column_inner][\/vc_row_inner][\/vc_column][vc_column parallax=&#8221;content-moving&#8221; width=&#8221;1\/2&#8243; css=&#8221;.vc_custom_1560484539564{padding-top: 20% !important;padding-right: 20% !important;padding-bottom: 20% !important;padding-left: 20% !important;background-image: url(https:\/\/sitolor.hr\/wp-content\/uploads\/2019\/06\/Sitolor-1.jpg?id=518) !important;background-position: center !important;background-repeat: no-repeat !important;background-size: cover !important;}&#8221;][\/vc_column][\/vc_row][vc_row el_class=&#8221;align-center&#8221; css=&#8221;.vc_custom_1557422990594{padding-top: 100px !important;}&#8221;][vc_column offset=&#8221;vc_col-lg-8 vc_col-md-10&#8243; el_class=&#8221;text-center&#8221;]\t<div id=\"thb-slidetype-69f3ed8116860\" class=\"thb-slidetype \" data-style=\"style1\">\n\t\t\n<h2><span class=\"thb-slidetype-entry\"><span class=\"lines\">Unsere Brosch\u00fcren<\/span><\/span><\/h2>\n\t\t\t<\/div>\n\n\t[vc_empty_space height=&#8221;30px&#8221;][\/vc_column][\/vc_row][vc_row css=&#8221;.vc_custom_1566799374522{padding-top: 12vh !important;padding-bottom: 12vh !important;}&#8221;][vc_column][vc_row_inner css=&#8221;.vc_custom_1562599903520{padding-right: 6% !important;padding-left: 6% !important;}&#8221;][vc_column_inner width=&#8221;1\/2&#8243;]\t<div id=\"thb-image-69f3ed81168af\" class=\"caption-style2 animation fade-in aligncenter  text-center thb_image_link wp-caption \">\n\t\t\t<a class=\"\" href=\"http:\/\/sitolor.hr\/new\/wp-content\/uploads\/2019\/08\/Kodeks-ponasanja.pdf\" target=\"_blank\" title=\"Preuzmite &quot;Kodeks pona\u0161anja dru\u0161tva Sitolor d.o.o.&quot; (PDF)\" data-thb-group=\"\">\n\t\t\t<div class=\"thb-image-inner size_100\">\n\t\t\t<img width=\"330\" height=\"480\" src=\"data:image\/gif;base64,R0lGODlhAQABAAAAACH5BAEKAAEALAAAAAABAAEAAAICTAEAOw==\" class=\"thb_image    attachment-full thb-lazyload lazyload\" alt=\"\" title=\"sitolor_kodeks_2019_img\" sizes=\"(max-width: 330px) 100vw, 330px\" data-src=\"https:\/\/sitolor.hr\/wp-content\/uploads\/2019\/08\/sitolor_kodeks_2019_img.jpg\" data-sizes=\"auto\" data-srcset=\"https:\/\/sitolor.hr\/wp-content\/uploads\/2019\/08\/sitolor_kodeks_2019_img.jpg 330w, https:\/\/sitolor.hr\/wp-content\/uploads\/2019\/08\/sitolor_kodeks_2019_img-206x300.jpg 206w, https:\/\/sitolor.hr\/wp-content\/uploads\/2019\/08\/sitolor_kodeks_2019_img-190x276.jpg 190w, https:\/\/sitolor.hr\/wp-content\/uploads\/2019\/08\/sitolor_kodeks_2019_img-20x29.jpg 20w\" \/>\t\t\t\t\t<\/div>\n\t\t\t<\/a>\n\t\t\t\t\t<div class=\"thb-image-content\">\n\t\tPreuzmite &#8220;Kodeks pona\u0161anja dru\u0161tva Sitolor d.o.o.&#8221;<br \/>\n<small>(PDF &#8211; 6.6MB)<\/small>\t\t<\/div>\n\t\t\t\t<style>\n\t\t\t\t#thb-image-69f3ed81168af,\n\t\t\t\t#thb-image-69f3ed81168af img {\n\t\t\t\t\tborder-radius: 8;\n\t\t\t\t}\n\t\t<\/style>\n\t\t<\/div>\n\t[\/vc_column_inner][vc_column_inner width=&#8221;1\/2&#8243;]\t<div id=\"thb-image-69f3ed81176e6\" class=\"caption-style2 animation fade-in aligncenter  text-center thb_image_link wp-caption \">\n\t\t\t<a class=\"\" href=\"https:\/\/sitolor.hr\/wp-content\/uploads\/2019\/09\/SitolorBrosura03092019-WEBhrv_compressed.pdf\" target=\"_blank\" title=\"Preuzmite &quot;Kodeks pona\u0161anja dru\u0161tva Sitolor d.o.o.&quot; (PDF)\" data-thb-group=\"\">\n\t\t\t<div class=\"thb-image-inner size_100\">\n\t\t\t<img width=\"330\" height=\"480\" src=\"data:image\/gif;base64,R0lGODlhAQABAAAAACH5BAEKAAEALAAAAAABAAEAAAICTAEAOw==\" class=\"thb_image    attachment-full thb-lazyload lazyload\" alt=\"\" title=\"sitolor_brosura_2019_img\" sizes=\"(max-width: 330px) 100vw, 330px\" data-src=\"https:\/\/sitolor.hr\/wp-content\/uploads\/2019\/08\/sitolor_brosura_2019_img.jpg\" data-sizes=\"auto\" data-srcset=\"https:\/\/sitolor.hr\/wp-content\/uploads\/2019\/08\/sitolor_brosura_2019_img.jpg 330w, https:\/\/sitolor.hr\/wp-content\/uploads\/2019\/08\/sitolor_brosura_2019_img-206x300.jpg 206w, https:\/\/sitolor.hr\/wp-content\/uploads\/2019\/08\/sitolor_brosura_2019_img-190x276.jpg 190w, https:\/\/sitolor.hr\/wp-content\/uploads\/2019\/08\/sitolor_brosura_2019_img-20x29.jpg 20w\" \/>\t\t\t\t\t<\/div>\n\t\t\t<\/a>\n\t\t\t\t\t<div class=\"thb-image-content\">\n\t\tPreuzmite bro\u0161uru &#8220;Sitolor d.o.o.\u00a0 1989-2019&#8221;<br \/>\n<small>(PDF &#8211; 12MB)<\/small>\t\t<\/div>\n\t\t\t\t<style>\n\t\t\t\t#thb-image-69f3ed81176e6,\n\t\t\t\t#thb-image-69f3ed81176e6 img {\n\t\t\t\t\tborder-radius: 8;\n\t\t\t\t}\n\t\t<\/style>\n\t\t<\/div>\n\t[\/vc_column_inner][\/vc_row_inner][\/vc_column][\/vc_row][vc_row thb_full_width=&#8221;true&#8221; thb_row_padding=&#8221;true&#8221; thb_column_padding=&#8221;true&#8221; content_placement=&#8221;middle&#8221;][vc_column width=&#8221;1\/2&#8243; css=&#8221;.vc_custom_1562768972431{padding-top: 30% !important;padding-right: 30% !important;padding-bottom: 30% !important;padding-left: 30% !important;background-image: url(https:\/\/sitolor.hr\/wp-content\/uploads\/2019\/06\/sitolor_gradnja_otvorenje-zagreb_001.jpg?id=1145) !important;background-position: center !important;background-repeat: no-repeat !important;background-size: cover !important;}&#8221; el_class=&#8221;text-center&#8221;][vc_empty_space][\/vc_column][vc_column thb_color=&#8221;thb-light-column&#8221; width=&#8221;1\/2&#8243; css=&#8221;.vc_custom_1562568312978{padding-top: 10% !important;padding-right: 20% !important;padding-bottom: 10% !important;padding-left: 20% !important;background-color: #2e3292 !important;}&#8221; el_class=&#8221;text-center&#8221;][vc_column_text animation=&#8221;animation bottom-to-top&#8221;]\n<h2>Schlie\u00dfen Sie sich unserem Team an<\/h2>\n[\/vc_column_text][vc_column_text animation=&#8221;animation bottom-to-top&#8221;]Wir f\u00f6rdern unsere Besch\u00e4ftigten auf Wachstum und Entwicklung wie pers\u00f6nlich so auch gesch\u00e4ftlich achtend dabei auf h\u00f6chste Standards der Gesch\u00e4ftsintegrit\u00e4t.[\/vc_column_text][vc_empty_space height=&#8221;42px&#8221;]\t<a id=\"thb-button-69f3ed8118475\" class=\"btn style2 large  white no-radius animation bottom-to-top   arrow-enabled\" href=\"https:\/\/sitolor.hr\/hr\/karijera\/\" target=\"_self\" role=\"button\">\n\t\t<span>Karriere<\/span>\n\t<svg xmlns=\"http:\/\/www.w3.org\/2000\/svg\" xmlns:xlink=\"http:\/\/www.w3.org\/1999\/xlink\" x=\"0px\" y=\"0px\"\r\n\t width=\"30px\" height=\"18px\" viewBox=\"0 0 30 18\" enable-background=\"new 0 0 30 18\" xml:space=\"preserve\">\r\n<path class=\"handle\" d=\"M20.305,16.212c-0.407,0.409-0.407,1.071,0,1.479s1.068,0.408,1.476,0l7.914-7.952c0.408-0.409,0.408-1.071,0-1.481\r\n\tl-7.914-7.952c-0.407-0.409-1.068-0.409-1.476,0s-0.407,1.071,0,1.48l7.185,7.221L20.305,16.212z\"\/>\r\n<path class=\"bar\" fill-rule=\"evenodd\" clip-rule=\"evenodd\" d=\"M1,8h28.001c0.551,0,1,0.448,1,1c0,0.553-0.449,1-1,1H1c-0.553,0-1-0.447-1-1\r\n\tC0,8.448,0.447,8,1,8z\"\/>\r\n<\/svg>\r\n\t\t<\/a>\n\t\t[\/vc_column][\/vc_row]\n","protected":false},"excerpt":{"rendered":"<p>[vc_row thb_full_width=&#8221;true&#8221; thb_row_padding=&#8221;true&#8221; thb_column_padding=&#8221;true&#8221; content_placement=&#8221;middle&#8221;][vc_column thb_color=&#8221;thb-light-column&#8221; width=&#8221;1\/2&#8243; css=&#8221;.vc_custom_1562569080822{padding-top: 10% !important;padding-right: 20% !important;padding-bottom: 10% !important;padding-left: 20% !important;background-color: #2e3292 !important;}&#8221;][vc_empty_space height=&#8221;62px&#8221;][vc_column_text animation=&#8221;animation fade-in&#8221;] Verl\u00e4sslicher Partner f\u00fcr Ausbau, Sanierung und Rekonstruktion von Ingenieurkonstruktionen und f\u00fcr Ausf\u00fchrung von Baut\u00e4tigkeiten [\/vc_column_text][vc_empty_space height=&#8221;12px&#8221;][\/vc_column][vc_column width=&#8221;1\/2&#8243; css=&#8221;.vc_custom_1563442753729{padding-top: 30% !important;padding-right: 30% !important;padding-bottom: 30% !important;padding-left: 30% !important;background-image: url(https:\/\/sitolor.hr\/wp-content\/uploads\/2019\/07\/sitolor-radnici-gradnja-1366.jpg?id=2646) !important;background-position: center !important;background-repeat: no-repeat !important;background-size: cover !important;}&#8221;&hellip;<\/p>\n","protected":false},"author":5,"featured_media":2642,"parent":0,"menu_order":0,"comment_status":"closed","ping_status":"closed","template":"","meta":[],"categories":[],"tags":[],"_links":{"self":[{"href":"https:\/\/sitolor.hr\/hr\/wp-json\/wp\/v2\/pages\/4358"}],"collection":[{"href":"https:\/\/sitolor.hr\/hr\/wp-json\/wp\/v2\/pages"}],"about":[{"href":"https:\/\/sitolor.hr\/hr\/wp-json\/wp\/v2\/types\/page"}],"author":[{"embeddable":true,"href":"https:\/\/sitolor.hr\/hr\/wp-json\/wp\/v2\/users\/5"}],"replies":[{"embeddable":true,"href":"https:\/\/sitolor.hr\/hr\/wp-json\/wp\/v2\/comments?post=4358"}],"version-history":[{"count":3,"href":"https:\/\/sitolor.hr\/hr\/wp-json\/wp\/v2\/pages\/4358\/revisions"}],"predecessor-version":[{"id":4362,"href":"https:\/\/sitolor.hr\/hr\/wp-json\/wp\/v2\/pages\/4358\/revisions\/4362"}],"wp:featuredmedia":[{"embeddable":true,"href":"https:\/\/sitolor.hr\/hr\/wp-json\/wp\/v2\/media\/2642"}],"wp:attachment":[{"href":"https:\/\/sitolor.hr\/hr\/wp-json\/wp\/v2\/media?parent=4358"}],"wp:term":[{"taxonomy":"category","embeddable":true,"href":"https:\/\/sitolor.hr\/hr\/wp-json\/wp\/v2\/categories?post=4358"},{"taxonomy":"post_tag","embeddable":true,"href":"https:\/\/sitolor.hr\/hr\/wp-json\/wp\/v2\/tags?post=4358"}],"curies":[{"name":"wp","href":"https:\/\/api.w.org\/{rel}","templated":true}]}}